{"id":751291,"date":"2025-08-28T04:45:10","date_gmt":"2025-08-28T01:45:10","guid":{"rendered":"https:\/\/roveyayinevi.com.tr\/index.php\/urun\/ani-kumbarasi\/"},"modified":"2026-04-16T03:04:43","modified_gmt":"2026-04-16T00:04:43","slug":"ani-kumbarasi","status":"publish","type":"product","link":"https:\/\/roveyayinevi.com.tr\/index.php\/urun\/ani-kumbarasi\/","title":{"rendered":"An\u0131 Kumbaras\u0131"},"content":{"rendered":"<p>\u0130\u015fte kumbaram\u0131zdakilerin bir k\u0131sm\u0131\u2026 Kumbaralar\u0131m\u0131z\u0131n her kilidini a\u00e7t\u0131\u011f\u0131m\u0131zda d\u00f6k\u00fclecek c\u00fcmlelerinin ucu buca\u011f\u0131 olmayaca\u011f\u0131 bir a\u015fik\u00e2r. Bu anlatt\u0131klar\u0131m\u0131zdan veya anlatamad\u0131klar\u0131m\u0131zdan herhangi birini bile yaparken her s\u0131cac\u0131k g\u00fcl\u00fc\u015f, bir umut oluyor bizlere. I\u015f\u0131klar s\u00fcz\u00fcl\u00fcyor yar\u0131nlara a\u00e7\u0131lan pencerelerden. \u00c7ocuklar\u0131m\u0131z\u0131n her birinin, att\u0131\u011f\u0131 ad\u0131m onlarca an\u0131yla dolduruyor kumbaram\u0131z\u0131. Ve biz kumbaram\u0131z\u0131 her a\u00e7\u0131p bakt\u0131\u011f\u0131m\u0131zda, g\u00fcn be g\u00fcn ne kadar zenginle\u015fti\u011fimizi anl\u0131yoruz. <\/p>\n","protected":false},"excerpt":{"rendered":"<p>\u0130\u015fte kumbaram\u0131zdakilerin bir k\u0131sm\u0131\u2026 Kumbaralar\u0131m\u0131z\u0131n her kilidini a\u00e7t\u0131\u011f\u0131m\u0131zda d\u00f6k\u00fclecek c\u00fcmlelerinin ucu buca\u011f\u0131 olmayaca\u011f\u0131 bir a\u015fik\u00e2r. Bu anlatt\u0131klar\u0131m\u0131zdan veya anlatamad\u0131klar\u0131m\u0131zdan herhangi birini bile yaparken her s\u0131cac\u0131k g\u00fcl\u00fc\u015f,<span class=\"excerpt-hellip\"> [\u2026]<\/span><\/p>\n","protected":false},"featured_media":0,"template":"","meta":{"_monsterinsights_skip_tracking":false,"_monsterinsights_sitenote_active":false,"_monsterinsights_sitenote_note":"","_monsterinsights_sitenote_category":0},"product_brand":[],"product_cat":[13701,12291],"product_tag":[],"class_list":{"0":"post-751291","1":"product","2":"type-product","3":"status-publish","5":"product_cat-ani-mektup-gunluk","6":"product_cat-edebiyat","7":"pa_cilt-ciltsiz","8":"pa_tur-kitap","9":"pa_yayinevi-us-yayinlari","10":"pa_yazar-kolektif","12":"first","13":"instock","14":"sale","15":"shipping-taxable","16":"purchasable","17":"product-type-simple"},"_links":{"self":[{"href":"https:\/\/roveyayinevi.com.tr\/index.php\/wp-json\/wp\/v2\/product\/751291","targetHints":{"allow":["GET"]}}],"collection":[{"href":"https:\/\/roveyayinevi.com.tr\/index.php\/wp-json\/wp\/v2\/product"}],"about":[{"href":"https:\/\/roveyayinevi.com.tr\/index.php\/wp-json\/wp\/v2\/types\/product"}],"wp:attachment":[{"href":"https:\/\/roveyayinevi.com.tr\/index.php\/wp-json\/wp\/v2\/media?parent=751291"}],"wp:term":[{"taxonomy":"product_brand","embeddable":true,"href":"https:\/\/roveyayinevi.com.tr\/index.php\/wp-json\/wp\/v2\/product_brand?post=751291"},{"taxonomy":"product_cat","embeddable":true,"href":"https:\/\/roveyayinevi.com.tr\/index.php\/wp-json\/wp\/v2\/product_cat?post=751291"},{"taxonomy":"product_tag","embeddable":true,"href":"https:\/\/roveyayinevi.com.tr\/index.php\/wp-json\/wp\/v2\/product_tag?post=751291"}],"curies":[{"name":"wp","href":"https:\/\/api.w.org\/{rel}","templated":true}]}}