{"id":751290,"date":"2025-08-28T04:45:09","date_gmt":"2025-08-28T01:45:09","guid":{"rendered":"https:\/\/roveyayinevi.com.tr\/index.php\/urun\/zaman-icinde-muzik\/"},"modified":"2026-04-16T03:04:43","modified_gmt":"2026-04-16T00:04:43","slug":"zaman-icinde-muzik","status":"publish","type":"product","link":"https:\/\/roveyayinevi.com.tr\/index.php\/urun\/zaman-icinde-muzik\/","title":{"rendered":"Zaman \u0130\u00e7inde M\u00fczik"},"content":{"rendered":"<p>Zaman \u0130\u00e7inde M\u00fczik kitab\u0131n\u0131, geni\u015fletilmi\u015f bir bask\u0131yla okurlar\u0131m\u0131za yeniden sunman\u0131n mutlulu\u011fu i\u00e7indeyiz. Son olarak 2013\u2019de yap\u0131lan 10. bask\u0131 k\u0131sa zamanda t\u00fckenmi\u015fti. Elinizdeki 11. bask\u0131, on y\u0131ll\u0131k bir aradan sonra, yeni teknolojik geli\u015fmeler ve karekod uygulamas\u0131yla sunulan m\u00fczik \u00f6rneklerini, yeni bestecileri, yeni yap\u0131tlar\u0131 da i\u00e7eriyor. \u0130lk \u00e7a\u011flardan 2023\u2019e dek uzanan bir m\u00fczik panoramas\u0131 sizi bekliyor. D\u00fcnyan\u0131n oldu\u011fu kadar \u00fclkemizin de \u00f6nemli bestecilerinin m\u00fczi\u011fini dinleyeceksiniz, d\u00fcnyan\u0131n ba\u015fkentlerinde sesini duyuran gencecik bestecilerimizle tan\u0131\u015facaks\u0131n\u0131z. O gen\u00e7 besteciler ki bu kitab\u0131n y\u0131llar \u00f6nceki ilk bask\u0131lar\u0131yla m\u00fczik tarihindeki yolculuklar\u0131na \u00e7\u0131km\u0131\u015flar. Onlar\u0131n besteledikleri yap\u0131tlar ger\u00e7ek\u00e7i ba\u015fl\u0131klar ta\u015f\u0131yor: \u00d6rne\u011fin Utku A\u015furo\u011flu\u2019ndan \u201cBir Asfalt \u00c7al\u0131\u015fmas\u0131 \u00dczerine Be\u015f Varyasyon\u201d; Selim G\u00f6nc\u00fc\u2019den \u201cOpus Fictum\u201d gibi. Zaman dizinlerinde m\u00fczik d\u00fcnyas\u0131na ko\u015fut olarak toplumsal olaylar\u0131; edebiyat, resim, heykel, felsefe ve mimarl\u0131k gibi dallar\u0131n ayn\u0131 d\u00f6nemdeki sanat\u00e7\u0131lar\u0131n\u0131 ve ak\u0131mlar\u0131n\u0131 tan\u0131yacaks\u0131n\u0131z. En yal\u0131n teknikten en karma\u015f\u0131k dokuya kadar Klasik Bat\u0131 M\u00fczi\u011fi\u2019nin bin y\u0131l\u0131 a\u015fk\u0131n yolculu\u011funu, di\u011fer sanat dallar\u0131yla al\u0131\u015fveri\u015fini ve toplumsal olaylarla evrilmesini izleyeceksiniz.<\/p>\n","protected":false},"excerpt":{"rendered":"<p>Zaman \u0130\u00e7inde M\u00fczik kitab\u0131n\u0131, geni\u015fletilmi\u015f bir bask\u0131yla okurlar\u0131m\u0131za yeniden sunman\u0131n mutlulu\u011fu i\u00e7indeyiz. Son olarak 2013\u2019de yap\u0131lan 10. bask\u0131 k\u0131sa zamanda t\u00fckenmi\u015fti. Elinizdeki 11. bask\u0131, on y\u0131ll\u0131k<span class=\"excerpt-hellip\"> [\u2026]<\/span><\/p>\n","protected":false},"featured_media":0,"template":"","meta":{"_monsterinsights_skip_tracking":false,"_monsterinsights_sitenote_active":false,"_monsterinsights_sitenote_note":"","_monsterinsights_sitenote_category":0},"product_brand":[],"product_cat":[14556],"product_tag":[],"class_list":{"0":"post-751290","1":"product","2":"type-product","3":"status-publish","5":"product_cat-muzik","6":"pa_cilt-ciltsiz","7":"pa_tur-kitap","8":"pa_yayinevi-remzi-kitabevi","9":"pa_yazar-evin-ilyasoglu","11":"first","12":"instock","13":"sale","14":"shipping-taxable","15":"purchasable","16":"product-type-simple"},"_links":{"self":[{"href":"https:\/\/roveyayinevi.com.tr\/index.php\/wp-json\/wp\/v2\/product\/751290","targetHints":{"allow":["GET"]}}],"collection":[{"href":"https:\/\/roveyayinevi.com.tr\/index.php\/wp-json\/wp\/v2\/product"}],"about":[{"href":"https:\/\/roveyayinevi.com.tr\/index.php\/wp-json\/wp\/v2\/types\/product"}],"wp:attachment":[{"href":"https:\/\/roveyayinevi.com.tr\/index.php\/wp-json\/wp\/v2\/media?parent=751290"}],"wp:term":[{"taxonomy":"product_brand","embeddable":true,"href":"https:\/\/roveyayinevi.com.tr\/index.php\/wp-json\/wp\/v2\/product_brand?post=751290"},{"taxonomy":"product_cat","embeddable":true,"href":"https:\/\/roveyayinevi.com.tr\/index.php\/wp-json\/wp\/v2\/product_cat?post=751290"},{"taxonomy":"product_tag","embeddable":true,"href":"https:\/\/roveyayinevi.com.tr\/index.php\/wp-json\/wp\/v2\/product_tag?post=751290"}],"curies":[{"name":"wp","href":"https:\/\/api.w.org\/{rel}","templated":true}]}}