{"id":751287,"date":"2025-08-28T04:45:04","date_gmt":"2025-08-28T01:45:04","guid":{"rendered":"https:\/\/roveyayinevi.com.tr\/index.php\/urun\/seni-sevmeme-bes-dakika-kalmisti-2\/"},"modified":"2026-04-16T03:04:43","modified_gmt":"2026-04-16T00:04:43","slug":"seni-sevmeme-bes-dakika-kalmisti-2","status":"publish","type":"product","link":"https:\/\/roveyayinevi.com.tr\/index.php\/urun\/seni-sevmeme-bes-dakika-kalmisti-2\/","title":{"rendered":"Seni Sevmeme Be\u015f Dakika Kalm\u0131\u015ft\u0131"},"content":{"rendered":"<p>Zaman bir b\u0131\u00e7ak gibi kesiyor duygular\u0131m\u0131 Ne olur deme bana ne olur Tarihi ge\u00e7mi\u015f bir dil olursak k\u00fcflenmi\u015f ekmek gibi kal\u0131r\u0131zE\u011fer ille de gitmek dersen Benden gitmek Suyu kurumu\u015f bir \u0131rma\u011f\u0131n ac\u0131s\u0131na g\u00fclmek gibidir<\/p>\n","protected":false},"excerpt":{"rendered":"<p>Zaman bir b\u0131\u00e7ak gibi kesiyor duygular\u0131m\u0131 Ne olur deme bana ne olur Tarihi ge\u00e7mi\u015f bir dil olursak k\u00fcflenmi\u015f ekmek gibi kal\u0131r\u0131zE\u011fer ille de gitmek dersen Benden<span class=\"excerpt-hellip\"> [\u2026]<\/span><\/p>\n","protected":false},"featured_media":0,"template":"","meta":{"_monsterinsights_skip_tracking":false,"_monsterinsights_sitenote_active":false,"_monsterinsights_sitenote_note":"","_monsterinsights_sitenote_category":0},"product_brand":[],"product_cat":[12291,12509],"product_tag":[],"class_list":{"0":"post-751287","1":"product","2":"type-product","3":"status-publish","5":"product_cat-edebiyat","6":"product_cat-siir","7":"pa_cilt-ciltsiz","8":"pa_tur-kitap","9":"pa_yayinevi-kuytu-yayinlari","10":"pa_yazar-murat-kayis","12":"first","13":"instock","14":"sale","15":"shipping-taxable","16":"purchasable","17":"product-type-simple"},"_links":{"self":[{"href":"https:\/\/roveyayinevi.com.tr\/index.php\/wp-json\/wp\/v2\/product\/751287","targetHints":{"allow":["GET"]}}],"collection":[{"href":"https:\/\/roveyayinevi.com.tr\/index.php\/wp-json\/wp\/v2\/product"}],"about":[{"href":"https:\/\/roveyayinevi.com.tr\/index.php\/wp-json\/wp\/v2\/types\/product"}],"wp:attachment":[{"href":"https:\/\/roveyayinevi.com.tr\/index.php\/wp-json\/wp\/v2\/media?parent=751287"}],"wp:term":[{"taxonomy":"product_brand","embeddable":true,"href":"https:\/\/roveyayinevi.com.tr\/index.php\/wp-json\/wp\/v2\/product_brand?post=751287"},{"taxonomy":"product_cat","embeddable":true,"href":"https:\/\/roveyayinevi.com.tr\/index.php\/wp-json\/wp\/v2\/product_cat?post=751287"},{"taxonomy":"product_tag","embeddable":true,"href":"https:\/\/roveyayinevi.com.tr\/index.php\/wp-json\/wp\/v2\/product_tag?post=751287"}],"curies":[{"name":"wp","href":"https:\/\/api.w.org\/{rel}","templated":true}]}}