{"id":751286,"date":"2025-08-28T04:45:02","date_gmt":"2025-08-28T01:45:02","guid":{"rendered":"https:\/\/roveyayinevi.com.tr\/index.php\/urun\/kucuk-kasif\/"},"modified":"2026-04-16T03:04:43","modified_gmt":"2026-04-16T00:04:43","slug":"kucuk-kasif","status":"publish","type":"product","link":"https:\/\/roveyayinevi.com.tr\/index.php\/urun\/kucuk-kasif\/","title":{"rendered":"K\u00fc\u00e7\u00fck Ka\u015fif"},"content":{"rendered":"<p>&#8220;Burak yata\u011f\u0131na oturup, yeni kitab\u0131n\u0131 eline ald\u0131 ilk sayfay\u0131 a\u00e7\u0131nca b\u00fcc\u00fcr g\u00fcl\u00fcmseyerek, \u201cAllah\u2019\u0131n ilk emri oku!\u201d diye ba\u015flad\u0131 anlatmaya. Daha sonra i\u00e7inde yaz\u0131lan g\u00fczel hik\u00e2yeleri zevkle anlatmaya ba\u015flad\u0131 k\u00fc\u00e7\u00fck dostuna. Burak ise onun i\u00e7indeki g\u00fczel hik\u00e2yeleri sesiz biz \u015fekilde heyecanla dinliyordu.&#8221; 4 \u2013 7 ya\u015f aras\u0131, pedagog tavsiyeli, de\u011ferler e\u011fitimi\u2026<\/p>\n","protected":false},"excerpt":{"rendered":"<p>&#8220;Burak yata\u011f\u0131na oturup, yeni kitab\u0131n\u0131 eline ald\u0131 ilk sayfay\u0131 a\u00e7\u0131nca b\u00fcc\u00fcr g\u00fcl\u00fcmseyerek, \u201cAllah\u2019\u0131n ilk emri oku!\u201d diye ba\u015flad\u0131 anlatmaya. Daha sonra i\u00e7inde yaz\u0131lan g\u00fczel hik\u00e2yeleri zevkle<span class=\"excerpt-hellip\"> [\u2026]<\/span><\/p>\n","protected":false},"featured_media":0,"template":"","meta":{"_monsterinsights_skip_tracking":false,"_monsterinsights_sitenote_active":false,"_monsterinsights_sitenote_note":"","_monsterinsights_sitenote_category":0},"product_brand":[],"product_cat":[12274,15842],"product_tag":[],"class_list":{"0":"post-751286","1":"product","2":"type-product","3":"status-publish","5":"product_cat-cocuk-ve-genclik-kitaplari","6":"product_cat-egitici-kitaplar","7":"pa_cilt-ciltsiz","8":"pa_tur-kitap","9":"pa_yayinevi-kuytu-yayinlari","10":"pa_yazar-yasemin-elvan-sahin","12":"first","13":"instock","14":"sale","15":"shipping-taxable","16":"purchasable","17":"product-type-simple"},"_links":{"self":[{"href":"https:\/\/roveyayinevi.com.tr\/index.php\/wp-json\/wp\/v2\/product\/751286","targetHints":{"allow":["GET"]}}],"collection":[{"href":"https:\/\/roveyayinevi.com.tr\/index.php\/wp-json\/wp\/v2\/product"}],"about":[{"href":"https:\/\/roveyayinevi.com.tr\/index.php\/wp-json\/wp\/v2\/types\/product"}],"wp:attachment":[{"href":"https:\/\/roveyayinevi.com.tr\/index.php\/wp-json\/wp\/v2\/media?parent=751286"}],"wp:term":[{"taxonomy":"product_brand","embeddable":true,"href":"https:\/\/roveyayinevi.com.tr\/index.php\/wp-json\/wp\/v2\/product_brand?post=751286"},{"taxonomy":"product_cat","embeddable":true,"href":"https:\/\/roveyayinevi.com.tr\/index.php\/wp-json\/wp\/v2\/product_cat?post=751286"},{"taxonomy":"product_tag","embeddable":true,"href":"https:\/\/roveyayinevi.com.tr\/index.php\/wp-json\/wp\/v2\/product_tag?post=751286"}],"curies":[{"name":"wp","href":"https:\/\/api.w.org\/{rel}","templated":true}]}}