{"id":751281,"date":"2025-08-28T04:44:53","date_gmt":"2025-08-28T01:44:53","guid":{"rendered":"https:\/\/roveyayinevi.com.tr\/index.php\/urun\/taktiksel-oyun-modeli-futsal-ogretimi\/"},"modified":"2026-04-16T03:04:42","modified_gmt":"2026-04-16T00:04:42","slug":"taktiksel-oyun-modeli-futsal-ogretimi","status":"publish","type":"product","link":"https:\/\/roveyayinevi.com.tr\/index.php\/urun\/taktiksel-oyun-modeli-futsal-ogretimi\/","title":{"rendered":"Taktiksel Oyun Modeli Futsal \u00d6\u011fretimi"},"content":{"rendered":"<p>\u0130\u00e7indekiler     \u0130\u00c7\u0130NDEK\u0130LER TABLOLAR L\u0130STES\u0130 \u015eEK\u0130LLER L\u0130STES\u0130 KISALTMALAR L\u0130STES\u0130 G\u0130R\u0130\u015e Problem Durumu Alt Problemler Ara\u015ft\u0131rman\u0131n Amac\u0131 Ara\u015ft\u0131rman\u0131n \u00d6nemi Say\u0131lt\u0131lar S\u0131n\u0131rl\u0131l\u0131klar Tan\u0131mlar GENEL B\u0130LG\u0130LER Beden E\u011fitimi ve Spor \u00d6\u011fretimi Beden E\u011fimi ve Sporda Oyun \u00d6\u011fretimi Yap\u0131land\u0131rmac\u0131 \u00d6\u011fretim Teorisi Oyun Merkezli Yakla\u015f\u0131m Taktiksel Oyun Modeli Taktiksel Oyun Modeli Geli\u015fim S\u00fcreci Taktiksel Oyun Modeli Yap\u0131s\u0131 Taktiksel Oyun Modeli ile Spor \u00d6\u011fretimi Futsal Oyununa Genel Bak\u0131\u015f K\u0131sa Tarih\u00e7e Oyun Yap\u0131s\u0131 Futsal \u00d6\u011fretimi Futsal ve Taktiksel Oyun Modeli Y\u00d6NTEM Ara\u015ft\u0131rman\u0131n Modeli \u00c7al\u0131\u015fma Grubu Veri Toplama Teknikleri Fiziksel Uygunluk Testleri Boy ve V\u00fccut Kompozisyonu \u00d6l\u00e7\u00fcm\u00fc Esneklik \u00d6l\u00e7\u00fcm\u00fc Kassal Kuvvet ve Dayan\u0131kl\u0131l\u0131k \u00d6l\u00e7\u00fcmleri Aerobik Kapasite \u00d6l\u00e7\u00fcm\u00fc Motor Performans Testleri 10 metre ve 30 metre S\u00fcrat Testleri \u00c7eviklik Testi Futsal Ba\u015far\u0131 Testi Futsal Ba\u015far\u0131 Testi Geli\u015ftirme S\u00fcreci Psikomotor Beceri G\u00f6zlem Formlar\u0131 Oyun Performans\u0131 De\u011ferlendirme \u00d6l\u00e7e\u011fi Video Kay\u0131t G\u00f6r\u00fcnt\u00fclerinin Al\u0131nmas\u0131 Veri Toplama \u0130\u015flem S\u00fcreci Uygulama Grubu \u0130\u015flem S\u00fcreci Kontrol Grubu \u0130\u015flem S\u00fcreci Verilerin Analizi BULGULAR Bili\u015fsel Alana \u0130li\u015fkin Bulgular ve Yorumlar Uygulama Grubu Bili\u015fsel Alana \u0130li\u015fkin Bulgular Kontrol Grubu Bili\u015fsel Alana \u0130li\u015fkin Bulgular Uygulama ve Kontrol Gruplar\u0131 Bili\u015fsel Alan Eri\u015fi D\u00fczeylerine Ait Bulgular Psikomotor Alana Ait Bulgular ve Yorumlar Uygulama Grubu Psikomotor Alana \u0130li\u015fkin Bulgular Kontrol Grubu Psikomotor Alana \u0130li\u015fkin Bulgular Uygulama ve Kontrol Gruplar\u0131 Psikomotor Alan Eri\u015fi D\u00fczeylerine Ait Bulgular Oyun Performans\u0131na Ait Bulgular ve Yorumlar Uygulama Grubu H\u00fccum Oyun Performans\u0131na \u0130li\u015fkin Bulgular Uygulama Grubu Savunma Oyun Performans\u0131na \u0130li\u015fkin Bulgular Uygulama Grubu Genel Oyun Performans\u0131na \u0130li\u015fkin Bulgular Kontrol Grubu H\u00fccum Oyun Performans\u0131na \u0130li\u015fkin Bulgular Kontrol Grubu Savunma Oyun Performans\u0131na \u0130li\u015fkin Bulgular Kontrol Grubu Genel Oyun Performans\u0131na \u0130li\u015fkin Bulgular Gruplar\u0131n\u0131n Oyun Performanslar\u0131n\u0131n Kar\u015f\u0131la\u015ft\u0131r\u0131lmas\u0131na \u0130li\u015fkin Bulgular SONU\u00c7 VE TARTI\u015eMA \u00d6neriler KAYNAKLAR EKLER <\/p>\n","protected":false},"excerpt":{"rendered":"<p>\u0130\u00e7indekiler \u0130\u00c7\u0130NDEK\u0130LER TABLOLAR L\u0130STES\u0130 \u015eEK\u0130LLER L\u0130STES\u0130 KISALTMALAR L\u0130STES\u0130 G\u0130R\u0130\u015e Problem Durumu Alt Problemler Ara\u015ft\u0131rman\u0131n Amac\u0131 Ara\u015ft\u0131rman\u0131n \u00d6nemi Say\u0131lt\u0131lar S\u0131n\u0131rl\u0131l\u0131klar Tan\u0131mlar GENEL B\u0130LG\u0130LER Beden E\u011fitimi ve Spor<span class=\"excerpt-hellip\"> [\u2026]<\/span><\/p>\n","protected":false},"featured_media":0,"template":"","meta":{"_monsterinsights_skip_tracking":false,"_monsterinsights_sitenote_active":false,"_monsterinsights_sitenote_note":"","_monsterinsights_sitenote_category":0},"product_brand":[],"product_cat":[15563,15564],"product_tag":[],"class_list":{"0":"post-751281","1":"product","2":"type-product","3":"status-publish","5":"product_cat-hobi","6":"product_cat-spor","7":"pa_cilt-ciltsiz","8":"pa_tur-kitap","9":"pa_yayinevi-gazi-kitabevi","10":"pa_yazar-sumer-alvurdu","12":"first","13":"instock","14":"sale","15":"shipping-taxable","16":"purchasable","17":"product-type-simple"},"_links":{"self":[{"href":"https:\/\/roveyayinevi.com.tr\/index.php\/wp-json\/wp\/v2\/product\/751281","targetHints":{"allow":["GET"]}}],"collection":[{"href":"https:\/\/roveyayinevi.com.tr\/index.php\/wp-json\/wp\/v2\/product"}],"about":[{"href":"https:\/\/roveyayinevi.com.tr\/index.php\/wp-json\/wp\/v2\/types\/product"}],"wp:attachment":[{"href":"https:\/\/roveyayinevi.com.tr\/index.php\/wp-json\/wp\/v2\/media?parent=751281"}],"wp:term":[{"taxonomy":"product_brand","embeddable":true,"href":"https:\/\/roveyayinevi.com.tr\/index.php\/wp-json\/wp\/v2\/product_brand?post=751281"},{"taxonomy":"product_cat","embeddable":true,"href":"https:\/\/roveyayinevi.com.tr\/index.php\/wp-json\/wp\/v2\/product_cat?post=751281"},{"taxonomy":"product_tag","embeddable":true,"href":"https:\/\/roveyayinevi.com.tr\/index.php\/wp-json\/wp\/v2\/product_tag?post=751281"}],"curies":[{"name":"wp","href":"https:\/\/api.w.org\/{rel}","templated":true}]}}