{"id":751278,"date":"2025-08-28T04:44:48","date_gmt":"2025-08-28T01:44:48","guid":{"rendered":"https:\/\/roveyayinevi.com.tr\/index.php\/urun\/denize-dogru-konusmalar\/"},"modified":"2026-04-16T03:04:42","modified_gmt":"2026-04-16T00:04:42","slug":"denize-dogru-konusmalar","status":"publish","type":"product","link":"https:\/\/roveyayinevi.com.tr\/index.php\/urun\/denize-dogru-konusmalar\/","title":{"rendered":"Denize Do\u011fru Konu\u015fmalar"},"content":{"rendered":"<p>Biliyor musun deniz\u00dc\u00e7 be\u015f kelimeyi yan yana yaz\u0131yorumOna \u201c\u015fiir\u201d diyorlarBana da \u201c\u015fair\u201dNas\u0131l mutlu oluyorlar Bu kadar kolay m\u0131 \u201c\u015fair\u201d olmak Bu kadar kolay m\u0131 \u201cmutlu\u201d olmakBilsem mutlu edecekOdun\u2019a de\u011fil Kendime yazard\u0131m\u2026<\/p>\n","protected":false},"excerpt":{"rendered":"<p>Biliyor musun deniz\u00dc\u00e7 be\u015f kelimeyi yan yana yaz\u0131yorumOna \u201c\u015fiir\u201d diyorlarBana da \u201c\u015fair\u201dNas\u0131l mutlu oluyorlar Bu kadar kolay m\u0131 \u201c\u015fair\u201d olmak Bu kadar kolay m\u0131 \u201cmutlu\u201d olmakBilsem<span class=\"excerpt-hellip\"> [\u2026]<\/span><\/p>\n","protected":false},"featured_media":0,"template":"","meta":{"_monsterinsights_skip_tracking":false,"_monsterinsights_sitenote_active":false,"_monsterinsights_sitenote_note":"","_monsterinsights_sitenote_category":0},"product_brand":[],"product_cat":[12291,12509],"product_tag":[],"class_list":{"0":"post-751278","1":"product","2":"type-product","3":"status-publish","5":"product_cat-edebiyat","6":"product_cat-siir","7":"pa_cilt-ciltsiz","8":"pa_tur-kitap","9":"pa_yayinevi-vaveyla-yayincilik","10":"pa_yazar-zafer-yildirim","12":"first","13":"instock","14":"sale","15":"shipping-taxable","16":"purchasable","17":"product-type-simple"},"_links":{"self":[{"href":"https:\/\/roveyayinevi.com.tr\/index.php\/wp-json\/wp\/v2\/product\/751278","targetHints":{"allow":["GET"]}}],"collection":[{"href":"https:\/\/roveyayinevi.com.tr\/index.php\/wp-json\/wp\/v2\/product"}],"about":[{"href":"https:\/\/roveyayinevi.com.tr\/index.php\/wp-json\/wp\/v2\/types\/product"}],"wp:attachment":[{"href":"https:\/\/roveyayinevi.com.tr\/index.php\/wp-json\/wp\/v2\/media?parent=751278"}],"wp:term":[{"taxonomy":"product_brand","embeddable":true,"href":"https:\/\/roveyayinevi.com.tr\/index.php\/wp-json\/wp\/v2\/product_brand?post=751278"},{"taxonomy":"product_cat","embeddable":true,"href":"https:\/\/roveyayinevi.com.tr\/index.php\/wp-json\/wp\/v2\/product_cat?post=751278"},{"taxonomy":"product_tag","embeddable":true,"href":"https:\/\/roveyayinevi.com.tr\/index.php\/wp-json\/wp\/v2\/product_tag?post=751278"}],"curies":[{"name":"wp","href":"https:\/\/api.w.org\/{rel}","templated":true}]}}