{"id":751275,"date":"2025-08-28T04:44:43","date_gmt":"2025-08-28T01:44:43","guid":{"rendered":"https:\/\/roveyayinevi.com.tr\/index.php\/urun\/insani-insan-yapan-nedir\/"},"modified":"2026-04-16T03:04:42","modified_gmt":"2026-04-16T00:04:42","slug":"insani-insan-yapan-nedir","status":"publish","type":"product","link":"https:\/\/roveyayinevi.com.tr\/index.php\/urun\/insani-insan-yapan-nedir\/","title":{"rendered":"\u0130nsan\u0131 \u0130nsan Yapan\u2008Nedir?"},"content":{"rendered":"<p>\u201c\u00c7ocukluktan yeti\u015fkinli\u011fe, be\u015ferlikten insan olmaya do\u011fru evrilmek i\u00e7in, \u00f6l\u00fcm fikriyle y\u00fczle\u015fmek ve varl\u0131k zeminindeki bu bilinmezli\u011fi kabul etmek gerekir. Tasavvuf d\u00fc\u015f\u00fcncesindeki \u2018\u00f6lmeden \u00f6nce \u00f6lmek\u2019 ilkesi, bu imk\u00e2n\u0131 i\u015faret eder. \u00d6lmeden \u00f6nce \u00f6lmek, \u00f6l\u00fcml\u00fcl\u00fck ilkesinin eninde sonunda elimizden alaca\u011f\u0131, m\u00fclkiyetimizde olmayan \u015feyler hakk\u0131ndaki m\u00fclkiyet iddiam\u0131zdan vazge\u00e7mektir. Bu ilke bizi iradesiz ve ama\u00e7s\u0131z bir ya\u015fama g\u00f6t\u00fcrmez. Aksine, i\u00e7inde ya\u015fad\u0131\u011f\u0131m\u0131z an i\u00e7inde neyin korunmaya, neyin b\u0131rak\u0131lmaya uygun ve de\u011ferli oldu\u011funu ay\u0131rt etme imk\u00e2n\u0131n\u0131 getirir. \u00d6mr\u00fc bitmi\u015f olan\u0131 teslim edip, \u015fimdi geleni kabul etmenin yolunu a\u00e7ar.\u201d  Fidan Terzio\u011flu \u201c\u0130nsan\u0131 insan yapan nedir?\u201d sorusunun pe\u015finde, sinema tarihinde derin iz b\u0131rakm\u0131\u015f yedi \u00f6nemli yapay zek\u00e2 filmine tasavvufun g\u00f6z\u00fcyle bakarak bizi bir yolculu\u011fa \u00e7a\u011f\u0131r\u0131yor: Bilmedi\u011fimiz, arzulad\u0131\u011f\u0131m\u0131z, istemedi\u011fimiz \u00f6tekilikleri g\u00f6rebilmek, izleyebilmek ve d\u00f6n\u00fc\u015ft\u00fcrebilmek i\u00e7in. Hayat\u0131n kayna\u011f\u0131n\u0131n bilmedi\u011fimizi dahi bilmedi\u011fimiz ve\u00e7helerinde oldu\u011funu fark etmek i\u00e7in. \u0130nsan\u0131n kendisi ile \u00f6teki aras\u0131nda kurdu\u011fu ili\u015fkiler hakk\u0131nda bu kitap. \u00d6teki yabanc\u0131d\u0131r, d\u0131\u015far\u0131dakidir, bizden olmayand\u0131r; bilinmeyen, tan\u0131mlanamaz ve denetlenemez oland\u0131r. Bilinmezli\u011fin i\u00e7erdi\u011fi bilgi ve deneyim i\u00e7in, bildi\u011fimiz s\u0131n\u0131rlar\u0131n geni\u015flemesi i\u00e7in ve bu s\u0131n\u0131rlardan \u00f6zg\u00fcrle\u015fmek i\u00e7in s\u00fcregiden bir arzu duyar\u0131z. Bu ke\u015fif arzusu ve merak geli\u015fmemizi, yeni bilgilere ve kavray\u0131\u015flara a\u00e7\u0131lmam\u0131z\u0131 sa\u011flayan en \u00f6nemli itkimizdir. \u0130\u00e7inden \u00e7\u0131k\u0131lmas\u0131 g\u00fc\u00e7 g\u00f6r\u00fcnen bir ili\u015fkiler kav\u015fa\u011f\u0131nda yeni a\u00e7\u0131l\u0131mlar bulmak, yeni c\u00fcmlelerle konu\u015fmak, yeni fikirler olu\u015fturmak ve bu fikirleri dayan\u0131\u015fma i\u00e7inde eyleme d\u00f6n\u00fc\u015ft\u00fcrebilmek i\u00e7in. <\/p>\n","protected":false},"excerpt":{"rendered":"<p>\u201c\u00c7ocukluktan yeti\u015fkinli\u011fe, be\u015ferlikten insan olmaya do\u011fru evrilmek i\u00e7in, \u00f6l\u00fcm fikriyle y\u00fczle\u015fmek ve varl\u0131k zeminindeki bu bilinmezli\u011fi kabul etmek gerekir. Tasavvuf d\u00fc\u015f\u00fcncesindeki \u2018\u00f6lmeden \u00f6nce \u00f6lmek\u2019 ilkesi, bu<span class=\"excerpt-hellip\"> [\u2026]<\/span><\/p>\n","protected":false},"featured_media":0,"template":"","meta":{"_monsterinsights_skip_tracking":false,"_monsterinsights_sitenote_active":false,"_monsterinsights_sitenote_note":"","_monsterinsights_sitenote_category":0},"product_brand":[],"product_cat":[12409,12408],"product_tag":[],"class_list":{"0":"post-751275","1":"product","2":"type-product","3":"status-publish","5":"product_cat-fotograf-sinema-tiyatro","6":"product_cat-sanat","7":"pa_cilt-ciltsiz","8":"pa_tur-kitap","9":"pa_yayinevi-metis-yayinlari","10":"pa_yazar-fidan-terzioglu","12":"first","13":"instock","14":"sale","15":"shipping-taxable","16":"purchasable","17":"product-type-simple"},"_links":{"self":[{"href":"https:\/\/roveyayinevi.com.tr\/index.php\/wp-json\/wp\/v2\/product\/751275","targetHints":{"allow":["GET"]}}],"collection":[{"href":"https:\/\/roveyayinevi.com.tr\/index.php\/wp-json\/wp\/v2\/product"}],"about":[{"href":"https:\/\/roveyayinevi.com.tr\/index.php\/wp-json\/wp\/v2\/types\/product"}],"wp:attachment":[{"href":"https:\/\/roveyayinevi.com.tr\/index.php\/wp-json\/wp\/v2\/media?parent=751275"}],"wp:term":[{"taxonomy":"product_brand","embeddable":true,"href":"https:\/\/roveyayinevi.com.tr\/index.php\/wp-json\/wp\/v2\/product_brand?post=751275"},{"taxonomy":"product_cat","embeddable":true,"href":"https:\/\/roveyayinevi.com.tr\/index.php\/wp-json\/wp\/v2\/product_cat?post=751275"},{"taxonomy":"product_tag","embeddable":true,"href":"https:\/\/roveyayinevi.com.tr\/index.php\/wp-json\/wp\/v2\/product_tag?post=751275"}],"curies":[{"name":"wp","href":"https:\/\/api.w.org\/{rel}","templated":true}]}}