{"id":751272,"date":"2025-08-28T04:44:36","date_gmt":"2025-08-28T01:44:36","guid":{"rendered":"https:\/\/roveyayinevi.com.tr\/index.php\/urun\/islamcilik-ve-turkculuk-uzerine-1908-1922\/"},"modified":"2026-04-16T03:04:42","modified_gmt":"2026-04-16T00:04:42","slug":"islamcilik-ve-turkculuk-uzerine-1908-1922","status":"publish","type":"product","link":"https:\/\/roveyayinevi.com.tr\/index.php\/urun\/islamcilik-ve-turkculuk-uzerine-1908-1922\/","title":{"rendered":"\u0130slamc\u0131l\u0131k ve T\u00fcrk\u00e7\u00fcl\u00fck \u00dczerine (1908-1922)"},"content":{"rendered":"<p>Kendilerine has bir siyaset ve toplum tasavvuruna sahip olan T\u00fcrk\u00e7\u00fcl\u00fck ve \u0130slamc\u0131l\u0131k fikirleri, \u00e7okuluslu bir imparatorlu\u011fun da\u011f\u0131lmas\u0131na engel olacak asli unsuru in\u015fa etme \u00e7abas\u0131n\u0131n \u00fcr\u00fcn\u00fc olarak 19. y\u00fczy\u0131l\u0131n ikinci yar\u0131s\u0131nda ortaya \u00e7\u0131km\u0131\u015f ve son d\u00f6nem Osmanl\u0131 siyasetine damga vurmu\u015ftur. Ortaya \u00e7\u0131k\u0131\u015f nedenleri temelde ayn\u0131 olsa da siyasal zeminde e\u015fzamanl\u0131 olarak varl\u0131k g\u00f6stermeleri ve bu \u00e7al\u0131\u015fman\u0131n konular\u0131 aras\u0131nda yer alan \u201cmilliyet\u201d kavram\u0131n\u0131 ele al\u0131\u015f bi\u00e7imlerindeki farkl\u0131l\u0131k, bu iki fikir ak\u0131m\u0131n\u0131 bir \u00e7at\u0131\u015fma ortam\u0131na s\u00fcr\u00fcklemi\u015ftir. Bug\u00fcne kadar s\u00f6z konusu ak\u0131mlar\u0131n do\u011fu\u015fu ve geli\u015fimi detayl\u0131 bir \u015fekilde incelenmi\u015f, ancak aralar\u0131ndaki benzerliklere ve \u00e7at\u0131\u015fmalara ili\u015fkin \u00e7al\u0131\u015fmalar s\u0131n\u0131rl\u0131 kalm\u0131\u015ft\u0131r. Dr. Kenan \u00d6zkan, T\u00fcrk\u00e7\u00fcl\u00fck ve \u0130slamc\u0131l\u0131k gibi iki \u00f6nemli fikir ak\u0131m\u0131n\u0131 \u201c\u00c7at\u0131\u015fma, Uzla\u015f\u0131, Sentez\u201d ba\u011flam\u0131nda titizlikle ele al\u0131yor. Ayn\u0131 zamanda yak\u0131n tarihimizin \u00e7ok \u00f6nemli bir d\u00f6nemine, yeni bir devletin do\u011fum sanc\u0131lar\u0131n\u0131n ya\u015fand\u0131\u011f\u0131 1908 &#8211; 1922 y\u0131llar\u0131 aras\u0131na yo\u011funla\u015farak her iki fikir ak\u0131m\u0131n\u0131 d\u00f6nemin ko\u015fullar\u0131 \u00e7er\u00e7evesinde de\u011ferlendiriyor. Bu \u00e7al\u0131\u015fma, farkl\u0131 bir bak\u0131\u015f a\u00e7\u0131s\u0131yla alandaki bo\u015flu\u011fu doldurma \u00e7abas\u0131na da \u00f6nemli bir katk\u0131da bulunuyor.<\/p>\n","protected":false},"excerpt":{"rendered":"<p>Kendilerine has bir siyaset ve toplum tasavvuruna sahip olan T\u00fcrk\u00e7\u00fcl\u00fck ve \u0130slamc\u0131l\u0131k fikirleri, \u00e7okuluslu bir imparatorlu\u011fun da\u011f\u0131lmas\u0131na engel olacak asli unsuru in\u015fa etme \u00e7abas\u0131n\u0131n \u00fcr\u00fcn\u00fc olarak<span class=\"excerpt-hellip\"> [\u2026]<\/span><\/p>\n","protected":false},"featured_media":0,"template":"","meta":{"_monsterinsights_skip_tracking":false,"_monsterinsights_sitenote_active":false,"_monsterinsights_sitenote_note":"","_monsterinsights_sitenote_category":0},"product_brand":[],"product_cat":[12304],"product_tag":[],"class_list":{"0":"post-751272","1":"product","2":"type-product","3":"status-publish","5":"product_cat-tarih","6":"pa_cilt-ciltsiz","7":"pa_tur-kitap","8":"pa_yayinevi-nora-kitap","9":"pa_yazar-kenan-ozkan","11":"first","12":"instock","13":"sale","14":"shipping-taxable","15":"purchasable","16":"product-type-simple"},"_links":{"self":[{"href":"https:\/\/roveyayinevi.com.tr\/index.php\/wp-json\/wp\/v2\/product\/751272","targetHints":{"allow":["GET"]}}],"collection":[{"href":"https:\/\/roveyayinevi.com.tr\/index.php\/wp-json\/wp\/v2\/product"}],"about":[{"href":"https:\/\/roveyayinevi.com.tr\/index.php\/wp-json\/wp\/v2\/types\/product"}],"wp:attachment":[{"href":"https:\/\/roveyayinevi.com.tr\/index.php\/wp-json\/wp\/v2\/media?parent=751272"}],"wp:term":[{"taxonomy":"product_brand","embeddable":true,"href":"https:\/\/roveyayinevi.com.tr\/index.php\/wp-json\/wp\/v2\/product_brand?post=751272"},{"taxonomy":"product_cat","embeddable":true,"href":"https:\/\/roveyayinevi.com.tr\/index.php\/wp-json\/wp\/v2\/product_cat?post=751272"},{"taxonomy":"product_tag","embeddable":true,"href":"https:\/\/roveyayinevi.com.tr\/index.php\/wp-json\/wp\/v2\/product_tag?post=751272"}],"curies":[{"name":"wp","href":"https:\/\/api.w.org\/{rel}","templated":true}]}}