{"id":751268,"date":"2025-08-28T04:44:31","date_gmt":"2025-08-28T01:44:31","guid":{"rendered":"https:\/\/roveyayinevi.com.tr\/index.php\/urun\/damga-mi-tamga-mi-tumce-mi\/"},"modified":"2026-04-16T03:04:42","modified_gmt":"2026-04-16T00:04:42","slug":"damga-mi-tamga-mi-tumce-mi","status":"publish","type":"product","link":"https:\/\/roveyayinevi.com.tr\/index.php\/urun\/damga-mi-tamga-mi-tumce-mi\/","title":{"rendered":"Damga M\u0131, Tamga M\u0131, T\u00fcmce Mi?"},"content":{"rendered":"<p>\u0130\u00e7indekiler   KAYI damgas\u0131 BAYAT damgas\u0131 ALKA-EVL\u0130 damgas\u0131 KARA-EVL\u0130 damgas\u0131 YAZIR damgas\u0131 D\u00d6\u011eER damgas\u0131 DODURGA damgas\u0131 YAPARLI damgas\u0131 AV\u015eAR damgas\u0131 KIZIK damgas\u0131 BEGD\u0130L\u0130 damgas\u0131 KARKIN damgas\u0131 BAYINDIR damgas\u0131 BE\u00c7ENE damgas\u0131 \u00c7AVULDUR damgas\u0131 \u00c7EPN\u0130 damgas\u0131 SALUR damgas\u0131 EYM\u00dcR damgas\u0131 ALA-YUNDLU damgas\u0131 \u00dcREG\u0130R damgas\u0131 \u0130\u011eD\u0130R damgas\u0131 B\u00dc\u011eD\u00dcZ damgas\u0131 YIVA damgas\u0131 KINIK damgas\u0131 \u00c7\u00d6Z\u00dcMLEME\/DE\u015e\u0130FRE SONU\u00c7 EKLER: TAMGALARLA \u0130LG\u0130L\u0130 L\u0130TERAT\u00dcR KAYNAK\u00c7A<\/p>\n","protected":false},"excerpt":{"rendered":"<p>\u0130\u00e7indekiler KAYI damgas\u0131 BAYAT damgas\u0131 ALKA-EVL\u0130 damgas\u0131 KARA-EVL\u0130 damgas\u0131 YAZIR damgas\u0131 D\u00d6\u011eER damgas\u0131 DODURGA damgas\u0131 YAPARLI damgas\u0131 AV\u015eAR damgas\u0131 KIZIK damgas\u0131 BEGD\u0130L\u0130 damgas\u0131 KARKIN damgas\u0131 BAYINDIR<span class=\"excerpt-hellip\"> [\u2026]<\/span><\/p>\n","protected":false},"featured_media":0,"template":"","meta":{"_monsterinsights_skip_tracking":false,"_monsterinsights_sitenote_active":false,"_monsterinsights_sitenote_note":"","_monsterinsights_sitenote_category":0},"product_brand":[],"product_cat":[12573,12566],"product_tag":[],"class_list":{"0":"post-751268","1":"product","2":"type-product","3":"status-publish","5":"product_cat-akademik-kitaplar","6":"product_cat-egitim","7":"pa_cilt-ciltsiz","8":"pa_tur-kitap","9":"pa_yayinevi-gazi-kitabevi","10":"pa_yazar-vatan-ozgul","12":"first","13":"instock","14":"sale","15":"shipping-taxable","16":"purchasable","17":"product-type-simple"},"_links":{"self":[{"href":"https:\/\/roveyayinevi.com.tr\/index.php\/wp-json\/wp\/v2\/product\/751268","targetHints":{"allow":["GET"]}}],"collection":[{"href":"https:\/\/roveyayinevi.com.tr\/index.php\/wp-json\/wp\/v2\/product"}],"about":[{"href":"https:\/\/roveyayinevi.com.tr\/index.php\/wp-json\/wp\/v2\/types\/product"}],"wp:attachment":[{"href":"https:\/\/roveyayinevi.com.tr\/index.php\/wp-json\/wp\/v2\/media?parent=751268"}],"wp:term":[{"taxonomy":"product_brand","embeddable":true,"href":"https:\/\/roveyayinevi.com.tr\/index.php\/wp-json\/wp\/v2\/product_brand?post=751268"},{"taxonomy":"product_cat","embeddable":true,"href":"https:\/\/roveyayinevi.com.tr\/index.php\/wp-json\/wp\/v2\/product_cat?post=751268"},{"taxonomy":"product_tag","embeddable":true,"href":"https:\/\/roveyayinevi.com.tr\/index.php\/wp-json\/wp\/v2\/product_tag?post=751268"}],"curies":[{"name":"wp","href":"https:\/\/api.w.org\/{rel}","templated":true}]}}