{"id":751266,"date":"2025-08-28T04:44:29","date_gmt":"2025-08-28T01:44:29","guid":{"rendered":"https:\/\/roveyayinevi.com.tr\/index.php\/urun\/ingiltere-nin-dogu-siyaseti-ve-bagdat-baskonsoloslugu-1875-1879\/"},"modified":"2026-04-16T03:04:42","modified_gmt":"2026-04-16T00:04:42","slug":"ingiltere-nin-dogu-siyaseti-ve-bagdat-baskonsoloslugu-1875-1879","status":"publish","type":"product","link":"https:\/\/roveyayinevi.com.tr\/index.php\/urun\/ingiltere-nin-dogu-siyaseti-ve-bagdat-baskonsoloslugu-1875-1879\/","title":{"rendered":"\u0130ngiltere&#8217; nin Do\u011fu Siyaseti ve Ba\u011fdat Ba\u015fkonsoloslu\u011fu (1875 -1879)"},"content":{"rendered":"<p>\u0130\u00e7indekiler     B\u0130R\u0130NC\u0130 B\u00d6L\u00dcM \u0130NG\u0130LTERE\u2019N\u0130N DO\u011eU S\u0130YASET\u0130N\u0130N T\u0130CAR\u0130-S\u0130YAS\u0130 D\u0130NAM\u0130KLER\u0130 VE BA\u011eDAT \u2013 BASRA V\u0130LAYETLER\u0130   \u0130K\u0130NC\u0130 B\u00d6L\u00dcM \u0130NG\u0130LTERE\u2019N\u0130N BASRA B\u00d6LGES\u0130NDE T\u0130CAR\u0130-S\u0130YAS\u0130 YAPILANMASI VE BA\u011eDAT BA\u015eKONSOLOSLU\u011eU (1875-1879)   \u00dc\u00c7\u00dcNC\u00dc B\u00d6L\u00dcM BA\u011eDAT BA\u015eKONSOLOSLU\u011eU\u2019NUN T\u0130CAR\u0130 FAAL\u0130YETLER\u0130   D\u00d6RD\u00dcNC\u00dc B\u00d6L\u00dcM BA\u011eDAT BA\u015eKONSOLOSLU\u011eU\u2019NUN D\u0130N\u0130\u2013MEZHEB\u0130 FAAL\u0130YETLER\u0130   BE\u015e\u0130NC\u0130 B\u00d6L\u00dcM BA\u011eDAT BA\u015eKONSOLOSLU\u011eU\u2019NUN SIHH\u0130 FAAL\u0130YETLER\u0130 <\/p>\n","protected":false},"excerpt":{"rendered":"<p>\u0130\u00e7indekiler B\u0130R\u0130NC\u0130 B\u00d6L\u00dcM \u0130NG\u0130LTERE\u2019N\u0130N DO\u011eU S\u0130YASET\u0130N\u0130N T\u0130CAR\u0130-S\u0130YAS\u0130 D\u0130NAM\u0130KLER\u0130 VE BA\u011eDAT \u2013 BASRA V\u0130LAYETLER\u0130 \u0130K\u0130NC\u0130 B\u00d6L\u00dcM \u0130NG\u0130LTERE\u2019N\u0130N BASRA B\u00d6LGES\u0130NDE T\u0130CAR\u0130-S\u0130YAS\u0130 YAPILANMASI VE BA\u011eDAT BA\u015eKONSOLOSLU\u011eU (1875-1879) \u00dc\u00c7\u00dcNC\u00dc B\u00d6L\u00dcM<span class=\"excerpt-hellip\"> [\u2026]<\/span><\/p>\n","protected":false},"featured_media":0,"template":"","meta":{"_monsterinsights_skip_tracking":false,"_monsterinsights_sitenote_active":false,"_monsterinsights_sitenote_note":"","_monsterinsights_sitenote_category":0},"product_brand":[],"product_cat":[12573,12566],"product_tag":[],"class_list":{"0":"post-751266","1":"product","2":"type-product","3":"status-publish","5":"product_cat-akademik-kitaplar","6":"product_cat-egitim","7":"pa_cilt-ciltsiz","8":"pa_tur-kitap","9":"pa_yayinevi-gazi-kitabevi","10":"pa_yazar-halil-ibrahim-gorur","12":"first","13":"instock","14":"sale","15":"shipping-taxable","16":"purchasable","17":"product-type-simple"},"_links":{"self":[{"href":"https:\/\/roveyayinevi.com.tr\/index.php\/wp-json\/wp\/v2\/product\/751266","targetHints":{"allow":["GET"]}}],"collection":[{"href":"https:\/\/roveyayinevi.com.tr\/index.php\/wp-json\/wp\/v2\/product"}],"about":[{"href":"https:\/\/roveyayinevi.com.tr\/index.php\/wp-json\/wp\/v2\/types\/product"}],"wp:attachment":[{"href":"https:\/\/roveyayinevi.com.tr\/index.php\/wp-json\/wp\/v2\/media?parent=751266"}],"wp:term":[{"taxonomy":"product_brand","embeddable":true,"href":"https:\/\/roveyayinevi.com.tr\/index.php\/wp-json\/wp\/v2\/product_brand?post=751266"},{"taxonomy":"product_cat","embeddable":true,"href":"https:\/\/roveyayinevi.com.tr\/index.php\/wp-json\/wp\/v2\/product_cat?post=751266"},{"taxonomy":"product_tag","embeddable":true,"href":"https:\/\/roveyayinevi.com.tr\/index.php\/wp-json\/wp\/v2\/product_tag?post=751266"}],"curies":[{"name":"wp","href":"https:\/\/api.w.org\/{rel}","templated":true}]}}