{"id":751265,"date":"2025-08-28T04:44:28","date_gmt":"2025-08-28T01:44:28","guid":{"rendered":"https:\/\/roveyayinevi.com.tr\/index.php\/urun\/hayat-ancak-ben-oldugumda-gercektir-gurdjieff\/"},"modified":"2026-04-16T03:04:42","modified_gmt":"2026-04-16T00:04:42","slug":"hayat-ancak-ben-oldugumda-gercektir-gurdjieff","status":"publish","type":"product","link":"https:\/\/roveyayinevi.com.tr\/index.php\/urun\/hayat-ancak-ben-oldugumda-gercektir-gurdjieff\/","title":{"rendered":"Hayat, Ancak Ben Oldu\u011fumda Ger\u00e7ektir \u2013 Gurdjieff"},"content":{"rendered":"<p>\u201cSevebilen olabilir, olabilen yapabilir, yapabilen var olur!\u201d 20. y\u00fczy\u0131l\u0131n ilk yar\u0131s\u0131n\u0131n en esrarengiz fig\u00fcrlerinden biri olan Georgy Ivanovich Gurdjieff nam\u0131 di\u011fer Bay G, bir filozof, ruhani \u00f6\u011fretmen ve mistiktir. Hen\u00fcz \u00e7ocukken babas\u0131na sordu\u011fu sorularla anlam aray\u0131\u015f\u0131na y\u00f6nelmi\u015f ve bu merak onun ya\u015fam\u0131n\u0131 \u00f6ng\u00f6r\u00fclemez bi\u00e7imde de\u011fi\u015ftirmi\u015ftir. Hindistan\u2019dan Orta Asya\u2019ya, Anadolu\u2019dan M\u0131s\u0131r\u2019a uzanan bu kadim ve ezoterik bilgelik yolculu\u011fu, kendi i\u00e7sel deneyimleriyle \u015fekillenmi\u015f, art\u0131k onun yeni yol dedi\u011fi D\u00f6rd\u00fcnc\u00fc Yol\u2019u ortaya \u00e7\u0131karm\u0131\u015ft\u0131r. Bir b\u00fct\u00fcnl\u00fck in\u015fa etmeye \u00e7al\u0131\u015ft\u0131\u011f\u0131 D\u00f6rd\u00fcnc\u00fc Yol\u2019la insanlar\u0131 \u015fuurlanmaya ve ayd\u0131nlanmaya \u00e7a\u011f\u0131rm\u0131\u015ft\u0131r. Metaformik danslar\u0131, ki\u015fiyi kendi \u00fczerine y\u00f6nlendiren s\u0131ra d\u0131\u015f\u0131 \u00e7al\u0131\u015fma bi\u00e7imiyle d\u00fcnyada ciddi bir takip\u00e7i kitlesine ula\u015fmay\u0131 ba\u015faran Gurdjieff sizi kendi D\u00f6rd\u00fcnc\u00fc Yol\u2019unuzu bulmaya davet ediyor. <\/p>\n","protected":false},"excerpt":{"rendered":"<p>\u201cSevebilen olabilir, olabilen yapabilir, yapabilen var olur!\u201d 20. y\u00fczy\u0131l\u0131n ilk yar\u0131s\u0131n\u0131n en esrarengiz fig\u00fcrlerinden biri olan Georgy Ivanovich Gurdjieff nam\u0131 di\u011fer Bay G, bir filozof, ruhani<span class=\"excerpt-hellip\"> [\u2026]<\/span><\/p>\n","protected":false},"featured_media":0,"template":"","meta":{"_monsterinsights_skip_tracking":false,"_monsterinsights_sitenote_active":false,"_monsterinsights_sitenote_note":"","_monsterinsights_sitenote_category":0},"product_brand":[],"product_cat":[12388],"product_tag":[],"class_list":{"0":"post-751265","1":"product","2":"type-product","3":"status-publish","5":"product_cat-felsefe","6":"pa_cilt-ciltsiz","7":"pa_tur-kitap","8":"pa_yayinevi-destek-yayinlari","9":"pa_yazar-gamze-alagoz","11":"first","12":"instock","13":"sale","14":"shipping-taxable","15":"purchasable","16":"product-type-simple"},"_links":{"self":[{"href":"https:\/\/roveyayinevi.com.tr\/index.php\/wp-json\/wp\/v2\/product\/751265","targetHints":{"allow":["GET"]}}],"collection":[{"href":"https:\/\/roveyayinevi.com.tr\/index.php\/wp-json\/wp\/v2\/product"}],"about":[{"href":"https:\/\/roveyayinevi.com.tr\/index.php\/wp-json\/wp\/v2\/types\/product"}],"wp:attachment":[{"href":"https:\/\/roveyayinevi.com.tr\/index.php\/wp-json\/wp\/v2\/media?parent=751265"}],"wp:term":[{"taxonomy":"product_brand","embeddable":true,"href":"https:\/\/roveyayinevi.com.tr\/index.php\/wp-json\/wp\/v2\/product_brand?post=751265"},{"taxonomy":"product_cat","embeddable":true,"href":"https:\/\/roveyayinevi.com.tr\/index.php\/wp-json\/wp\/v2\/product_cat?post=751265"},{"taxonomy":"product_tag","embeddable":true,"href":"https:\/\/roveyayinevi.com.tr\/index.php\/wp-json\/wp\/v2\/product_tag?post=751265"}],"curies":[{"name":"wp","href":"https:\/\/api.w.org\/{rel}","templated":true}]}}