{"id":751260,"date":"2025-08-28T04:44:20","date_gmt":"2025-08-28T01:44:20","guid":{"rendered":"https:\/\/roveyayinevi.com.tr\/index.php\/urun\/kafandaki-hikaye-degisirse-hayatinda-degisir\/"},"modified":"2026-04-11T03:12:33","modified_gmt":"2026-04-11T00:12:33","slug":"kafandaki-hikaye-degisirse-hayatinda-degisir","status":"publish","type":"product","link":"https:\/\/roveyayinevi.com.tr\/index.php\/urun\/kafandaki-hikaye-degisirse-hayatinda-degisir\/","title":{"rendered":"Kafandaki Hikaye De\u011fi\u015firse Hayat\u0131nda De\u011fi\u015fir"},"content":{"rendered":"<p>\u0130nsan hik\u00e2ye anlatan hayvand\u0131r, diye bir s\u00f6z vard\u0131r. Kendinizi bildi\u011finizden beri kendinize kendi hakk\u0131n\u0131zda hik\u00e2yeler anlat\u0131yorsunuz. Ve bu hik\u00e2yeler sizi belirliyor; nas\u0131l bir insan oldu\u011funuzu, neyi yap\u0131p neyi yapamayaca\u011f\u0131n\u0131z\u0131, ba\u015far\u0131p ba\u015faramayaca\u011f\u0131n\u0131z\u0131, mutlu olup olamayaca\u011f\u0131n\u0131z\u0131 bu hik\u00e2yeler belirliyor. Ya\u015fam\u0131n\u0131z\u0131n bir t\u00fcr film oldu\u011funu d\u00fc\u015f\u00fcnebilirsiniz, ba\u015frolde siz vars\u0131n\u0131z. Ve senaryoyu belki fark\u0131nda de\u011filsiniz ama siz yaz\u0131yorsunuz. E\u011fer \u201chayat\u0131m\u201d dedi\u011finiz bu filmden memnun de\u011filseniz, \u015fik\u00e2yet etmeyi b\u0131rak\u0131p senaryoyu yeniden yazabilir, bu filmi de\u011fi\u015ftirebilirsiniz. Kendinize bi\u00e7ti\u011finiz rol, koydu\u011funuz s\u0131n\u0131rlar, belirledi\u011finiz ama\u00e7 ve hedefler de\u011fi\u015fti\u011finde hayat filminizin senaryosu da de\u011fi\u015fecek ve \u201cMutlu Son\u201d siz nas\u0131l isterseniz \u00f6yle olacakt\u0131r. \u0130\u015fte kendinize anlatt\u0131\u011f\u0131n\u0131z hik\u00e2yelerin b\u00f6ylesine g\u00fc\u00e7l\u00fc etkileri vard\u0131r. Kindra Hall her zaman sahip olmay\u0131 hayal etti\u011finiz hayat\u0131 yaratman\u0131z i\u00e7in size yeni bir pencere sunuyor. Kendi hik\u00e2yelerinizin bilin\u00e7siz ve pasif bir izleyicisi olmaktan \u00e7\u0131k\u0131p, olmak istedi\u011finiz \u015feyin yazar\u0131na d\u00f6n\u00fc\u015fmenize rehberlik ediyor. \u00c7ok daha g\u00fczel bir filmi yaratmak ve oynamak istemez misiniz? \u00dcstelik sonu da nas\u0131l isterseniz \u00f6yle bitecek bir film\u2026<\/p>\n","protected":false},"excerpt":{"rendered":"<p>\u0130nsan hik\u00e2ye anlatan hayvand\u0131r, diye bir s\u00f6z vard\u0131r. Kendinizi bildi\u011finizden beri kendinize kendi hakk\u0131n\u0131zda hik\u00e2yeler anlat\u0131yorsunuz. Ve bu hik\u00e2yeler sizi belirliyor; nas\u0131l bir insan oldu\u011funuzu, neyi<span class=\"excerpt-hellip\"> [\u2026]<\/span><\/p>\n","protected":false},"featured_media":0,"template":"","meta":{"_monsterinsights_skip_tracking":false,"_monsterinsights_sitenote_active":false,"_monsterinsights_sitenote_note":"","_monsterinsights_sitenote_category":0},"product_brand":[],"product_cat":[12364,12376],"product_tag":[],"class_list":{"0":"post-751260","1":"product","2":"type-product","3":"status-publish","5":"product_cat-genel-konular","6":"product_cat-kisisel-gelisim","7":"pa_cilt-ciltsiz","8":"pa_tur-kitap","9":"pa_yayinevi-kuraldisi-yayinevi","10":"pa_yazar-kindra-hall","12":"first","13":"instock","14":"sale","15":"shipping-taxable","16":"purchasable","17":"product-type-simple"},"_links":{"self":[{"href":"https:\/\/roveyayinevi.com.tr\/index.php\/wp-json\/wp\/v2\/product\/751260","targetHints":{"allow":["GET"]}}],"collection":[{"href":"https:\/\/roveyayinevi.com.tr\/index.php\/wp-json\/wp\/v2\/product"}],"about":[{"href":"https:\/\/roveyayinevi.com.tr\/index.php\/wp-json\/wp\/v2\/types\/product"}],"wp:attachment":[{"href":"https:\/\/roveyayinevi.com.tr\/index.php\/wp-json\/wp\/v2\/media?parent=751260"}],"wp:term":[{"taxonomy":"product_brand","embeddable":true,"href":"https:\/\/roveyayinevi.com.tr\/index.php\/wp-json\/wp\/v2\/product_brand?post=751260"},{"taxonomy":"product_cat","embeddable":true,"href":"https:\/\/roveyayinevi.com.tr\/index.php\/wp-json\/wp\/v2\/product_cat?post=751260"},{"taxonomy":"product_tag","embeddable":true,"href":"https:\/\/roveyayinevi.com.tr\/index.php\/wp-json\/wp\/v2\/product_tag?post=751260"}],"curies":[{"name":"wp","href":"https:\/\/api.w.org\/{rel}","templated":true}]}}