{"id":751252,"date":"2025-08-28T04:44:06","date_gmt":"2025-08-28T01:44:06","guid":{"rendered":"https:\/\/roveyayinevi.com.tr\/index.php\/urun\/geliyor-goklerden-gelen-eros-antikcag-anadolu-siirleri-antolojisi\/"},"modified":"2026-04-16T03:04:42","modified_gmt":"2026-04-16T00:04:42","slug":"geliyor-goklerden-gelen-eros-antikcag-anadolu-siirleri-antolojisi","status":"publish","type":"product","link":"https:\/\/roveyayinevi.com.tr\/index.php\/urun\/geliyor-goklerden-gelen-eros-antikcag-anadolu-siirleri-antolojisi\/","title":{"rendered":"Geliyor G\u00f6klerden Gelen Eros:  Antik\u00e7a\u011f Anadolu \u015eiirleri Antolojisi"},"content":{"rendered":"<p>Geliyor G\u00f6klerden Eros okuyucuyu, \u015fiir denen mucizenin derin k\u00f6klerine do\u011fru bir yolculu\u011fa \u00e7\u0131kar\u0131yor. Karadeniz k\u0131y\u0131lar\u0131ndan Ege\u2019ye, Midilli\u2019den \u00c7ukurova\u2019ya, Akdeniz k\u0131y\u0131lar\u0131ndan K\u0131br\u0131s\u2019a uzanan bir co\u011frafyada \u015fiir yazm\u0131\u015f nice ozan\u0131n dizelerinde, Anadolu Antik\u00e7a\u011f\u0131\u2019nda boy atm\u0131\u015f b\u00fcy\u00fck bir \u015fiir gelene\u011fiyle y\u00fcz y\u00fczeyiz. Kos\u2019lu, Miletos\u2019lu, Samos\u2019lu, Ephesos\u2019lu, Smyrna\u2019l\u0131, Lesbos\u2019lu ozanlar&#8230; Homeros\u2019lar, Sappho\u2019lar, Anakreon\u2019lar, Alkman\u2019lar ve daha nice hem\u015ferimiz&#8230; Yolculu\u011fa ku\u015fbak\u0131\u015f\u0131 bakt\u0131\u011f\u0131m\u0131zda de\u011fi\u015fik y\u00fczy\u0131llardan, farkl\u0131 uygarl\u0131klardan ge\u00e7erken \u015fiirleraras\u0131 bir b\u00fct\u00fcnl\u00fckle kar\u015f\u0131la\u015f\u0131yoruz. De\u011fi\u015fik gelenekler, ya\u015fam tarzlar\u0131, siyasal yap\u0131lar bar\u0131nd\u0131ran farkl\u0131 toplumlarda dilden dile yay\u0131lan bu dizeler Anadolu topraklar\u0131 ve k\u0131y\u0131lar\u0131nda ortak bir duyarl\u0131k yarat\u0131yor. <\/p>\n","protected":false},"excerpt":{"rendered":"<p>Geliyor G\u00f6klerden Eros okuyucuyu, \u015fiir denen mucizenin derin k\u00f6klerine do\u011fru bir yolculu\u011fa \u00e7\u0131kar\u0131yor. Karadeniz k\u0131y\u0131lar\u0131ndan Ege\u2019ye, Midilli\u2019den \u00c7ukurova\u2019ya, Akdeniz k\u0131y\u0131lar\u0131ndan K\u0131br\u0131s\u2019a uzanan bir co\u011frafyada \u015fiir yazm\u0131\u015f<span class=\"excerpt-hellip\"> [\u2026]<\/span><\/p>\n","protected":false},"featured_media":0,"template":"","meta":{"_monsterinsights_skip_tracking":false,"_monsterinsights_sitenote_active":false,"_monsterinsights_sitenote_note":"","_monsterinsights_sitenote_category":0},"product_brand":[],"product_cat":[12291,12509],"product_tag":[],"class_list":{"0":"post-751252","1":"product","2":"type-product","3":"status-publish","5":"product_cat-edebiyat","6":"product_cat-siir","7":"pa_cilt-ciltsiz","8":"pa_tur-kitap","9":"pa_yayinevi-can-yayinlari","10":"pa_yazar-kolektif","12":"first","13":"instock","14":"sale","15":"shipping-taxable","16":"purchasable","17":"product-type-simple"},"_links":{"self":[{"href":"https:\/\/roveyayinevi.com.tr\/index.php\/wp-json\/wp\/v2\/product\/751252","targetHints":{"allow":["GET"]}}],"collection":[{"href":"https:\/\/roveyayinevi.com.tr\/index.php\/wp-json\/wp\/v2\/product"}],"about":[{"href":"https:\/\/roveyayinevi.com.tr\/index.php\/wp-json\/wp\/v2\/types\/product"}],"wp:attachment":[{"href":"https:\/\/roveyayinevi.com.tr\/index.php\/wp-json\/wp\/v2\/media?parent=751252"}],"wp:term":[{"taxonomy":"product_brand","embeddable":true,"href":"https:\/\/roveyayinevi.com.tr\/index.php\/wp-json\/wp\/v2\/product_brand?post=751252"},{"taxonomy":"product_cat","embeddable":true,"href":"https:\/\/roveyayinevi.com.tr\/index.php\/wp-json\/wp\/v2\/product_cat?post=751252"},{"taxonomy":"product_tag","embeddable":true,"href":"https:\/\/roveyayinevi.com.tr\/index.php\/wp-json\/wp\/v2\/product_tag?post=751252"}],"curies":[{"name":"wp","href":"https:\/\/api.w.org\/{rel}","templated":true}]}}