{"id":751251,"date":"2025-08-28T04:44:05","date_gmt":"2025-08-28T01:44:05","guid":{"rendered":"https:\/\/roveyayinevi.com.tr\/index.php\/urun\/rabbini-nasil-bilirsin\/"},"modified":"2026-04-16T03:04:42","modified_gmt":"2026-04-16T00:04:42","slug":"rabbini-nasil-bilirsin","status":"publish","type":"product","link":"https:\/\/roveyayinevi.com.tr\/index.php\/urun\/rabbini-nasil-bilirsin\/","title":{"rendered":"Rabbini Nas\u0131l Bilirsin?"},"content":{"rendered":"<p>\u201cKi\u015finin sevip tan\u0131mak ve tan\u0131d\u0131k\u00e7a daha \u00e7ok sevmek istedi\u011fi Sevgili, seveni ve sevgiyi yaratan Allah ise? Bu durumda yeg\u00e2ne sorun, tan\u0131may\u0131 bilmemektir. Zira tan\u0131yan, mutlaka daha \u00e7ok sevecektir O\u2019nu. \u0130\u015fte, \u00fcstat Haluk Nurbaki, Rabbini tan\u0131mak isteyen insana a\u00e7\u0131lan 114 Kap\u0131\u2019dan ikisini hat\u0131rlat\u0131yor. S\u00fbre-i \u0130hl\u00e2s ve S\u00fbre-i Rahm\u00e2n\u2026\u201d Ahmet Turgut Kur\u2019an Hakikatlari Serisi\u2019nin ilk kitab\u0131 olan \u201cRabbini Nas\u0131l Bilirsin?\u201dde Haluk Nurbaki, S\u00fbre-i \u0130hl\u00e2s ve S\u00fbre-i Rahm\u00e2n\u2019\u0131n yorumlar\u0131n\u0131 yapmaktad\u0131r. Hem ilm\u00ee hem \u0130sl\u00e2m\u00ee hem de tasavvuf\u00ee y\u00f6nden yap\u0131lan bu yorumlar, bu kitapta siz okuyuculara bir sohbet havas\u0131nda sunulmaktad\u0131r. S\u00fbre-i \u0130hl\u00e2s, Kur\u2019\u00e2n-\u0131 Ker\u00eem\u2019de Allah\u2019\u0131 mutlak ve kesin kavramlar\u0131yla tan\u0131mlayan temel s\u00fbredir. \u0130hl\u00e2s S\u00fbresi i\u00e7in Nurbaki \u201cCan\u0131y\u00fcrekten Allah S\u00fbresi\u201d diyor ve ekliyor: \u201cNeden? \u00c7\u00fcnk\u00fc S\u00fbre-i \u0130hl\u00e2s, Cen\u00e2b-\u0131 Hakk\u2019\u0131n s\u0131fatlar\u0131n\u0131 de\u011fil, zat\u0131n\u0131 tan\u0131mlar, yani bilinmeyen ger\u00e7e\u011fini.\u201d Allah bu s\u00fbrede evvela \u201cneyin Allah olamayaca\u011f\u0131n\u0131\u201d anlat\u0131yor! Sonra da kendi varl\u0131\u011f\u0131n\u0131n \u201ckesin bir teklik\u201d oldu\u011funu ifade ediyor ki o teklik, bir ba\u015fka varl\u0131\u011f\u0131n O\u2019na benzemesini imk\u00e2ns\u0131z k\u0131lar. \u201cEy insano\u011flu! Siz benzer ve z\u0131dd\u0131 olmayan \u015feyi nas\u0131l bileceksiniz? Can\u0131y\u00fcrekten Cen\u00e2b-\u0131 Hakk\u2019a teslim olun ki ben kendimi size hissettireyim.\u201d buyuruyor. Bunun i\u00e7in de g\u00f6n\u00fcl penceresinin a\u00e7\u0131k olmas\u0131 gerekiyor. Allah \u201cG\u00f6n\u00fcl penceresi a\u00e7\u0131k olmayana Kur\u2019an \u0131\u015f\u0131\u011f\u0131 vermem.\u201d diyor. \u201cPeki nas\u0131l a\u00e7ay\u0131m y\u00e2 Rabbi?\u201d \u0130\u015fte bunun cevab\u0131n\u0131 bu kitapta bulacaks\u0131n\u0131z. S\u00fbre-i Rahm\u00e2n\u2019da ise Nurbaki, Allah\u2019\u0131n kendi sanat\u0131n\u0131 ve kendi azametini anlat\u0131\u015f bi\u00e7imine tan\u0131k olmam\u0131za vesile olacak. Allah \u201cRahm\u00e2n s\u0131rr\u0131mla k\u00e2inat\u0131 yaratt\u0131m. Ondan sonra \u201balleme\u2019l-\u1e33ur\u2019\u00e2n; Kur\u2019\u00e2n\u2019\u0131 \u00f6\u011frettim. Kur\u2019\u00e2n\u2019\u0131n k\u00e2inata \u00f6\u011fretilmesinden sonra da \u1e2bala\u1e33a\u2019l-ins\u00e2n; insan\u0131 yaratt\u0131m.\u201d diyor. \u0130nsan, Kur\u2019an\u2019dan sonra yarat\u0131lm\u0131\u015f. \u0130nsan\u0131 niye yaratm\u0131\u015f? \u201c\u201ballemehu\u2019l-bey\u00e2n; ona beyan\u0131 \u00f6\u011fretmek i\u00e7in yaratt\u0131m.\u201d buyuruyor. Bu s\u00fbrenin t\u00fcm detaylar\u0131n\u0131, pek \u00e7ok ilm\u00ee hakikatlerle beraber derinlemesine yorumunu bu kitapta bulacaks\u0131n\u0131z. \u201cE\u011fer Allah kavram\u0131nda eksiklerimiz varsa bu, ilmin getirdi\u011fi bir eksikliktir. Radyonuzu hangi istasyonun dalgalar\u0131na ayarlarsan\u0131z o istasyonun yay\u0131n\u0131n\u0131 dinlersiniz.\u201d<\/p>\n","protected":false},"excerpt":{"rendered":"<p>\u201cKi\u015finin sevip tan\u0131mak ve tan\u0131d\u0131k\u00e7a daha \u00e7ok sevmek istedi\u011fi Sevgili, seveni ve sevgiyi yaratan Allah ise? Bu durumda yeg\u00e2ne sorun, tan\u0131may\u0131 bilmemektir. Zira tan\u0131yan, mutlaka daha<span class=\"excerpt-hellip\"> [\u2026]<\/span><\/p>\n","protected":false},"featured_media":0,"template":"","meta":{"_monsterinsights_skip_tracking":false,"_monsterinsights_sitenote_active":false,"_monsterinsights_sitenote_note":"","_monsterinsights_sitenote_category":0},"product_brand":[],"product_cat":[12718,12719],"product_tag":[],"class_list":{"0":"post-751251","1":"product","2":"type-product","3":"status-publish","5":"product_cat-din","6":"product_cat-islam","7":"pa_cilt-ciltsiz","8":"pa_tur-kitap","9":"pa_yayinevi-nefes-yayincilik","10":"pa_yazar-haluk-nurbaki","12":"first","13":"instock","14":"sale","15":"shipping-taxable","16":"purchasable","17":"product-type-simple"},"_links":{"self":[{"href":"https:\/\/roveyayinevi.com.tr\/index.php\/wp-json\/wp\/v2\/product\/751251","targetHints":{"allow":["GET"]}}],"collection":[{"href":"https:\/\/roveyayinevi.com.tr\/index.php\/wp-json\/wp\/v2\/product"}],"about":[{"href":"https:\/\/roveyayinevi.com.tr\/index.php\/wp-json\/wp\/v2\/types\/product"}],"wp:attachment":[{"href":"https:\/\/roveyayinevi.com.tr\/index.php\/wp-json\/wp\/v2\/media?parent=751251"}],"wp:term":[{"taxonomy":"product_brand","embeddable":true,"href":"https:\/\/roveyayinevi.com.tr\/index.php\/wp-json\/wp\/v2\/product_brand?post=751251"},{"taxonomy":"product_cat","embeddable":true,"href":"https:\/\/roveyayinevi.com.tr\/index.php\/wp-json\/wp\/v2\/product_cat?post=751251"},{"taxonomy":"product_tag","embeddable":true,"href":"https:\/\/roveyayinevi.com.tr\/index.php\/wp-json\/wp\/v2\/product_tag?post=751251"}],"curies":[{"name":"wp","href":"https:\/\/api.w.org\/{rel}","templated":true}]}}