{"id":751250,"date":"2025-08-28T04:44:03","date_gmt":"2025-08-28T01:44:03","guid":{"rendered":"https:\/\/roveyayinevi.com.tr\/index.php\/urun\/darfen-kralligi\/"},"modified":"2026-04-16T03:04:42","modified_gmt":"2026-04-16T00:04:42","slug":"darfen-kralligi","status":"publish","type":"product","link":"https:\/\/roveyayinevi.com.tr\/index.php\/urun\/darfen-kralligi\/","title":{"rendered":"Darfen Krall\u0131\u011f\u0131"},"content":{"rendered":"<p>Darfen Krall\u0131\u011f\u0131, kendisinden \u00f6nce kimsenin ayak basamad\u0131\u011f\u0131 topraklara h\u00fckmetmi\u015f, k\u00f6yler, pazarlar, hanlar kurmu\u015f, g\u00fcc\u00fcn\u00fc etraf\u0131ndaki t\u00fcm krall\u0131klara kan\u0131tlamay\u0131 ba\u015farm\u0131\u015f bir krall\u0131kt\u0131. Krall\u0131klar\u0131n\u0131n \u2018\u00f6z, sadece \u00f6z\u2019 olarak kalmalar\u0131n\u0131 \u00f6nemsiyorlard\u0131. De\u011fi\u015fmek, de\u011fi\u015ftirilmek istemiyorlard\u0131. Kendilerine g\u00f6re bir alfabeleri vard\u0131. Bu alfabeye Darfen alfabesi diyorlard\u0131. Tabletlere, gelece\u011fe seslerini duyurabilmek i\u00e7in ya\u015fanan ve tecr\u00fcbe edinen her bilgiyi yaz\u0131yorlard\u0131. Do\u011fumu, ya\u015fam\u0131, \u00f6l\u00fcm\u00fc \u00f6nemsiyorlard\u0131. Her bir harfi bir nefes, her nefesi yeni bir do\u011fum, her do\u011fumda yeni bir ya\u015fam ve \u00f6l\u00fcm olarak tan\u0131ml\u0131yorlard\u0131. Bir tesad\u00fcf sonucu bulunan tabletle gelece\u011fe seslerini duyurmay\u0131 ba\u015farm\u0131\u015flard\u0131. Nas\u0131l m\u0131? Mortisel ailesinin bir bireyi olan \u0130zbel sayesinde. Fantastik tad\u0131nda yaz\u0131lan Darfen Krall\u0131\u011f\u0131, ge\u00e7mi\u015f ve \u015fimdiki zaman aras\u0131ndaki gelgitte sizleri s\u0131rlar\u0131n\u0131 payla\u015fmaya \u00e7a\u011f\u0131r\u0131yor. <\/p>\n","protected":false},"excerpt":{"rendered":"<p>Darfen Krall\u0131\u011f\u0131, kendisinden \u00f6nce kimsenin ayak basamad\u0131\u011f\u0131 topraklara h\u00fckmetmi\u015f, k\u00f6yler, pazarlar, hanlar kurmu\u015f, g\u00fcc\u00fcn\u00fc etraf\u0131ndaki t\u00fcm krall\u0131klara kan\u0131tlamay\u0131 ba\u015farm\u0131\u015f bir krall\u0131kt\u0131. Krall\u0131klar\u0131n\u0131n \u2018\u00f6z, sadece \u00f6z\u2019 olarak<span class=\"excerpt-hellip\"> [\u2026]<\/span><\/p>\n","protected":false},"featured_media":0,"template":"","meta":{"_monsterinsights_skip_tracking":false,"_monsterinsights_sitenote_active":false,"_monsterinsights_sitenote_note":"","_monsterinsights_sitenote_category":0},"product_brand":[],"product_cat":[12291,14777],"product_tag":[],"class_list":{"0":"post-751250","1":"product","2":"type-product","3":"status-publish","5":"product_cat-edebiyat","6":"product_cat-fantastik","7":"pa_cilt-ciltsiz","8":"pa_tur-kitap","9":"pa_yayinevi-kirmizi-ada-yayinlari","10":"pa_yazar-aleyna-eda-eroglu","12":"first","13":"instock","14":"sale","15":"shipping-taxable","16":"purchasable","17":"product-type-simple"},"_links":{"self":[{"href":"https:\/\/roveyayinevi.com.tr\/index.php\/wp-json\/wp\/v2\/product\/751250","targetHints":{"allow":["GET"]}}],"collection":[{"href":"https:\/\/roveyayinevi.com.tr\/index.php\/wp-json\/wp\/v2\/product"}],"about":[{"href":"https:\/\/roveyayinevi.com.tr\/index.php\/wp-json\/wp\/v2\/types\/product"}],"wp:attachment":[{"href":"https:\/\/roveyayinevi.com.tr\/index.php\/wp-json\/wp\/v2\/media?parent=751250"}],"wp:term":[{"taxonomy":"product_brand","embeddable":true,"href":"https:\/\/roveyayinevi.com.tr\/index.php\/wp-json\/wp\/v2\/product_brand?post=751250"},{"taxonomy":"product_cat","embeddable":true,"href":"https:\/\/roveyayinevi.com.tr\/index.php\/wp-json\/wp\/v2\/product_cat?post=751250"},{"taxonomy":"product_tag","embeddable":true,"href":"https:\/\/roveyayinevi.com.tr\/index.php\/wp-json\/wp\/v2\/product_tag?post=751250"}],"curies":[{"name":"wp","href":"https:\/\/api.w.org\/{rel}","templated":true}]}}