{"id":751248,"date":"2025-08-28T04:44:00","date_gmt":"2025-08-28T01:44:00","guid":{"rendered":"https:\/\/roveyayinevi.com.tr\/index.php\/urun\/kardes-katilleri\/"},"modified":"2026-04-16T03:04:42","modified_gmt":"2026-04-16T00:04:42","slug":"kardes-katilleri","status":"publish","type":"product","link":"https:\/\/roveyayinevi.com.tr\/index.php\/urun\/kardes-katilleri\/","title":{"rendered":"Karde\u015f Katilleri"},"content":{"rendered":"<p>Ah zavall\u0131 insan! Da\u011flar\u0131 yerinden oynatabilirsin, mucizeler yaratabilirsin ama bunun yerine gidip g\u00fcbrenin, tembelli\u011fin ve inan\u00e7s\u0131zl\u0131\u011f\u0131n i\u00e7ine bat\u0131yorsun! \u0130\u00e7inde Tanr\u0131 var, Tanr\u0131 ta\u015f\u0131yorsun da bilmiyorsun ki. Bunu ancak \u00f6l\u00fcrken \u00f6\u011freniyorsun ama art\u0131k \u00e7ok ge\u00e7 oluyor.   1940\u2019lar. \u0130kinci D\u00fcnya Sava\u015f\u0131 yeni sona ermi\u015ftir. Yunan \u0130\u00e7sava\u015f\u0131\u2019n\u0131n sars\u0131nt\u0131lar\u0131 Balkanlar\u2019da, Epir b\u00f6lgesindeki \u0131ss\u0131z k\u00f6ylerden biri olan Kastelo\u2019ya ula\u015fmaktad\u0131r. K\u00f6yl\u00fclerin bir\u00e7o\u011fu da\u011fa \u00e7\u0131k\u0131p kom\u00fcnistlere kat\u0131lm\u0131\u015ft\u0131r; Papaz Yanaros\u2019un o\u011flu Kapetan Drakos da onlardan biridir. Kutsal \u00c7ile Haftas\u0131 gelmek \u00fczeredir, etraf\u0131n\u0131 saran kan ve g\u00f6zya\u015f\u0131n\u0131n ortas\u0131nda kalan Papaz Yanaros, kutuplar\u0131 birbiriyle uzla\u015ft\u0131rmaya u\u011fra\u015fmaya \u00e7al\u0131\u015facakt\u0131r.   Karde\u015f Katilleri, \u00fclkesinde y\u0131llar s\u00fcren kanl\u0131 olaylara \u015fahitlik eden Kazancakis\u2019in 1949\u2019da yazmaya ba\u015flad\u0131\u011f\u0131 ve ancak \u00f6l\u00fcm\u00fcnden sonra yay\u0131mlanabilmi\u015f roman\u0131. Girit\u2019in d\u00fc\u015f\u00fcn\u00fcr ozan\u0131n\u0131n kalemini kana band\u0131r\u0131p yazd\u0131\u011f\u0131 bir tarih anlat\u0131s\u0131.   \u201cSiyasi ihtilaftan kurtulmak i\u00e7in, \u00f6zg\u00fcrl\u00fc\u011f\u00fc i\u00e7in m\u00fccadele eden bir adam\u0131n hik\u00e2yesi.\u201d Efimerida ton Syntakton <\/p>\n","protected":false},"excerpt":{"rendered":"<p>Ah zavall\u0131 insan! Da\u011flar\u0131 yerinden oynatabilirsin, mucizeler yaratabilirsin ama bunun yerine gidip g\u00fcbrenin, tembelli\u011fin ve inan\u00e7s\u0131zl\u0131\u011f\u0131n i\u00e7ine bat\u0131yorsun! \u0130\u00e7inde Tanr\u0131 var, Tanr\u0131 ta\u015f\u0131yorsun da bilmiyorsun ki.<span class=\"excerpt-hellip\"> [\u2026]<\/span><\/p>\n","protected":false},"featured_media":0,"template":"","meta":{"_monsterinsights_skip_tracking":false,"_monsterinsights_sitenote_active":false,"_monsterinsights_sitenote_note":"","_monsterinsights_sitenote_category":0},"product_brand":[],"product_cat":[12291,12711],"product_tag":[],"class_list":{"0":"post-751248","1":"product","2":"type-product","3":"status-publish","5":"product_cat-edebiyat","6":"product_cat-roman-oyku","7":"pa_cilt-ciltsiz","8":"pa_tur-kitap","9":"pa_yayinevi-can-yayinlari","10":"pa_yazar-nikos-kazancakis","12":"first","13":"instock","14":"sale","15":"shipping-taxable","16":"purchasable","17":"product-type-simple"},"_links":{"self":[{"href":"https:\/\/roveyayinevi.com.tr\/index.php\/wp-json\/wp\/v2\/product\/751248","targetHints":{"allow":["GET"]}}],"collection":[{"href":"https:\/\/roveyayinevi.com.tr\/index.php\/wp-json\/wp\/v2\/product"}],"about":[{"href":"https:\/\/roveyayinevi.com.tr\/index.php\/wp-json\/wp\/v2\/types\/product"}],"wp:attachment":[{"href":"https:\/\/roveyayinevi.com.tr\/index.php\/wp-json\/wp\/v2\/media?parent=751248"}],"wp:term":[{"taxonomy":"product_brand","embeddable":true,"href":"https:\/\/roveyayinevi.com.tr\/index.php\/wp-json\/wp\/v2\/product_brand?post=751248"},{"taxonomy":"product_cat","embeddable":true,"href":"https:\/\/roveyayinevi.com.tr\/index.php\/wp-json\/wp\/v2\/product_cat?post=751248"},{"taxonomy":"product_tag","embeddable":true,"href":"https:\/\/roveyayinevi.com.tr\/index.php\/wp-json\/wp\/v2\/product_tag?post=751248"}],"curies":[{"name":"wp","href":"https:\/\/api.w.org\/{rel}","templated":true}]}}