{"id":751247,"date":"2025-08-28T04:43:59","date_gmt":"2025-08-28T01:43:59","guid":{"rendered":"https:\/\/roveyayinevi.com.tr\/index.php\/urun\/turkiyenin-kelebekleri\/"},"modified":"2026-04-16T03:04:42","modified_gmt":"2026-04-16T00:04:42","slug":"turkiyenin-kelebekleri","status":"publish","type":"product","link":"https:\/\/roveyayinevi.com.tr\/index.php\/urun\/turkiyenin-kelebekleri\/","title":{"rendered":"T\u00fcrkiye\u2019nin Kelebekleri"},"content":{"rendered":"<p>T\u00fcrkiye\u2019nin Kelebekleri ile objektiflerimizi, \u00fclkemizi payla\u015ft\u0131\u011f\u0131m\u0131z k\u00fc\u00e7\u00fck ama bir o kadar b\u00fcy\u00fcleyici canl\u0131lara \u00e7eviriyoruz: Kelebeklere! T\u00fcm ekosistemin birbirine nas\u0131l ba\u011fl\u0131 oldu\u011funu bir de kelebeklerin d\u00fcnyas\u0131n\u0131 inceleyerek g\u00f6relim. Nas\u0131l ya\u015farlar? G\u00f6r\u00fcnd\u00fckleri kadar hassas canl\u0131lar m\u0131d\u0131r? Koku al\u0131rlar m\u0131? Nas\u0131l uyurlar? Kelebeklerin isimleri nereden gelir? Kelebekler hakk\u0131nda bir\u00e7ok soruya cevap veren bu kitap, profesyonel foto\u011fraf\u00e7\u0131 olan yazarlar\u0131m\u0131z Alper T\u00fcyde\u015f, Hakan Y\u0131ld\u0131r\u0131m ve Onat Ba\u015fbay taraf\u0131ndan haz\u0131rland\u0131. \u00dclkemizde sadece bir b\u00f6lgede ya\u015fayan, endemik kelebek t\u00fcrlerinin yan\u0131 s\u0131ra \u00e7evremizde rastlayabilece\u011fimiz etkileyici t\u00fcrler de bu kitaptaki yerini ald\u0131. Kitap sonuna ekledi\u011fimiz \u201cAra-Bul-Tan\u0131-Sev\u201d oyunu da merakl\u0131 okurlar\u0131n\u0131 bekliyor. <\/p>\n","protected":false},"excerpt":{"rendered":"<p>T\u00fcrkiye\u2019nin Kelebekleri ile objektiflerimizi, \u00fclkemizi payla\u015ft\u0131\u011f\u0131m\u0131z k\u00fc\u00e7\u00fck ama bir o kadar b\u00fcy\u00fcleyici canl\u0131lara \u00e7eviriyoruz: Kelebeklere! T\u00fcm ekosistemin birbirine nas\u0131l ba\u011fl\u0131 oldu\u011funu bir de kelebeklerin d\u00fcnyas\u0131n\u0131 inceleyerek<span class=\"excerpt-hellip\"> [\u2026]<\/span><\/p>\n","protected":false},"featured_media":0,"template":"","meta":{"_monsterinsights_skip_tracking":false,"_monsterinsights_sitenote_active":false,"_monsterinsights_sitenote_note":"","_monsterinsights_sitenote_category":0},"product_brand":[],"product_cat":[12275,12274],"product_tag":[],"class_list":{"0":"post-751247","1":"product","2":"type-product","3":"status-publish","5":"product_cat-6-12-yas-kitaplari","6":"product_cat-cocuk-ve-genclik-kitaplari","7":"pa_cilt-ciltsiz","8":"pa_tur-kitap","9":"pa_yayinevi-vakifbank-kultur-yayinlari","10":"pa_yazar-alper-tuydes-hakan-yildirim-onat-basbay","12":"first","13":"instock","14":"sale","15":"shipping-taxable","16":"purchasable","17":"product-type-simple"},"_links":{"self":[{"href":"https:\/\/roveyayinevi.com.tr\/index.php\/wp-json\/wp\/v2\/product\/751247","targetHints":{"allow":["GET"]}}],"collection":[{"href":"https:\/\/roveyayinevi.com.tr\/index.php\/wp-json\/wp\/v2\/product"}],"about":[{"href":"https:\/\/roveyayinevi.com.tr\/index.php\/wp-json\/wp\/v2\/types\/product"}],"wp:attachment":[{"href":"https:\/\/roveyayinevi.com.tr\/index.php\/wp-json\/wp\/v2\/media?parent=751247"}],"wp:term":[{"taxonomy":"product_brand","embeddable":true,"href":"https:\/\/roveyayinevi.com.tr\/index.php\/wp-json\/wp\/v2\/product_brand?post=751247"},{"taxonomy":"product_cat","embeddable":true,"href":"https:\/\/roveyayinevi.com.tr\/index.php\/wp-json\/wp\/v2\/product_cat?post=751247"},{"taxonomy":"product_tag","embeddable":true,"href":"https:\/\/roveyayinevi.com.tr\/index.php\/wp-json\/wp\/v2\/product_tag?post=751247"}],"curies":[{"name":"wp","href":"https:\/\/api.w.org\/{rel}","templated":true}]}}