{"id":751240,"date":"2025-08-28T04:43:48","date_gmt":"2025-08-28T01:43:48","guid":{"rendered":"https:\/\/roveyayinevi.com.tr\/index.php\/urun\/catwoman-ruh-hirsizi\/"},"modified":"2026-04-16T03:04:42","modified_gmt":"2026-04-16T00:04:42","slug":"catwoman-ruh-hirsizi","status":"publish","type":"product","link":"https:\/\/roveyayinevi.com.tr\/index.php\/urun\/catwoman-ruh-hirsizi\/","title":{"rendered":"Catwoman \u2013 Ruh H\u0131rs\u0131z\u0131"},"content":{"rendered":"<p>Selina Kyle, iki y\u0131l\u0131n ard\u0131ndan Gotham \u015eehri\u2019ne geri d\u00f6nd\u00fc. Ve Batman art\u0131k yok. Selina var\u2026 Daha do\u011frusu Holly Vanderhees. Muntazam soygunculuk kabiliyetiyle Gotham\u2019\u0131n yeni sosyetesi, \u015fehrin en g\u00f6zde vatanda\u015flar\u0131ndan biri\u2026 Ama ge\u00e7mi\u015fi pe\u015fini b\u0131rakm\u0131yor ve zaman\u0131 gitgide daral\u0131yor\u2026   Luke Fox, Batwing olarak \u015fehri t\u00fcm k\u00f6t\u00fclerden koruyabilece\u011fini Batman\u2019a ispatlamak i\u00e7in do\u011fru an\u0131 kolluyor. Y\u00fcksek sosyetenin ba\u011f\u0131\u015f etkinlilerinde ya\u015fanan soygunlarsa t\u00fcm huzuru alt\u00fcst ediyor. Ne yaparsa yaps\u0131n hep bir ad\u0131m geride kal\u0131yor. Selina vakti t\u00fckenmeden Batwing\u2019i alt edebilecek mi? Yoksa planlar\u0131n\u0131n t\u0131k\u0131r t\u0131k\u0131r i\u015fledi\u011fini san\u0131rken, onun i\u00e7in haz\u0131rlanan daha b\u00fcy\u00fck bir plan\u0131n kurban\u0131 m\u0131 olacak?<\/p>\n","protected":false},"excerpt":{"rendered":"<p>Selina Kyle, iki y\u0131l\u0131n ard\u0131ndan Gotham \u015eehri\u2019ne geri d\u00f6nd\u00fc. Ve Batman art\u0131k yok. Selina var\u2026 Daha do\u011frusu Holly Vanderhees. Muntazam soygunculuk kabiliyetiyle Gotham\u2019\u0131n yeni sosyetesi, \u015fehrin<span class=\"excerpt-hellip\"> [\u2026]<\/span><\/p>\n","protected":false},"featured_media":0,"template":"","meta":{"_monsterinsights_skip_tracking":false,"_monsterinsights_sitenote_active":false,"_monsterinsights_sitenote_note":"","_monsterinsights_sitenote_category":0},"product_brand":[],"product_cat":[12416,12291],"product_tag":[],"class_list":{"0":"post-751240","1":"product","2":"type-product","3":"status-publish","5":"product_cat-cizgi-roman","6":"product_cat-edebiyat","7":"pa_cilt-ciltsiz","8":"pa_tur-kitap","9":"pa_yayinevi-epsilon-yayinlari","10":"pa_yazar-sarah-j-maas","12":"first","13":"instock","14":"sale","15":"shipping-taxable","16":"purchasable","17":"product-type-simple"},"_links":{"self":[{"href":"https:\/\/roveyayinevi.com.tr\/index.php\/wp-json\/wp\/v2\/product\/751240","targetHints":{"allow":["GET"]}}],"collection":[{"href":"https:\/\/roveyayinevi.com.tr\/index.php\/wp-json\/wp\/v2\/product"}],"about":[{"href":"https:\/\/roveyayinevi.com.tr\/index.php\/wp-json\/wp\/v2\/types\/product"}],"wp:attachment":[{"href":"https:\/\/roveyayinevi.com.tr\/index.php\/wp-json\/wp\/v2\/media?parent=751240"}],"wp:term":[{"taxonomy":"product_brand","embeddable":true,"href":"https:\/\/roveyayinevi.com.tr\/index.php\/wp-json\/wp\/v2\/product_brand?post=751240"},{"taxonomy":"product_cat","embeddable":true,"href":"https:\/\/roveyayinevi.com.tr\/index.php\/wp-json\/wp\/v2\/product_cat?post=751240"},{"taxonomy":"product_tag","embeddable":true,"href":"https:\/\/roveyayinevi.com.tr\/index.php\/wp-json\/wp\/v2\/product_tag?post=751240"}],"curies":[{"name":"wp","href":"https:\/\/api.w.org\/{rel}","templated":true}]}}