{"id":751237,"date":"2025-08-28T04:43:43","date_gmt":"2025-08-28T01:43:43","guid":{"rendered":"https:\/\/roveyayinevi.com.tr\/index.php\/urun\/yagmur-gibi-siirler\/"},"modified":"2026-04-16T03:04:41","modified_gmt":"2026-04-16T00:04:41","slug":"yagmur-gibi-siirler","status":"publish","type":"product","link":"https:\/\/roveyayinevi.com.tr\/index.php\/urun\/yagmur-gibi-siirler\/","title":{"rendered":"Ya\u011fmur Gibi \u015eiirler"},"content":{"rendered":"<p>YA\u011eMUR KAR   Ya\u011fmur kar ya\u011fmazsa toprak feryat eder, Tatl\u0131 su kaynaklar\u0131 can canan biter, Su tasarruar\u0131na ba\u015flamayan kullar; Su musluklar\u0131ndan TIS sesleri dinler.   Da\u011flar beyaz \u00f6rt\u00fcden nasibini almad\u0131, Topraklar\u0131n y\u00fcz\u00fc co\u015farak g\u00fclmedi, P\u0131narlarla dereler kendine gelmedi, Tatl\u0131 su barajlar\u0131 acep ne hallerde?   Kurak ge\u00e7en aylar sinyali veriyor, K\u00e2h t\u00fcylerim tiken, tiken oluyor, Susuz kalan her can peri\u015fan oluyor, Allah hi\u00e7bir canl\u0131y\u0131 darda koymas\u0131n.   06.03.2023 10.740 \u0130smet G\u00dcR <\/p>\n","protected":false},"excerpt":{"rendered":"<p>YA\u011eMUR KAR Ya\u011fmur kar ya\u011fmazsa toprak feryat eder, Tatl\u0131 su kaynaklar\u0131 can canan biter, Su tasarruar\u0131na ba\u015flamayan kullar; Su musluklar\u0131ndan TIS sesleri dinler. Da\u011flar beyaz \u00f6rt\u00fcden<span class=\"excerpt-hellip\"> [\u2026]<\/span><\/p>\n","protected":false},"featured_media":0,"template":"","meta":{"_monsterinsights_skip_tracking":false,"_monsterinsights_sitenote_active":false,"_monsterinsights_sitenote_note":"","_monsterinsights_sitenote_category":0},"product_brand":[],"product_cat":[12291,12509],"product_tag":[],"class_list":{"0":"post-751237","1":"product","2":"type-product","3":"status-publish","5":"product_cat-edebiyat","6":"product_cat-siir","7":"pa_cilt-ciltsiz","8":"pa_tur-kitap","9":"pa_yayinevi-gulnar-yayinlari","10":"pa_yazar-ismet-gur","12":"first","13":"instock","14":"sale","15":"shipping-taxable","16":"purchasable","17":"product-type-simple"},"_links":{"self":[{"href":"https:\/\/roveyayinevi.com.tr\/index.php\/wp-json\/wp\/v2\/product\/751237","targetHints":{"allow":["GET"]}}],"collection":[{"href":"https:\/\/roveyayinevi.com.tr\/index.php\/wp-json\/wp\/v2\/product"}],"about":[{"href":"https:\/\/roveyayinevi.com.tr\/index.php\/wp-json\/wp\/v2\/types\/product"}],"wp:attachment":[{"href":"https:\/\/roveyayinevi.com.tr\/index.php\/wp-json\/wp\/v2\/media?parent=751237"}],"wp:term":[{"taxonomy":"product_brand","embeddable":true,"href":"https:\/\/roveyayinevi.com.tr\/index.php\/wp-json\/wp\/v2\/product_brand?post=751237"},{"taxonomy":"product_cat","embeddable":true,"href":"https:\/\/roveyayinevi.com.tr\/index.php\/wp-json\/wp\/v2\/product_cat?post=751237"},{"taxonomy":"product_tag","embeddable":true,"href":"https:\/\/roveyayinevi.com.tr\/index.php\/wp-json\/wp\/v2\/product_tag?post=751237"}],"curies":[{"name":"wp","href":"https:\/\/api.w.org\/{rel}","templated":true}]}}