{"id":751236,"date":"2025-08-28T04:43:41","date_gmt":"2025-08-28T01:43:41","guid":{"rendered":"https:\/\/roveyayinevi.com.tr\/index.php\/urun\/sensiz-kalan-siirler\/"},"modified":"2026-04-16T03:04:41","modified_gmt":"2026-04-16T00:04:41","slug":"sensiz-kalan-siirler","status":"publish","type":"product","link":"https:\/\/roveyayinevi.com.tr\/index.php\/urun\/sensiz-kalan-siirler\/","title":{"rendered":"Sensiz Kalan \u015eiirler"},"content":{"rendered":"<p>ESK\u0130 G\u00dcNLER   Ey gidi eski g\u00fcnler geldi ge\u00e7ti yel gibi, \u015eimdi o sokaklarda hepten olduk el gibi, Ne \u00e7\u0131narlar devrildi\u201d yerinde yeller eser, Hakikat k\u0131r\u0131c\u0131d\u0131r kime s\u00f6ylense k\u00fcser.   \u00d6mr\u00fc benzetiyorum s\u00fcrat teknelerine, Nerde g\u00f6\u00e7\u00fcp gidenler hi\u00e7 gelmez yerine, Bakt\u0131k\u00e7a \u00fcz\u00fcl\u00fcr\u00fcm onlar\u0131n hallerine, Kulak verip dinlerim b\u00fclb\u00fcl namelerine.   Yol dedi\u011fin an gelir haber vermeden biter, Kaptan\u0131 sarho\u015f gemi k\u00fc\u00e7\u00fck dalgada batar, Etkilenmeyen olmaz sonbahar r\u00fczg\u00e2r\u0131ndan, B\u00fct\u00fcn dertleni\u015flerim keyif de\u011fil zorumdan. 10.12.2007 855 \u0130smet G\u00dcR <\/p>\n","protected":false},"excerpt":{"rendered":"<p>ESK\u0130 G\u00dcNLER Ey gidi eski g\u00fcnler geldi ge\u00e7ti yel gibi, \u015eimdi o sokaklarda hepten olduk el gibi, Ne \u00e7\u0131narlar devrildi\u201d yerinde yeller eser, Hakikat k\u0131r\u0131c\u0131d\u0131r kime<span class=\"excerpt-hellip\"> [\u2026]<\/span><\/p>\n","protected":false},"featured_media":0,"template":"","meta":{"_monsterinsights_skip_tracking":false,"_monsterinsights_sitenote_active":false,"_monsterinsights_sitenote_note":"","_monsterinsights_sitenote_category":0},"product_brand":[],"product_cat":[12291,12509],"product_tag":[],"class_list":{"0":"post-751236","1":"product","2":"type-product","3":"status-publish","5":"product_cat-edebiyat","6":"product_cat-siir","7":"pa_cilt-ciltsiz","8":"pa_tur-kitap","9":"pa_yayinevi-gulnar-yayinlari","10":"pa_yazar-ismet-gur","12":"first","13":"instock","14":"sale","15":"shipping-taxable","16":"purchasable","17":"product-type-simple"},"_links":{"self":[{"href":"https:\/\/roveyayinevi.com.tr\/index.php\/wp-json\/wp\/v2\/product\/751236","targetHints":{"allow":["GET"]}}],"collection":[{"href":"https:\/\/roveyayinevi.com.tr\/index.php\/wp-json\/wp\/v2\/product"}],"about":[{"href":"https:\/\/roveyayinevi.com.tr\/index.php\/wp-json\/wp\/v2\/types\/product"}],"wp:attachment":[{"href":"https:\/\/roveyayinevi.com.tr\/index.php\/wp-json\/wp\/v2\/media?parent=751236"}],"wp:term":[{"taxonomy":"product_brand","embeddable":true,"href":"https:\/\/roveyayinevi.com.tr\/index.php\/wp-json\/wp\/v2\/product_brand?post=751236"},{"taxonomy":"product_cat","embeddable":true,"href":"https:\/\/roveyayinevi.com.tr\/index.php\/wp-json\/wp\/v2\/product_cat?post=751236"},{"taxonomy":"product_tag","embeddable":true,"href":"https:\/\/roveyayinevi.com.tr\/index.php\/wp-json\/wp\/v2\/product_tag?post=751236"}],"curies":[{"name":"wp","href":"https:\/\/api.w.org\/{rel}","templated":true}]}}