{"id":751235,"date":"2025-08-28T04:43:39","date_gmt":"2025-08-28T01:43:39","guid":{"rendered":"https:\/\/roveyayinevi.com.tr\/index.php\/urun\/siirler-cocuk-gibidir\/"},"modified":"2026-04-16T03:04:41","modified_gmt":"2026-04-16T00:04:41","slug":"siirler-cocuk-gibidir","status":"publish","type":"product","link":"https:\/\/roveyayinevi.com.tr\/index.php\/urun\/siirler-cocuk-gibidir\/","title":{"rendered":"\u015eiirler \u00c7ocuk Gibidir"},"content":{"rendered":"<p>\u015eA\u0130RLER SUSARSA   \u015eair susarsa seni acep kim anlat\u0131r, G\u00f6rm\u00fcyorsun yaral\u0131 kol g\u00f6vde bacak, Ey kul iki y\u00fczl\u00fcl\u00fckler r\u00fc\u015fvetler ni\u00e7in? Hele bir bak\u0131n nereden nereye geldik.   Her merdivenin ucunda farkl\u0131 bir oyun, Bu millet insand\u0131 ey kul de\u011fil koyun, Suskun durup k\u00f6t\u00fcye e\u011fmeyesin boyun, Canlar bir bak\u0131n nereden nerelere geldik?   Edep ile ahlak\u0131n\u0131z\u0131 \u00fczenler \u00e7o\u011fald\u0131, Onca \u015fairler kimlere avukat oldu? An gelir sizler i\u00e7in k\u00e2h zindanda kald\u0131, G\u00fczelim her bir duaya \u00e2min denilir mi? 31.10.2022 10.269 \u0130smet G\u00dcR <\/p>\n","protected":false},"excerpt":{"rendered":"<p>\u015eA\u0130RLER SUSARSA \u015eair susarsa seni acep kim anlat\u0131r, G\u00f6rm\u00fcyorsun yaral\u0131 kol g\u00f6vde bacak, Ey kul iki y\u00fczl\u00fcl\u00fckler r\u00fc\u015fvetler ni\u00e7in? Hele bir bak\u0131n nereden nereye geldik. Her<span class=\"excerpt-hellip\"> [\u2026]<\/span><\/p>\n","protected":false},"featured_media":0,"template":"","meta":{"_monsterinsights_skip_tracking":false,"_monsterinsights_sitenote_active":false,"_monsterinsights_sitenote_note":"","_monsterinsights_sitenote_category":0},"product_brand":[],"product_cat":[12291,12509],"product_tag":[],"class_list":{"0":"post-751235","1":"product","2":"type-product","3":"status-publish","5":"product_cat-edebiyat","6":"product_cat-siir","7":"pa_cilt-ciltsiz","8":"pa_tur-kitap","9":"pa_yayinevi-gulnar-yayinlari","10":"pa_yazar-ismet-gur","12":"first","13":"instock","14":"sale","15":"shipping-taxable","16":"purchasable","17":"product-type-simple"},"_links":{"self":[{"href":"https:\/\/roveyayinevi.com.tr\/index.php\/wp-json\/wp\/v2\/product\/751235","targetHints":{"allow":["GET"]}}],"collection":[{"href":"https:\/\/roveyayinevi.com.tr\/index.php\/wp-json\/wp\/v2\/product"}],"about":[{"href":"https:\/\/roveyayinevi.com.tr\/index.php\/wp-json\/wp\/v2\/types\/product"}],"wp:attachment":[{"href":"https:\/\/roveyayinevi.com.tr\/index.php\/wp-json\/wp\/v2\/media?parent=751235"}],"wp:term":[{"taxonomy":"product_brand","embeddable":true,"href":"https:\/\/roveyayinevi.com.tr\/index.php\/wp-json\/wp\/v2\/product_brand?post=751235"},{"taxonomy":"product_cat","embeddable":true,"href":"https:\/\/roveyayinevi.com.tr\/index.php\/wp-json\/wp\/v2\/product_cat?post=751235"},{"taxonomy":"product_tag","embeddable":true,"href":"https:\/\/roveyayinevi.com.tr\/index.php\/wp-json\/wp\/v2\/product_tag?post=751235"}],"curies":[{"name":"wp","href":"https:\/\/api.w.org\/{rel}","templated":true}]}}