{"id":751234,"date":"2025-08-28T04:43:37","date_gmt":"2025-08-28T01:43:37","guid":{"rendered":"https:\/\/roveyayinevi.com.tr\/index.php\/urun\/nandi\/"},"modified":"2026-03-09T03:11:34","modified_gmt":"2026-03-09T00:11:34","slug":"nandi","status":"publish","type":"product","link":"https:\/\/roveyayinevi.com.tr\/index.php\/urun\/nandi\/","title":{"rendered":"Nandi"},"content":{"rendered":"<p>G\u00f6zlerini a\u00e7t\u0131\u011f\u0131nda \u00f6nce ger\u00e7ekten uyan\u0131p uyanmad\u0131\u011f\u0131n\u0131 anlayamad\u0131. Buraya nas\u0131l t\u0131rmand\u0131\u011f\u0131n\u0131 hat\u0131rlam\u0131yordu. Bah\u00e7edeki erik a\u011fac\u0131n\u0131n \u00fczerinde duruyordu. A\u015fa\u011f\u0131da durmu\u015f kendisine bakan \u015eeytan\u2019la g\u00f6z g\u00f6ze geldi. Sonra garip bir \u015feyi fark etti. Elleriyle hi\u00e7bir yere tutunmam\u0131\u015ft\u0131. Sadece ayaklar\u0131yla dala tutunmu\u015ftu. Dala m\u0131 tutunmu\u015f-tu? O an akl\u0131na gelmi\u015f gibi iki kolunu yanlara do\u011fru kald\u0131rd\u0131. Yanlara kalkan iki \u015feyin kollar\u0131 de\u011fil de iki k\u00fc\u00e7\u00fck kanat oldu\u011funu g\u00f6r\u00fcnce bir kez daha \u015fa\u015f\u0131rd\u0131. \u015eimdi \u015funu da fark ediyordu. Bakt\u0131\u011f\u0131 yerde g\u00f6rd\u00fc\u011f\u00fc manzaray\u0131 sanki olmas\u0131 gerekenden biraz farkl\u0131 alg\u0131l\u0131yordu. G\u00f6zlerinde bir gariplik var gibiydi. &#8211;      Hey Nandi! L\u00fctfen biraz sakin ol, yoksa bizi a\u015fa\u011f\u0131ya d\u00fc\u015f\u00fcreceksin. Ya da kontrol\u00fc bana b\u0131rak istersen. Dedi bir ses. Konu\u015fan bir ser\u00e7eydi. Bir ser\u00e7enin g\u00f6zlerinden bak\u0131-yordu. Kondu\u011fu a\u011fa\u00e7 dal\u0131ndayd\u0131. Yapt\u0131\u011f\u0131 tela\u015fl\u0131, kontrol-s\u00fcz hareketler dengesinin bozulmas\u0131na sebep oluyordu. Geri \u00e7ekilmeyi akl\u0131ndan ge\u00e7irdi\u011fi anda kendini yata\u011f\u0131nda buldu. \u015eimdi kendi g\u00f6zlerinden yata\u011f\u0131nda uzanm\u0131\u015f seyretti\u011fi tavana bak\u0131yordu. &#8211;      Affedersin bu nas\u0131l oldu anlamad\u0131m. Diyerek ser\u00e7eden \u00f6z\u00fcr diledi. Ayr\u0131larak kendi v\u00fccuduna d\u00f6nd\u00fc\u011f\u00fcnde fark etmedi\u011fi bir \u015fey daha vard\u0131. Art\u0131k ona Nandi denmesine itiraz etmiyordu. Nas\u0131l oldu\u011funu a\u00e7\u0131klayamasa da bir \u015fekilde art\u0131k bu kelimenin anlam\u0131n\u0131 biliyor gibiydi. <\/p>\n","protected":false},"excerpt":{"rendered":"<p>G\u00f6zlerini a\u00e7t\u0131\u011f\u0131nda \u00f6nce ger\u00e7ekten uyan\u0131p uyanmad\u0131\u011f\u0131n\u0131 anlayamad\u0131. Buraya nas\u0131l t\u0131rmand\u0131\u011f\u0131n\u0131 hat\u0131rlam\u0131yordu. Bah\u00e7edeki erik a\u011fac\u0131n\u0131n \u00fczerinde duruyordu. A\u015fa\u011f\u0131da durmu\u015f kendisine bakan \u015eeytan\u2019la g\u00f6z g\u00f6ze geldi. Sonra garip<span class=\"excerpt-hellip\"> [\u2026]<\/span><\/p>\n","protected":false},"featured_media":0,"template":"","meta":{"_monsterinsights_skip_tracking":false,"_monsterinsights_sitenote_active":false,"_monsterinsights_sitenote_note":"","_monsterinsights_sitenote_category":0},"product_brand":[],"product_cat":[12291,12711],"product_tag":[],"class_list":{"0":"post-751234","1":"product","2":"type-product","3":"status-publish","5":"product_cat-edebiyat","6":"product_cat-roman-oyku","7":"pa_cilt-ciltsiz","8":"pa_tur-kitap","9":"pa_yayinevi-gulnar-yayinlari","10":"pa_yazar-mahmut-gokhan-akkaya","12":"first","13":"instock","14":"sale","15":"shipping-taxable","16":"purchasable","17":"product-type-simple"},"_links":{"self":[{"href":"https:\/\/roveyayinevi.com.tr\/index.php\/wp-json\/wp\/v2\/product\/751234","targetHints":{"allow":["GET"]}}],"collection":[{"href":"https:\/\/roveyayinevi.com.tr\/index.php\/wp-json\/wp\/v2\/product"}],"about":[{"href":"https:\/\/roveyayinevi.com.tr\/index.php\/wp-json\/wp\/v2\/types\/product"}],"wp:attachment":[{"href":"https:\/\/roveyayinevi.com.tr\/index.php\/wp-json\/wp\/v2\/media?parent=751234"}],"wp:term":[{"taxonomy":"product_brand","embeddable":true,"href":"https:\/\/roveyayinevi.com.tr\/index.php\/wp-json\/wp\/v2\/product_brand?post=751234"},{"taxonomy":"product_cat","embeddable":true,"href":"https:\/\/roveyayinevi.com.tr\/index.php\/wp-json\/wp\/v2\/product_cat?post=751234"},{"taxonomy":"product_tag","embeddable":true,"href":"https:\/\/roveyayinevi.com.tr\/index.php\/wp-json\/wp\/v2\/product_tag?post=751234"}],"curies":[{"name":"wp","href":"https:\/\/api.w.org\/{rel}","templated":true}]}}