{"id":751233,"date":"2025-08-28T04:43:36","date_gmt":"2025-08-28T01:43:36","guid":{"rendered":"https:\/\/roveyayinevi.com.tr\/index.php\/urun\/sabun-kokusunda-olumu-anlamak\/"},"modified":"2026-04-16T03:04:41","modified_gmt":"2026-04-16T00:04:41","slug":"sabun-kokusunda-olumu-anlamak","status":"publish","type":"product","link":"https:\/\/roveyayinevi.com.tr\/index.php\/urun\/sabun-kokusunda-olumu-anlamak\/","title":{"rendered":"Sabun Kokusunda \u00d6l\u00fcm\u00fc Anlamak"},"content":{"rendered":"<p>Bir tek ben vard\u0131m orada, kimseler yoktu, oradalarsa bile kimseden \u00e7\u0131t \u00e7\u0131km\u0131yordu. Hi\u00e7bir \u015fey tam de\u011fildi, her \u015feyde bir eksiklik vard\u0131. Kulaklar\u0131ma zaman zaman kayna\u011f\u0131n\u0131 \u00f6nemsemedi\u011fim h\u00fcz\u00fcnl\u00fc bir m\u0131r\u0131lt\u0131 geliyordu. Bense i\u00e7imde kocaman bir bo\u015flukla sanki sonsuz maviliklerde s\u00f6rf yapan biri gibiydim. \u00d6l\u00fcm\u00fcn iliklerime kadar i\u015fledi\u011fi, gidenin ac\u0131s\u0131n\u0131 \u00f6rtmeye bile yetmeyen yaln\u0131zl\u0131kla \u00f6zde\u015f olmu\u015f bir umursamazl\u0131kla helvay\u0131 kar\u0131\u015ft\u0131rmaya devam ettim. \u0130\u00e7ine f\u0131st\u0131k koyup koymamak umurumda bile de\u011fildi ama birisi geldi, kenar\u0131 y\u0131rt\u0131k bir tabakla f\u0131st\u0131\u011f\u0131 oldu\u011fu gibi boca etti. \u201c\u0130yice kavur,\u201d dedi \u201ckavur ki kokusu \u00f6l\u00fc bedenine ula\u015fs\u0131n.\u201d   \u00d6l\u00fcm hakk\u0131ndaki bilinmezli\u011fin net bir tarifini vermek m\u00fcmk\u00fcn de\u011fildir. Ancak bu kitap yazar\u0131n deneyimleriyle birlikte okurda ciddi bir fark\u0131ndal\u0131k yarat\u0131yor. Kitab\u0131n ilk k\u0131sm\u0131nda yazar\u0131n kendi kay\u0131plar\u0131yla ilgili b\u00f6l\u00fcmleri okurken kimi zaman zorlanmamak kimi zaman a\u011flamamak m\u00fcmk\u00fcn olmayacak. Ayr\u0131ca kitab\u0131n bu kadar ger\u00e7ek hik\u00e2yelerden beslenmesi, ikinci k\u0131s\u0131mda yer alan \u201c\u00d6l\u00fcm\u00fc Anlamak\u201d ve \u201cYas Tutmak\u201d gibi b\u00f6l\u00fcmlerin inand\u0131r\u0131c\u0131l\u0131\u011f\u0131n\u0131 art\u0131r\u0131yor. \u00c7\u00fcnk\u00fc okur bu a\u015famada; kayb\u0131 ger\u00e7ekten ya\u015fam\u0131\u015f, duyumsam\u0131\u015f, hissetmi\u015f birinin g\u00f6z\u00fcnden oldu\u011funu biliyor sat\u0131rlar\u0131n.   Emel D\u00f6ner Aksoy, konu \u00fczerine yapt\u0131\u011f\u0131 ara\u015ft\u0131rmalardan derledi\u011fi ve bilimsel verilerle destekledi\u011fi eserinde \u00f6l\u00fcm kavram\u0131n\u0131 ve yas s\u00fcre\u00e7lerini g\u00f6zler \u00f6n\u00fcne seriyor.<\/p>\n","protected":false},"excerpt":{"rendered":"<p>Bir tek ben vard\u0131m orada, kimseler yoktu, oradalarsa bile kimseden \u00e7\u0131t \u00e7\u0131km\u0131yordu. Hi\u00e7bir \u015fey tam de\u011fildi, her \u015feyde bir eksiklik vard\u0131. Kulaklar\u0131ma zaman zaman kayna\u011f\u0131n\u0131 \u00f6nemsemedi\u011fim<span class=\"excerpt-hellip\"> [\u2026]<\/span><\/p>\n","protected":false},"featured_media":0,"template":"","meta":{"_monsterinsights_skip_tracking":false,"_monsterinsights_sitenote_active":false,"_monsterinsights_sitenote_note":"","_monsterinsights_sitenote_category":0},"product_brand":[],"product_cat":[12364,12376],"product_tag":[],"class_list":{"0":"post-751233","1":"product","2":"type-product","3":"status-publish","5":"product_cat-genel-konular","6":"product_cat-kisisel-gelisim","7":"pa_cilt-ciltsiz","8":"pa_tur-kitap","9":"pa_yayinevi-luna-yayinlari","10":"pa_yazar-emel-doner-aksoy","12":"first","13":"instock","14":"sale","15":"shipping-taxable","16":"purchasable","17":"product-type-simple"},"_links":{"self":[{"href":"https:\/\/roveyayinevi.com.tr\/index.php\/wp-json\/wp\/v2\/product\/751233","targetHints":{"allow":["GET"]}}],"collection":[{"href":"https:\/\/roveyayinevi.com.tr\/index.php\/wp-json\/wp\/v2\/product"}],"about":[{"href":"https:\/\/roveyayinevi.com.tr\/index.php\/wp-json\/wp\/v2\/types\/product"}],"wp:attachment":[{"href":"https:\/\/roveyayinevi.com.tr\/index.php\/wp-json\/wp\/v2\/media?parent=751233"}],"wp:term":[{"taxonomy":"product_brand","embeddable":true,"href":"https:\/\/roveyayinevi.com.tr\/index.php\/wp-json\/wp\/v2\/product_brand?post=751233"},{"taxonomy":"product_cat","embeddable":true,"href":"https:\/\/roveyayinevi.com.tr\/index.php\/wp-json\/wp\/v2\/product_cat?post=751233"},{"taxonomy":"product_tag","embeddable":true,"href":"https:\/\/roveyayinevi.com.tr\/index.php\/wp-json\/wp\/v2\/product_tag?post=751233"}],"curies":[{"name":"wp","href":"https:\/\/api.w.org\/{rel}","templated":true}]}}