{"id":751232,"date":"2025-08-28T04:43:34","date_gmt":"2025-08-28T01:43:34","guid":{"rendered":"https:\/\/roveyayinevi.com.tr\/index.php\/urun\/bay-oskar-tatilde\/"},"modified":"2026-04-16T03:04:41","modified_gmt":"2026-04-16T00:04:41","slug":"bay-oskar-tatilde","status":"publish","type":"product","link":"https:\/\/roveyayinevi.com.tr\/index.php\/urun\/bay-oskar-tatilde\/","title":{"rendered":"Bay Oskar Tatilde"},"content":{"rendered":"<p>Bay Oskar ile g\u00fcne\u015fli bir tatile \u00e7\u0131kmaya ne dersiniz? Bay Oskar tatilde arkada\u015flar\u0131yla bulu\u015facak; s\u0131cak sahilleri, karl\u0131 da\u011flar\u0131 ve yemye\u015fil kamp yerlerini ziyaret edecek. \u00dcstelik yolculu\u011fu boyunca pek \u00e7ok \u0130ngilizce s\u00f6zc\u00fck \u00f6\u011frenecek. Ke\u015ffedilecek \u00f6yle \u00e7ok \u015fey var ki!   \u00d6d\u00fcll\u00fc \u00e7izer Jim Field\u2019in kaleminden Bay Oskar Tatilde kitab\u0131, ilgi \u00e7ekici detaylarla bezeli sahneler e\u015fli\u011finde okurlar\u0131n\u0131 hem e\u011flenceli hem de e\u011fitici bir yolculu\u011fa \u00e7\u0131kar\u0131yor.  S\u00f6zc\u00fcklerin \u0130ngilizce-T\u00fcrk\u00e7e kar\u015f\u0131l\u0131klar\u0131n\u0131n da yer ald\u0131\u011f\u0131 bu kitap yeni s\u00f6zc\u00fckler \u00f6\u011frenmeyi okurlar\u0131 i\u00e7in keyifli hale getiriyor. <\/p>\n","protected":false},"excerpt":{"rendered":"<p>Bay Oskar ile g\u00fcne\u015fli bir tatile \u00e7\u0131kmaya ne dersiniz? Bay Oskar tatilde arkada\u015flar\u0131yla bulu\u015facak; s\u0131cak sahilleri, karl\u0131 da\u011flar\u0131 ve yemye\u015fil kamp yerlerini ziyaret edecek. \u00dcstelik yolculu\u011fu<span class=\"excerpt-hellip\"> [\u2026]<\/span><\/p>\n","protected":false},"featured_media":0,"template":"","meta":{"_monsterinsights_skip_tracking":false,"_monsterinsights_sitenote_active":false,"_monsterinsights_sitenote_note":"","_monsterinsights_sitenote_category":0},"product_brand":[],"product_cat":[12274,12284],"product_tag":[],"class_list":{"0":"post-751232","1":"product","2":"type-product","3":"status-publish","5":"product_cat-cocuk-ve-genclik-kitaplari","6":"product_cat-hikayeler","7":"pa_cilt-ciltsiz","8":"pa_tur-kitap","9":"pa_yayinevi-redhouse-kidz-yayinlari","10":"pa_yazar-jim-field","12":"first","13":"instock","14":"sale","15":"shipping-taxable","16":"purchasable","17":"product-type-simple"},"_links":{"self":[{"href":"https:\/\/roveyayinevi.com.tr\/index.php\/wp-json\/wp\/v2\/product\/751232","targetHints":{"allow":["GET"]}}],"collection":[{"href":"https:\/\/roveyayinevi.com.tr\/index.php\/wp-json\/wp\/v2\/product"}],"about":[{"href":"https:\/\/roveyayinevi.com.tr\/index.php\/wp-json\/wp\/v2\/types\/product"}],"wp:attachment":[{"href":"https:\/\/roveyayinevi.com.tr\/index.php\/wp-json\/wp\/v2\/media?parent=751232"}],"wp:term":[{"taxonomy":"product_brand","embeddable":true,"href":"https:\/\/roveyayinevi.com.tr\/index.php\/wp-json\/wp\/v2\/product_brand?post=751232"},{"taxonomy":"product_cat","embeddable":true,"href":"https:\/\/roveyayinevi.com.tr\/index.php\/wp-json\/wp\/v2\/product_cat?post=751232"},{"taxonomy":"product_tag","embeddable":true,"href":"https:\/\/roveyayinevi.com.tr\/index.php\/wp-json\/wp\/v2\/product_tag?post=751232"}],"curies":[{"name":"wp","href":"https:\/\/api.w.org\/{rel}","templated":true}]}}