{"id":751231,"date":"2025-08-28T04:43:32","date_gmt":"2025-08-28T01:43:32","guid":{"rendered":"https:\/\/roveyayinevi.com.tr\/index.php\/urun\/uzun-parlak-nehir\/"},"modified":"2026-04-16T03:04:41","modified_gmt":"2026-04-16T00:04:41","slug":"uzun-parlak-nehir","status":"publish","type":"product","link":"https:\/\/roveyayinevi.com.tr\/index.php\/urun\/uzun-parlak-nehir\/","title":{"rendered":"Uzun Parlak Nehir"},"content":{"rendered":"<p>\u201cGer\u00e7ek, beni yalandan daha fazla korkutuyordu. Ger\u00e7ek, ya\u015fam\u0131mdaki durumlar\u0131 de\u011fi\u015ftirecekti. Yalan ise dura\u011fand\u0131. Yalan huzur doluydu. Yalanla mutluydum.\u201d   Hayat\u0131n bir nehir gibi ak\u0131p gitti\u011fi Kensington, pe\u015f pe\u015fe ya\u015fanan kad\u0131n cinayetleriyle sars\u0131lmaktad\u0131r. Tam bug\u00fcnlerdeyse Mickey, y\u0131llard\u0131r konu\u015fmad\u0131\u011f\u0131 i\u00e7in uzaktan uza\u011fa g\u00f6zetledi\u011fi uyu\u015fturucu ba\u011f\u0131ml\u0131s\u0131 karde\u015fi Kacey\u2019nin izini kaybetmi\u015ftir. Karde\u015fini bulmak i\u00e7in \u00e7\u0131kt\u0131\u011f\u0131 yolda mesle\u011fini \u2013devriye memurlu\u011fu-, dostlar\u0131n\u0131, o\u011flunu kaybetme korkusuyla y\u00fcz y\u00fcze gelecektir. Tak\u0131nt\u0131l\u0131 bir \u015fekilde pe\u015fine d\u00fc\u015ft\u00fc\u011f\u00fc gizemin ayd\u0131nlanmas\u0131yla birlikte eski hat\u0131ralar canlanacak, yeni dostlar edinecektir.   &#8220;Moore&#8217;un g\u00f6zlemleri bilgilendirici ve \u015fefkatli\u2026 Uzun Parlak Nehir ile ilgili en g\u00fczel \u015feylerden biri, ba\u011f\u0131ml\u0131l\u0131\u011f\u0131n bir edebi methiyesi olmamas\u0131.&#8221; (The Guardian)   &#8220;Karakterlerin i\u00e7 d\u00fcnyas\u0131n\u0131n, olaylar\u0131n ak\u0131\u015f\u0131 kadar \u00f6nemli olmas\u0131 tatmin edici.&#8221; (New York Times)   Liz Moore\u2019un \u00e7ok ilgi g\u00f6ren ve New York Times Bestseller  listesine giren kitab\u0131 Uzun Parlak Nehir ayn\u0131 zamanda 2020 Goodreads se\u00e7imlerinde \u201cEn \u0130yi Gizem-Gerilim aday\u0131\u201d olmu\u015ftur.<\/p>\n","protected":false},"excerpt":{"rendered":"<p>\u201cGer\u00e7ek, beni yalandan daha fazla korkutuyordu. Ger\u00e7ek, ya\u015fam\u0131mdaki durumlar\u0131 de\u011fi\u015ftirecekti. Yalan ise dura\u011fand\u0131. Yalan huzur doluydu. Yalanla mutluydum.\u201d Hayat\u0131n bir nehir gibi ak\u0131p gitti\u011fi Kensington, pe\u015f<span class=\"excerpt-hellip\"> [\u2026]<\/span><\/p>\n","protected":false},"featured_media":0,"template":"","meta":{"_monsterinsights_skip_tracking":false,"_monsterinsights_sitenote_active":false,"_monsterinsights_sitenote_note":"","_monsterinsights_sitenote_category":0},"product_brand":[],"product_cat":[12291,17033],"product_tag":[],"class_list":{"0":"post-751231","1":"product","2":"type-product","3":"status-publish","5":"product_cat-edebiyat","6":"product_cat-korku-gerilim","7":"pa_cilt-ciltsiz","8":"pa_tur-kitap","9":"pa_yayinevi-bilgi-yayinevi","10":"pa_yazar-liz-moore","12":"first","13":"instock","14":"sale","15":"shipping-taxable","16":"purchasable","17":"product-type-simple"},"_links":{"self":[{"href":"https:\/\/roveyayinevi.com.tr\/index.php\/wp-json\/wp\/v2\/product\/751231","targetHints":{"allow":["GET"]}}],"collection":[{"href":"https:\/\/roveyayinevi.com.tr\/index.php\/wp-json\/wp\/v2\/product"}],"about":[{"href":"https:\/\/roveyayinevi.com.tr\/index.php\/wp-json\/wp\/v2\/types\/product"}],"wp:attachment":[{"href":"https:\/\/roveyayinevi.com.tr\/index.php\/wp-json\/wp\/v2\/media?parent=751231"}],"wp:term":[{"taxonomy":"product_brand","embeddable":true,"href":"https:\/\/roveyayinevi.com.tr\/index.php\/wp-json\/wp\/v2\/product_brand?post=751231"},{"taxonomy":"product_cat","embeddable":true,"href":"https:\/\/roveyayinevi.com.tr\/index.php\/wp-json\/wp\/v2\/product_cat?post=751231"},{"taxonomy":"product_tag","embeddable":true,"href":"https:\/\/roveyayinevi.com.tr\/index.php\/wp-json\/wp\/v2\/product_tag?post=751231"}],"curies":[{"name":"wp","href":"https:\/\/api.w.org\/{rel}","templated":true}]}}