{"id":751230,"date":"2025-08-28T04:43:30","date_gmt":"2025-08-28T01:43:30","guid":{"rendered":"https:\/\/roveyayinevi.com.tr\/index.php\/urun\/devridaim-2\/"},"modified":"2026-04-08T03:11:28","modified_gmt":"2026-04-08T00:11:28","slug":"devridaim-2","status":"publish","type":"product","link":"https:\/\/roveyayinevi.com.tr\/index.php\/urun\/devridaim-2\/","title":{"rendered":"Devridaim"},"content":{"rendered":"<p>herkese e\u015fit verilmese, s\u00f6zc\u00fckler dervi\u015fi cahil kar\u015f\u0131s\u0131nda, mazlumu zalim kar\u015f\u0131s\u0131nda \u00e2ciz ve savunmas\u0131z b\u0131rakmasa.\u201d \u0130stanbul\u2019un sofistike ve bir o kadar berdu\u015f il\u00e7esi Be\u015fikta\u015f\u2019ta damacana su i\u015fiyle i\u015ftigal eden Serkan, giderek tuhafla\u015fan ve onu her ge\u00e7en g\u00fcn daha \u00e7ok sarsan r\u00fcyalar\u0131n etkisindedir. Safdil Macit, su gibi \u00f6mr\u00fcnde I\u015f\u0131k\u2019\u0131na kavu\u015fmak i\u00e7in ortal\u0131\u011f\u0131 birbirine katarken, 68 Ku\u015fa\u011f\u0131na imzas\u0131n\u0131 en fiyakal\u0131 \u015fekliyle ataca\u011f\u0131n\u0131n fark\u0131nda de\u011fildir. \u0130stanbul\u2019da su da\u011f\u0131t\u0131m\u0131 i\u015finin Dersaadet Anonim Su \u015eirketi\u2019ne devredilme sanc\u0131lar\u0131 ya\u015fan\u0131rken, bu m\u00fchim meseleyi kendine dert edinen azledilmi\u015f Ahmet Vefik Pa\u015fa, ne fevkalade bir zat olarak tarihe ge\u00e7ece\u011finden bihaber, k\u00f6\u015fesinde Zor Nik\u00e2h\u0131 adl\u0131 oyunu yazmakla me\u015fguld\u00fcr. Yolunu kaybetmi\u015f bir ta\u015f ve bir mektup, zaman\u0131n \u201cdevridaimi\u201d i\u00e7inde insanlar\u0131n hayat\u0131na s\u0131zar. Ve belki de bu insanlar\u0131n farkl\u0131 zamanlarda ayn\u0131 yerde ya\u015fam\u0131\u015f olmak d\u0131\u015f\u0131nda birbiriyle hi\u00e7 ilgisi yoktur&#8230; Ezgi Tanerge\u00e7, 2022 Turgut \u00d6zakman \u0130lk Roman Yar\u0131\u015fmas\u0131 \u00f6d\u00fcl\u00fcn\u00fc kazanan Devridaim\u2019de, ilham ald\u0131\u011f\u0131 g\u00fcnl\u00fck, s\u0131radan deneyimlerin arkas\u0131ndaki sars\u0131c\u0131 olaylar\u0131 ve birbiriyle ilgisiz g\u00f6r\u00fcnen insanlar\u0131 suyun izinden giderek usta bir kurguyla birbirine ba\u011fl\u0131yor. Ak\u0131c\u0131 dili ve canl\u0131 anlat\u0131m\u0131yla okuyucuyu kimi zaman puslu zamanlarda bir \u00f6mr\u00fcn \u00fczerine \u00f6rt\u00fclen eski bir gazete k\u00e2\u011f\u0131d\u0131na, kimi zaman bir Pa\u015fa\u2019n\u0131n kona\u011f\u0131ndaki Hereke sabahl\u0131\u011fa, kimi zaman sokak sokak gezen bir damacana suya g\u00f6t\u00fcr\u00fcyor.<\/p>\n","protected":false},"excerpt":{"rendered":"<p>herkese e\u015fit verilmese, s\u00f6zc\u00fckler dervi\u015fi cahil kar\u015f\u0131s\u0131nda, mazlumu zalim kar\u015f\u0131s\u0131nda \u00e2ciz ve savunmas\u0131z b\u0131rakmasa.\u201d \u0130stanbul\u2019un sofistike ve bir o kadar berdu\u015f il\u00e7esi Be\u015fikta\u015f\u2019ta damacana su i\u015fiyle<span class=\"excerpt-hellip\"> [\u2026]<\/span><\/p>\n","protected":false},"featured_media":0,"template":"","meta":{"_monsterinsights_skip_tracking":false,"_monsterinsights_sitenote_active":false,"_monsterinsights_sitenote_note":"","_monsterinsights_sitenote_category":0},"product_brand":[],"product_cat":[12291,12711],"product_tag":[],"class_list":{"0":"post-751230","1":"product","2":"type-product","3":"status-publish","5":"product_cat-edebiyat","6":"product_cat-roman-oyku","7":"pa_cilt-ciltsiz","8":"pa_tur-kitap","9":"pa_yayinevi-bilgi-yayinevi","10":"pa_yazar-ezgi-tanergec","12":"first","13":"instock","14":"sale","15":"shipping-taxable","16":"purchasable","17":"product-type-simple"},"_links":{"self":[{"href":"https:\/\/roveyayinevi.com.tr\/index.php\/wp-json\/wp\/v2\/product\/751230","targetHints":{"allow":["GET"]}}],"collection":[{"href":"https:\/\/roveyayinevi.com.tr\/index.php\/wp-json\/wp\/v2\/product"}],"about":[{"href":"https:\/\/roveyayinevi.com.tr\/index.php\/wp-json\/wp\/v2\/types\/product"}],"wp:attachment":[{"href":"https:\/\/roveyayinevi.com.tr\/index.php\/wp-json\/wp\/v2\/media?parent=751230"}],"wp:term":[{"taxonomy":"product_brand","embeddable":true,"href":"https:\/\/roveyayinevi.com.tr\/index.php\/wp-json\/wp\/v2\/product_brand?post=751230"},{"taxonomy":"product_cat","embeddable":true,"href":"https:\/\/roveyayinevi.com.tr\/index.php\/wp-json\/wp\/v2\/product_cat?post=751230"},{"taxonomy":"product_tag","embeddable":true,"href":"https:\/\/roveyayinevi.com.tr\/index.php\/wp-json\/wp\/v2\/product_tag?post=751230"}],"curies":[{"name":"wp","href":"https:\/\/api.w.org\/{rel}","templated":true}]}}