{"id":751229,"date":"2025-08-28T04:42:59","date_gmt":"2025-08-28T01:42:59","guid":{"rendered":"https:\/\/roveyayinevi.com.tr\/index.php\/urun\/sonra-gunes-acti\/"},"modified":"2026-04-16T03:04:41","modified_gmt":"2026-04-16T00:04:41","slug":"sonra-gunes-acti","status":"publish","type":"product","link":"https:\/\/roveyayinevi.com.tr\/index.php\/urun\/sonra-gunes-acti\/","title":{"rendered":"Sonra G\u00fcne\u015f A\u00e7t\u0131"},"content":{"rendered":"<p>G\u00f6zlerini a\u00e7t\u0131. Oda karanl\u0131kt\u0131. Birilerinin ba\u011f\u0131rd\u0131\u011f\u0131n\u0131, tabaklar\u0131n k\u0131r\u0131ld\u0131\u011f\u0131n\u0131 duydu ve bunlar\u0131n k\u00f6t\u00fc bir r\u00fcya olmas\u0131n\u0131 diledi ama de\u011fildi. Hemingway ailesinin bir \u00fcyesi olarak b\u00fcy\u00fcmek b\u00f6yle bir \u015feydi.   B\u00fcy\u00fckbabas\u0131 Ernest Hemingway\u2019in kendini vurmas\u0131ndan yaln\u0131zca birka\u00e7 ay sonra do\u011fan Mariel, ailesinde nesillerce g\u00f6r\u00fclen depresyon, alkolizm, hastal\u0131k ve intihar\u0131n d\u00f6ng\u00fclerinden ka\u00e7may\u0131 kendine g\u00f6rev edinmi\u015fti.   Oyuncu Mariel Hemingway Sonra G\u00fcne\u015f A\u00e7t\u0131\u2019da s\u0131k\u0131nt\u0131l\u0131 \u00e7ocuklu\u011funu ve Hollywood\u2019a uzanan yolculu\u011funu son derece samimi bir \u015fekilde anlat\u0131yor.   Sonra G\u00fcne\u015f A\u00e7t\u0131, Mariel\u2019in t\u00fcm karanl\u0131klara ra\u011fmen ayd\u0131nl\u0131\u011fa \u00e7\u0131k\u0131\u015f\u0131n\u0131n ba\u015far\u0131l\u0131 bir \u00f6yk\u00fcs\u00fc\u2026<\/p>\n","protected":false},"excerpt":{"rendered":"<p>G\u00f6zlerini a\u00e7t\u0131. Oda karanl\u0131kt\u0131. Birilerinin ba\u011f\u0131rd\u0131\u011f\u0131n\u0131, tabaklar\u0131n k\u0131r\u0131ld\u0131\u011f\u0131n\u0131 duydu ve bunlar\u0131n k\u00f6t\u00fc bir r\u00fcya olmas\u0131n\u0131 diledi ama de\u011fildi. Hemingway ailesinin bir \u00fcyesi olarak b\u00fcy\u00fcmek b\u00f6yle bir<span class=\"excerpt-hellip\"> [\u2026]<\/span><\/p>\n","protected":false},"featured_media":0,"template":"","meta":{"_monsterinsights_skip_tracking":false,"_monsterinsights_sitenote_active":false,"_monsterinsights_sitenote_note":"","_monsterinsights_sitenote_category":0},"product_brand":[],"product_cat":[18545,12291],"product_tag":[],"class_list":{"0":"post-751229","1":"product","2":"type-product","3":"status-publish","5":"product_cat-anlati","6":"product_cat-edebiyat","7":"pa_cilt-ciltsiz","8":"pa_tur-kitap","9":"pa_yayinevi-bilgi-yayinevi","10":"pa_yazar-mariel-hemingway","12":"first","13":"instock","14":"sale","15":"shipping-taxable","16":"purchasable","17":"product-type-simple"},"_links":{"self":[{"href":"https:\/\/roveyayinevi.com.tr\/index.php\/wp-json\/wp\/v2\/product\/751229","targetHints":{"allow":["GET"]}}],"collection":[{"href":"https:\/\/roveyayinevi.com.tr\/index.php\/wp-json\/wp\/v2\/product"}],"about":[{"href":"https:\/\/roveyayinevi.com.tr\/index.php\/wp-json\/wp\/v2\/types\/product"}],"wp:attachment":[{"href":"https:\/\/roveyayinevi.com.tr\/index.php\/wp-json\/wp\/v2\/media?parent=751229"}],"wp:term":[{"taxonomy":"product_brand","embeddable":true,"href":"https:\/\/roveyayinevi.com.tr\/index.php\/wp-json\/wp\/v2\/product_brand?post=751229"},{"taxonomy":"product_cat","embeddable":true,"href":"https:\/\/roveyayinevi.com.tr\/index.php\/wp-json\/wp\/v2\/product_cat?post=751229"},{"taxonomy":"product_tag","embeddable":true,"href":"https:\/\/roveyayinevi.com.tr\/index.php\/wp-json\/wp\/v2\/product_tag?post=751229"}],"curies":[{"name":"wp","href":"https:\/\/api.w.org\/{rel}","templated":true}]}}