{"id":751225,"date":"2025-08-28T04:42:52","date_gmt":"2025-08-28T01:42:52","guid":{"rendered":"https:\/\/roveyayinevi.com.tr\/index.php\/urun\/ejderhalarla-ucan-prenses\/"},"modified":"2026-04-15T03:14:39","modified_gmt":"2026-04-15T00:14:39","slug":"ejderhalarla-ucan-prenses","status":"publish","type":"product","link":"https:\/\/roveyayinevi.com.tr\/index.php\/urun\/ejderhalarla-ucan-prenses\/","title":{"rendered":"Ejderhalarla U\u00e7an Prenses"},"content":{"rendered":"<p>Prenses Sofia, ablas\u0131n\u0131n siyasi \u00e7\u0131karlar\u0131 i\u00e7in hi\u00e7 istemedi\u011fi diplomatik bir ziyarette bulunmak zorundad\u0131r. \u0130yi e\u011fitimli bir prenses rol\u00fc oynamak i\u00e7in uzaklardaki Villene\u2019e mektup arkada\u015f\u0131 ejderha Jasper\u2019\u0131n s\u0131rt\u0131nda g\u00f6nderilir.   Zorlu bir u\u00e7u\u015fun sonunda i\u015fler kontrolden \u00e7\u0131kacak, krall\u0131\u011f\u0131n kaderi sadece s\u0131cak \u00e7ikolata i\u00e7ip kitap okumak isteyen Sofia ve Jasper\u2019\u0131n elinde olacak.     \u00c7ikolata Kalpli Ejderha ve Ejderha Kalpli K\u0131z ile ayn\u0131 evrende ge\u00e7en harika bir hik\u00e2ye.   \u201cAventurine\u2019i sevdim. Silke\u2019yi sevdim. Ama \u00fc\u00e7\u00fcnc\u00fc kitapta tan\u0131d\u0131\u011f\u0131m Sophia? Ona ve bu kitapta onunla ge\u00e7irdi\u011fim her bir sayfaya bay\u0131ld\u0131m.\u201d \u2013 GOODREADS   \u201cS\u0131rad\u0131\u015f\u0131 karakterlere sahip, heyecanl\u0131 bir macera.\u201d \u2013 BOOKLIST   \u201cPrenseslik konusunda pek de ba\u015far\u0131l\u0131 olmayan Sofia ve arkada\u015flar\u0131n\u0131n maceralar\u0131 i\u00e7inizi \u0131s\u0131tacak.\u201d \u2013 KIRKUS REVIEWS   \u201c\u0130lgin\u00e7 kad\u0131n karakterler ve feminist mesajlar, bu kitab\u0131 ve serideki di\u011fer kitaplar\u0131 iyi bir se\u00e7im haline getiriyor.\u201d \u2013 SCHOOL LIBRARY JOURNAL <\/p>\n","protected":false},"excerpt":{"rendered":"<p>Prenses Sofia, ablas\u0131n\u0131n siyasi \u00e7\u0131karlar\u0131 i\u00e7in hi\u00e7 istemedi\u011fi diplomatik bir ziyarette bulunmak zorundad\u0131r. \u0130yi e\u011fitimli bir prenses rol\u00fc oynamak i\u00e7in uzaklardaki Villene\u2019e mektup arkada\u015f\u0131 ejderha Jasper\u2019\u0131n<span class=\"excerpt-hellip\"> [\u2026]<\/span><\/p>\n","protected":false},"featured_media":0,"template":"","meta":{"_monsterinsights_skip_tracking":false,"_monsterinsights_sitenote_active":false,"_monsterinsights_sitenote_note":"","_monsterinsights_sitenote_category":0},"product_brand":[],"product_cat":[12291,12711],"product_tag":[],"class_list":{"0":"post-751225","1":"product","2":"type-product","3":"status-publish","5":"product_cat-edebiyat","6":"product_cat-roman-oyku","7":"pa_cilt-ciltsiz","8":"pa_tur-kitap","9":"pa_yayinevi-marti-cocuk-yayinlari","10":"pa_yazar-stephanie-burgis","12":"first","13":"instock","14":"sale","15":"shipping-taxable","16":"purchasable","17":"product-type-simple"},"_links":{"self":[{"href":"https:\/\/roveyayinevi.com.tr\/index.php\/wp-json\/wp\/v2\/product\/751225","targetHints":{"allow":["GET"]}}],"collection":[{"href":"https:\/\/roveyayinevi.com.tr\/index.php\/wp-json\/wp\/v2\/product"}],"about":[{"href":"https:\/\/roveyayinevi.com.tr\/index.php\/wp-json\/wp\/v2\/types\/product"}],"wp:attachment":[{"href":"https:\/\/roveyayinevi.com.tr\/index.php\/wp-json\/wp\/v2\/media?parent=751225"}],"wp:term":[{"taxonomy":"product_brand","embeddable":true,"href":"https:\/\/roveyayinevi.com.tr\/index.php\/wp-json\/wp\/v2\/product_brand?post=751225"},{"taxonomy":"product_cat","embeddable":true,"href":"https:\/\/roveyayinevi.com.tr\/index.php\/wp-json\/wp\/v2\/product_cat?post=751225"},{"taxonomy":"product_tag","embeddable":true,"href":"https:\/\/roveyayinevi.com.tr\/index.php\/wp-json\/wp\/v2\/product_tag?post=751225"}],"curies":[{"name":"wp","href":"https:\/\/api.w.org\/{rel}","templated":true}]}}