{"id":751216,"date":"2025-08-28T04:42:36","date_gmt":"2025-08-28T01:42:36","guid":{"rendered":"https:\/\/roveyayinevi.com.tr\/index.php\/urun\/buyuk-kacis-tostos-macera-pesinde-ilk-okuma-serisi\/"},"modified":"2026-04-11T03:12:32","modified_gmt":"2026-04-11T00:12:32","slug":"buyuk-kacis-tostos-macera-pesinde-ilk-okuma-serisi","status":"publish","type":"product","link":"https:\/\/roveyayinevi.com.tr\/index.php\/urun\/buyuk-kacis-tostos-macera-pesinde-ilk-okuma-serisi\/","title":{"rendered":"B\u00fcy\u00fck Ka\u00e7\u0131\u015f Tostos Macera Pe\u015finde &#8211; \u0130lk Okuma Serisi"},"content":{"rendered":"<p>\u00c7ocuklar i\u00e7in \u0130lk Okuma Etkile\u015fimli Hik\u00e2ye Kitaplar\u0131 serisi harfleri ve sesleri tan\u0131may\u0131, metin i\u00e7eren bir hik\u00e2yeyi takip ederek tahmin etmeyi, sadece resimlere bakarak bir hik\u00e2ye anlatmay\u0131, mant\u0131k problemleri i\u00e7eren karma\u015f\u0131k labirentleri \u00e7\u00f6zmeyi ve zor sorular\u0131 yan\u0131tlamay\u0131 seven herkes i\u00e7in harika bir kitap serisidir. &#8220;B\u00fcy\u00fck Ka\u00e7\u0131\u015f Tostos Macera Pe\u015finde\u201d kitab\u0131 olan merakl\u0131 k\u00fc\u00e7\u00fckler, izinsiz kendi ba\u015flar\u0131na bilmedi\u011fi yerlere \u00e7\u0131kmamay\u0131 \u00f6\u011frenir. Bu hik\u00e2ye kitab\u0131ndaki iki resim aras\u0131ndaki farklar\u0131 bulma, boyama yapma ve sorular\u0131 cevaplama, \u00e7ocuklarda g\u00f6rsel okuma ve g\u00f6rsel yorumlama becerisini geli\u015ftirir. Bu kitab\u0131 \u00e7ocu\u011funuza 7 ya\u015f\u0131na kadar siz okuyabilirsiniz. \u00c7ocu\u011funuz okumay\u0131 \u00f6\u011frendikten sonra kendisi okuyabilir. <\/p>\n","protected":false},"excerpt":{"rendered":"<p>\u00c7ocuklar i\u00e7in \u0130lk Okuma Etkile\u015fimli Hik\u00e2ye Kitaplar\u0131 serisi harfleri ve sesleri tan\u0131may\u0131, metin i\u00e7eren bir hik\u00e2yeyi takip ederek tahmin etmeyi, sadece resimlere bakarak bir hik\u00e2ye anlatmay\u0131,<span class=\"excerpt-hellip\"> [\u2026]<\/span><\/p>\n","protected":false},"featured_media":0,"template":"","meta":{"_monsterinsights_skip_tracking":false,"_monsterinsights_sitenote_active":false,"_monsterinsights_sitenote_note":"","_monsterinsights_sitenote_category":0},"product_brand":[],"product_cat":[12274,12284],"product_tag":[],"class_list":{"0":"post-751216","1":"product","2":"type-product","3":"status-publish","5":"product_cat-cocuk-ve-genclik-kitaplari","6":"product_cat-hikayeler","7":"pa_cilt-ciltsiz","8":"pa_tur-kitap","9":"pa_yayinevi-dikkat-atolyesi-yayinlari","10":"pa_yazar-lyudmila-domanskaya","12":"first","13":"instock","14":"sale","15":"shipping-taxable","16":"purchasable","17":"product-type-simple"},"_links":{"self":[{"href":"https:\/\/roveyayinevi.com.tr\/index.php\/wp-json\/wp\/v2\/product\/751216","targetHints":{"allow":["GET"]}}],"collection":[{"href":"https:\/\/roveyayinevi.com.tr\/index.php\/wp-json\/wp\/v2\/product"}],"about":[{"href":"https:\/\/roveyayinevi.com.tr\/index.php\/wp-json\/wp\/v2\/types\/product"}],"wp:attachment":[{"href":"https:\/\/roveyayinevi.com.tr\/index.php\/wp-json\/wp\/v2\/media?parent=751216"}],"wp:term":[{"taxonomy":"product_brand","embeddable":true,"href":"https:\/\/roveyayinevi.com.tr\/index.php\/wp-json\/wp\/v2\/product_brand?post=751216"},{"taxonomy":"product_cat","embeddable":true,"href":"https:\/\/roveyayinevi.com.tr\/index.php\/wp-json\/wp\/v2\/product_cat?post=751216"},{"taxonomy":"product_tag","embeddable":true,"href":"https:\/\/roveyayinevi.com.tr\/index.php\/wp-json\/wp\/v2\/product_tag?post=751216"}],"curies":[{"name":"wp","href":"https:\/\/api.w.org\/{rel}","templated":true}]}}