{"id":751214,"date":"2025-08-28T04:42:33","date_gmt":"2025-08-28T01:42:33","guid":{"rendered":"https:\/\/roveyayinevi.com.tr\/index.php\/urun\/chaucer\/"},"modified":"2026-04-16T03:04:41","modified_gmt":"2026-04-16T00:04:41","slug":"chaucer","status":"publish","type":"product","link":"https:\/\/roveyayinevi.com.tr\/index.php\/urun\/chaucer\/","title":{"rendered":"Chaucer"},"content":{"rendered":"<p>Biyografi yaz\u0131n\u0131n\u0131n unutulmaz yazar\u0131 Peter Ackroyd, merce\u011fine bu kez \u0130ngiliz edebiyat\u0131n\u0131n kurucusu Geoffrey Chaucer\u2019\u0131 alarak b\u00fcy\u00fck bir kaz\u0131ya daha giri\u015fiyor. \u0130ngilizcenin ilk k\u00fclt metinlerinden say\u0131lan Canterbury Hik\u00e2yeleri\u2019nin b\u00fcy\u00fck \u015fairini, devletin \u201ca\u011fz\u0131ndan bal damlayan\u201d ve \u201ca\u011fz\u0131 laf yapan\u201d sad\u0131k memurunu bir ba\u015fka pencereden izleme imk\u00e2n\u0131 sunan Ackroyd, Chaucer\u2019\u0131n ya\u015fam\u0131yla edebiyat\u0131n\u0131 paralellikler ve kar\u015f\u0131tl\u0131klar \u00fczerinden ele al\u0131yor.   Bu kez orta\u00e7a\u011f\u0131n kalbine kurulan Ackroyd, Chaucer&#8217;\u0131n hayat\u0131ndaki d\u00f6n\u00fcm noktalar\u0131yla edebi kariyerini g\u00fc\u00e7l\u00fc bir \u015fekilde ortaya koyuyor. \u2013The Guardian   Peter Ackroyd, Chaucer&#8217;\u0131 da konuk eden kimi kay\u0131tlardan yola \u00e7\u0131karak capcanl\u0131 bir biyografi \u00f6r\u00fcyor. \u2013Times Literary Supplement <\/p>\n","protected":false},"excerpt":{"rendered":"<p>Biyografi yaz\u0131n\u0131n\u0131n unutulmaz yazar\u0131 Peter Ackroyd, merce\u011fine bu kez \u0130ngiliz edebiyat\u0131n\u0131n kurucusu Geoffrey Chaucer\u2019\u0131 alarak b\u00fcy\u00fck bir kaz\u0131ya daha giri\u015fiyor. \u0130ngilizcenin ilk k\u00fclt metinlerinden say\u0131lan Canterbury<span class=\"excerpt-hellip\"> [\u2026]<\/span><\/p>\n","protected":false},"featured_media":0,"template":"","meta":{"_monsterinsights_skip_tracking":false,"_monsterinsights_sitenote_active":false,"_monsterinsights_sitenote_note":"","_monsterinsights_sitenote_category":0},"product_brand":[],"product_cat":[14009,12291],"product_tag":[],"class_list":{"0":"post-751214","1":"product","2":"type-product","3":"status-publish","5":"product_cat-biyografi-otobiyografi-edebiyat","6":"product_cat-edebiyat","7":"pa_cilt-ciltsiz","8":"pa_tur-kitap","9":"pa_yayinevi-alfa-yayinlari","10":"pa_yazar-peter-ackroyd","12":"first","13":"instock","14":"sale","15":"shipping-taxable","16":"purchasable","17":"product-type-simple"},"_links":{"self":[{"href":"https:\/\/roveyayinevi.com.tr\/index.php\/wp-json\/wp\/v2\/product\/751214","targetHints":{"allow":["GET"]}}],"collection":[{"href":"https:\/\/roveyayinevi.com.tr\/index.php\/wp-json\/wp\/v2\/product"}],"about":[{"href":"https:\/\/roveyayinevi.com.tr\/index.php\/wp-json\/wp\/v2\/types\/product"}],"wp:attachment":[{"href":"https:\/\/roveyayinevi.com.tr\/index.php\/wp-json\/wp\/v2\/media?parent=751214"}],"wp:term":[{"taxonomy":"product_brand","embeddable":true,"href":"https:\/\/roveyayinevi.com.tr\/index.php\/wp-json\/wp\/v2\/product_brand?post=751214"},{"taxonomy":"product_cat","embeddable":true,"href":"https:\/\/roveyayinevi.com.tr\/index.php\/wp-json\/wp\/v2\/product_cat?post=751214"},{"taxonomy":"product_tag","embeddable":true,"href":"https:\/\/roveyayinevi.com.tr\/index.php\/wp-json\/wp\/v2\/product_tag?post=751214"}],"curies":[{"name":"wp","href":"https:\/\/api.w.org\/{rel}","templated":true}]}}