{"id":751213,"date":"2025-08-28T04:42:31","date_gmt":"2025-08-28T01:42:31","guid":{"rendered":"https:\/\/roveyayinevi.com.tr\/index.php\/urun\/nasrettin-hocadan-fikrali-siirler\/"},"modified":"2026-04-16T03:04:41","modified_gmt":"2026-04-16T00:04:41","slug":"nasrettin-hocadan-fikrali-siirler","status":"publish","type":"product","link":"https:\/\/roveyayinevi.com.tr\/index.php\/urun\/nasrettin-hocadan-fikrali-siirler\/","title":{"rendered":"Nasrettin Hoca&#8217;dan F\u0131kral\u0131 \u015eiirler"},"content":{"rendered":"<p>\u0130PE UN SER\u0130L\u0130R Kim tan\u0131maz ki sahi Nasrettin Hocam\u0131z\u0131 Her s\u00f6zleri mizahi Kinayelide baz\u0131   Kom\u015funun iyisini Kim sevmez ki s\u00f6yleyin Yaln\u0131zca pintisini Hocam\u0131zdan dinleyin   Hi\u00e7 iste\u011fi bitmeyen Pinti kom\u015fusu vard\u0131 Ald\u0131\u011f\u0131n\u0131 vermeyen Bu kom\u015fudan bizard\u0131   Bir g\u00fcn ip isteyince \u201cUn serdim, veremem\u201d der Kom\u015fu anlamaz \u00f6nce \u015e\u00f6yle sorar bu sefer:   Bu nas\u0131l i\u015f efendi? Kom\u015fu dedim dert yand\u0131m Do\u011fru s\u00f6z m\u00fc t\u00fckendi? \u0130nan ki \u015fa\u015ft\u0131m kald\u0131m   Hoca cevaps\u0131z kalmaz \u0130p benim, keyfim bilir Bu i\u015f g\u00f6n\u00fcls\u00fcz olmaz \u0130pe un da serilir&#8230; <\/p>\n","protected":false},"excerpt":{"rendered":"<p>\u0130PE UN SER\u0130L\u0130R Kim tan\u0131maz ki sahi Nasrettin Hocam\u0131z\u0131 Her s\u00f6zleri mizahi Kinayelide baz\u0131 Kom\u015funun iyisini Kim sevmez ki s\u00f6yleyin Yaln\u0131zca pintisini Hocam\u0131zdan dinleyin Hi\u00e7 iste\u011fi<span class=\"excerpt-hellip\"> [\u2026]<\/span><\/p>\n","protected":false},"featured_media":0,"template":"","meta":{"_monsterinsights_skip_tracking":false,"_monsterinsights_sitenote_active":false,"_monsterinsights_sitenote_note":"","_monsterinsights_sitenote_category":0},"product_brand":[],"product_cat":[12291,12509],"product_tag":[],"class_list":{"0":"post-751213","1":"product","2":"type-product","3":"status-publish","5":"product_cat-edebiyat","6":"product_cat-siir","7":"pa_cilt-ciltsiz","8":"pa_tur-kitap","9":"pa_yayinevi-gulnar-yayinlari","10":"pa_yazar-halil-manus","12":"first","13":"instock","14":"sale","15":"shipping-taxable","16":"purchasable","17":"product-type-simple"},"_links":{"self":[{"href":"https:\/\/roveyayinevi.com.tr\/index.php\/wp-json\/wp\/v2\/product\/751213","targetHints":{"allow":["GET"]}}],"collection":[{"href":"https:\/\/roveyayinevi.com.tr\/index.php\/wp-json\/wp\/v2\/product"}],"about":[{"href":"https:\/\/roveyayinevi.com.tr\/index.php\/wp-json\/wp\/v2\/types\/product"}],"wp:attachment":[{"href":"https:\/\/roveyayinevi.com.tr\/index.php\/wp-json\/wp\/v2\/media?parent=751213"}],"wp:term":[{"taxonomy":"product_brand","embeddable":true,"href":"https:\/\/roveyayinevi.com.tr\/index.php\/wp-json\/wp\/v2\/product_brand?post=751213"},{"taxonomy":"product_cat","embeddable":true,"href":"https:\/\/roveyayinevi.com.tr\/index.php\/wp-json\/wp\/v2\/product_cat?post=751213"},{"taxonomy":"product_tag","embeddable":true,"href":"https:\/\/roveyayinevi.com.tr\/index.php\/wp-json\/wp\/v2\/product_tag?post=751213"}],"curies":[{"name":"wp","href":"https:\/\/api.w.org\/{rel}","templated":true}]}}