{"id":751211,"date":"2025-08-28T04:42:28","date_gmt":"2025-08-28T01:42:28","guid":{"rendered":"https:\/\/roveyayinevi.com.tr\/index.php\/urun\/tasavvufi-praksis-yolunda\/"},"modified":"2026-04-16T03:04:41","modified_gmt":"2026-04-16T00:04:41","slug":"tasavvufi-praksis-yolunda","status":"publish","type":"product","link":"https:\/\/roveyayinevi.com.tr\/index.php\/urun\/tasavvufi-praksis-yolunda\/","title":{"rendered":"Tasavvufi Praksis Yolunda"},"content":{"rendered":"<p>Sessizlik Kimseler duyamaz iken i\u015fiten olun \u00e7\u0131g\u0131lt\u0131y\u0131m,R\u00fczgarlarda tiz u\u011fultu,dalgalarda \u00e7\u0131rp\u0131nt\u0131y\u0131m Kalbi i\u015fit g\u00f6r bu hatt\u0131 kulak verin sars\u0131nt\u0131y\u0131m Servet fani arzda tak\u0131 hi\u00e7lik yokluk kat\u0131nday\u0131m\u2026<\/p>\n","protected":false},"excerpt":{"rendered":"<p>Sessizlik Kimseler duyamaz iken i\u015fiten olun \u00e7\u0131g\u0131lt\u0131y\u0131m,R\u00fczgarlarda tiz u\u011fultu,dalgalarda \u00e7\u0131rp\u0131nt\u0131y\u0131m Kalbi i\u015fit g\u00f6r bu hatt\u0131 kulak verin sars\u0131nt\u0131y\u0131m Servet fani arzda tak\u0131 hi\u00e7lik yokluk kat\u0131nday\u0131m\u2026<\/p>\n","protected":false},"featured_media":0,"template":"","meta":{"_monsterinsights_skip_tracking":false,"_monsterinsights_sitenote_active":false,"_monsterinsights_sitenote_note":"","_monsterinsights_sitenote_category":0},"product_brand":[],"product_cat":[12291,12509],"product_tag":[],"class_list":{"0":"post-751211","1":"product","2":"type-product","3":"status-publish","5":"product_cat-edebiyat","6":"product_cat-siir","7":"pa_cilt-ciltsiz","8":"pa_tur-kitap","9":"pa_yayinevi-bilgin-kultur-sanat","10":"pa_yazar-orhan-karakus","12":"first","13":"instock","14":"sale","15":"shipping-taxable","16":"purchasable","17":"product-type-simple"},"_links":{"self":[{"href":"https:\/\/roveyayinevi.com.tr\/index.php\/wp-json\/wp\/v2\/product\/751211","targetHints":{"allow":["GET"]}}],"collection":[{"href":"https:\/\/roveyayinevi.com.tr\/index.php\/wp-json\/wp\/v2\/product"}],"about":[{"href":"https:\/\/roveyayinevi.com.tr\/index.php\/wp-json\/wp\/v2\/types\/product"}],"wp:attachment":[{"href":"https:\/\/roveyayinevi.com.tr\/index.php\/wp-json\/wp\/v2\/media?parent=751211"}],"wp:term":[{"taxonomy":"product_brand","embeddable":true,"href":"https:\/\/roveyayinevi.com.tr\/index.php\/wp-json\/wp\/v2\/product_brand?post=751211"},{"taxonomy":"product_cat","embeddable":true,"href":"https:\/\/roveyayinevi.com.tr\/index.php\/wp-json\/wp\/v2\/product_cat?post=751211"},{"taxonomy":"product_tag","embeddable":true,"href":"https:\/\/roveyayinevi.com.tr\/index.php\/wp-json\/wp\/v2\/product_tag?post=751211"}],"curies":[{"name":"wp","href":"https:\/\/api.w.org\/{rel}","templated":true}]}}