{"id":751210,"date":"2025-08-28T04:42:27","date_gmt":"2025-08-28T01:42:27","guid":{"rendered":"https:\/\/roveyayinevi.com.tr\/index.php\/urun\/havadaki-koy\/"},"modified":"2026-04-16T03:04:41","modified_gmt":"2026-04-16T00:04:41","slug":"havadaki-koy","status":"publish","type":"product","link":"https:\/\/roveyayinevi.com.tr\/index.php\/urun\/havadaki-koy\/","title":{"rendered":"Havadaki K\u00f6y"},"content":{"rendered":"<p>Max Huber ve John Cort, Afrika seyahatleri s\u0131ras\u0131nda bak\u0131m\u0131n\u0131 \u00fcstlendikleri k\u00fc\u00e7\u00fck Llanga ve onlara refakat eden ekiple birlikte medeniyete d\u00f6n\u00fc\u015f yolundad\u0131r. Ancak beklenmedik talihsizlikler onlar\u0131 Afrika\u2019n\u0131n g\u00f6be\u011fine, balta girmemi\u015f Oubangi Orman\u0131na s\u00fcr\u00fckler. Burada kar\u015f\u0131la\u015ft\u0131klar\u0131 \u015feyse bilimde \u00e7\u0131\u011f\u0131r a\u00e7arak adlar\u0131n\u0131 tarihe yazacakt\u0131r, ya da \u00f6yle oldu\u011funu san\u0131rlar. Afrika\u2019n\u0131n gizemli ormanlar\u0131, oran\u0131n daha da gizemli sakinleri ve umulmad\u0131k bir kral\u2026 Peki, t\u00fcm zorluklara ra\u011fmen Max Huber, John Cort ve yolda\u015flar\u0131 buradan kurtulabilecek midir? <\/p>\n","protected":false},"excerpt":{"rendered":"<p>Max Huber ve John Cort, Afrika seyahatleri s\u0131ras\u0131nda bak\u0131m\u0131n\u0131 \u00fcstlendikleri k\u00fc\u00e7\u00fck Llanga ve onlara refakat eden ekiple birlikte medeniyete d\u00f6n\u00fc\u015f yolundad\u0131r. Ancak beklenmedik talihsizlikler onlar\u0131 Afrika\u2019n\u0131n<span class=\"excerpt-hellip\"> [\u2026]<\/span><\/p>\n","protected":false},"featured_media":0,"template":"","meta":{"_monsterinsights_skip_tracking":false,"_monsterinsights_sitenote_active":false,"_monsterinsights_sitenote_note":"","_monsterinsights_sitenote_category":0},"product_brand":[],"product_cat":[12291,12711],"product_tag":[],"class_list":{"0":"post-751210","1":"product","2":"type-product","3":"status-publish","5":"product_cat-edebiyat","6":"product_cat-roman-oyku","7":"pa_cilt-ciltsiz","8":"pa_tur-kitap","9":"pa_yayinevi-alfa-yayinlari","10":"pa_yazar-jules-verne","12":"first","13":"instock","14":"sale","15":"shipping-taxable","16":"purchasable","17":"product-type-simple"},"_links":{"self":[{"href":"https:\/\/roveyayinevi.com.tr\/index.php\/wp-json\/wp\/v2\/product\/751210","targetHints":{"allow":["GET"]}}],"collection":[{"href":"https:\/\/roveyayinevi.com.tr\/index.php\/wp-json\/wp\/v2\/product"}],"about":[{"href":"https:\/\/roveyayinevi.com.tr\/index.php\/wp-json\/wp\/v2\/types\/product"}],"wp:attachment":[{"href":"https:\/\/roveyayinevi.com.tr\/index.php\/wp-json\/wp\/v2\/media?parent=751210"}],"wp:term":[{"taxonomy":"product_brand","embeddable":true,"href":"https:\/\/roveyayinevi.com.tr\/index.php\/wp-json\/wp\/v2\/product_brand?post=751210"},{"taxonomy":"product_cat","embeddable":true,"href":"https:\/\/roveyayinevi.com.tr\/index.php\/wp-json\/wp\/v2\/product_cat?post=751210"},{"taxonomy":"product_tag","embeddable":true,"href":"https:\/\/roveyayinevi.com.tr\/index.php\/wp-json\/wp\/v2\/product_tag?post=751210"}],"curies":[{"name":"wp","href":"https:\/\/api.w.org\/{rel}","templated":true}]}}