{"id":751209,"date":"2025-08-28T04:42:25","date_gmt":"2025-08-28T01:42:25","guid":{"rendered":"https:\/\/roveyayinevi.com.tr\/index.php\/urun\/buz-evi\/"},"modified":"2026-04-16T03:04:41","modified_gmt":"2026-04-16T00:04:41","slug":"buz-evi","status":"publish","type":"product","link":"https:\/\/roveyayinevi.com.tr\/index.php\/urun\/buz-evi\/","title":{"rendered":"Buz Evi"},"content":{"rendered":"<p>Kocas\u0131 on y\u0131l \u00f6nce ortadan kaybolan Phoebe Maybury\u2019nin iki kad\u0131n arkada\u015f\u0131yla birlikte ya\u015fad\u0131\u011f\u0131 evde bir ceset bulunur. Bu geli\u015fme Phoebe i\u00e7in bir k\u00e2busa d\u00f6n\u00fc\u015fecektir, nitekim polis onu cinayetle su\u00e7lama konusunda epey kararl\u0131d\u0131r. Peki hakikat g\u00f6r\u00fcnd\u00fc\u011f\u00fc gibi midir? Di\u011fer iki kad\u0131n\u0131n bu hadisede bir rol\u00fc var m\u0131d\u0131r? Gerilim romanlar\u0131n\u0131n parlayan yeni y\u0131ld\u0131z\u0131 Minette Walters\u2019tan \u00fc\u00e7 bahts\u0131z ve yaln\u0131z kad\u0131na dair gizem dolu bir hik\u00e2ye; a\u015fk, sadakat ve entrikalarla \u00f6r\u00fclm\u00fc\u015f bir d\u00fcnya.   \u201cBuz Evi \u2026 ola\u011fan\u00fcst\u00fc bir ilk roman.\u201d \u2013The Times   \u201cMuhte\u015fem \u2026 kapkaranl\u0131k bir dram \u2026 sahneye b\u00f6yle bir eserle \u00e7\u0131km\u0131\u015f ba\u015fka bir yazar yoktur.\u201d \u2013St. Petersburg Times   \u201cMinette Walters hi\u00e7 ku\u015fkusuz \u00fclkenin en \u00e7ok okunan kad\u0131n polisiye yazar\u0131. Fakat \u2018en \u00e7ok okunan\u2019 gibi bir etiketle, s\u00fcr\u00fckleyici ve ola\u011fan\u00fcst\u00fc romanlar\u0131n\u0131n hakk\u0131n\u0131 verebilece\u011fimizi sanm\u0131yorum.\u201d \u2013Daily Mirror <\/p>\n","protected":false},"excerpt":{"rendered":"<p>Kocas\u0131 on y\u0131l \u00f6nce ortadan kaybolan Phoebe Maybury\u2019nin iki kad\u0131n arkada\u015f\u0131yla birlikte ya\u015fad\u0131\u011f\u0131 evde bir ceset bulunur. Bu geli\u015fme Phoebe i\u00e7in bir k\u00e2busa d\u00f6n\u00fc\u015fecektir, nitekim polis<span class=\"excerpt-hellip\"> [\u2026]<\/span><\/p>\n","protected":false},"featured_media":0,"template":"","meta":{"_monsterinsights_skip_tracking":false,"_monsterinsights_sitenote_active":false,"_monsterinsights_sitenote_note":"","_monsterinsights_sitenote_category":0},"product_brand":[],"product_cat":[12291,15445],"product_tag":[],"class_list":{"0":"post-751209","1":"product","2":"type-product","3":"status-publish","5":"product_cat-edebiyat","6":"product_cat-polisiye","7":"pa_cilt-ciltsiz","8":"pa_tur-kitap","9":"pa_yayinevi-alfa-yayinlari","10":"pa_yazar-minette-walters","12":"first","13":"instock","14":"sale","15":"shipping-taxable","16":"purchasable","17":"product-type-simple"},"_links":{"self":[{"href":"https:\/\/roveyayinevi.com.tr\/index.php\/wp-json\/wp\/v2\/product\/751209","targetHints":{"allow":["GET"]}}],"collection":[{"href":"https:\/\/roveyayinevi.com.tr\/index.php\/wp-json\/wp\/v2\/product"}],"about":[{"href":"https:\/\/roveyayinevi.com.tr\/index.php\/wp-json\/wp\/v2\/types\/product"}],"wp:attachment":[{"href":"https:\/\/roveyayinevi.com.tr\/index.php\/wp-json\/wp\/v2\/media?parent=751209"}],"wp:term":[{"taxonomy":"product_brand","embeddable":true,"href":"https:\/\/roveyayinevi.com.tr\/index.php\/wp-json\/wp\/v2\/product_brand?post=751209"},{"taxonomy":"product_cat","embeddable":true,"href":"https:\/\/roveyayinevi.com.tr\/index.php\/wp-json\/wp\/v2\/product_cat?post=751209"},{"taxonomy":"product_tag","embeddable":true,"href":"https:\/\/roveyayinevi.com.tr\/index.php\/wp-json\/wp\/v2\/product_tag?post=751209"}],"curies":[{"name":"wp","href":"https:\/\/api.w.org\/{rel}","templated":true}]}}