{"id":751203,"date":"2025-08-28T04:42:17","date_gmt":"2025-08-28T01:42:17","guid":{"rendered":"https:\/\/roveyayinevi.com.tr\/index.php\/urun\/davetiye\/"},"modified":"2026-04-07T03:08:40","modified_gmt":"2026-04-07T00:08:40","slug":"davetiye","status":"publish","type":"product","link":"https:\/\/roveyayinevi.com.tr\/index.php\/urun\/davetiye\/","title":{"rendered":"Davetiye"},"content":{"rendered":"<p>A\u015fk bazen g\u00fcn gibi ortadad\u0131r. Bazen de\u2026   \u015eehrin en b\u00fcy\u00fcl\u00fc mek\u00e2n\u0131nda ger\u00e7ekle\u015fecek d\u00fc\u011f\u00fcne hi\u00e7 beklenmedik bir davetiye alm\u0131\u015ft\u0131m. Fakat ufak bir sorun vard\u0131: Davetiye benim de\u011fil, gecenin k\u00f6r\u00fcnde iki ayl\u0131k kiras\u0131n\u0131 \u00f6demeden ka\u00e7an eski ev arkada\u015f\u0131m\u0131n ad\u0131nayd\u0131. Ben de f\u0131rsat\u0131 de\u011ferlendirip en sevdi\u011fim yerde \u015f\u0131k bir davete kat\u0131lmak, dertlerimi unutup e\u011flenmek istemi\u015ftim sadece.   \u0130\u015fte Hudson Rothschild\u2019la da orada tan\u0131\u015ft\u0131m. O g\u00f6rd\u00fc\u011f\u00fcm en etkileyici adamd\u0131 ve aram\u0131zdaki elektrik elle tutulabilecek kadar yo\u011fundu. Ancak Hudson kim oldu\u011fumu \u2013daha do\u011frusu olmad\u0131\u011f\u0131m\u0131\u2013 \u00e7\u00f6zd\u00fc\u011f\u00fcnde benimle biraz e\u011flenmeye karar verdi ve gecem b\u00f6ylece sona erdi. O kadar utand\u0131m ki arkama bile bakmadan oradan ka\u00e7t\u0131m. Ya da ka\u00e7abildi\u011fimi sand\u0131m.   Oysa hik\u00e2yemiz daha yeni ba\u015fl\u0131yordu.       \u201cDavetiye, romans okumay\u0131 neden sevdi\u011fimin m\u00fckemmel bir \u00f6rne\u011fi.\u201d \u2014Kindle Crack Book Reviews   \u201cKarakterler aras\u0131ndaki kimya \u00e7ok yo\u011fun, tutkular\u0131 ate\u015fli ve laf dala\u015flar\u0131 zekice.\u201d \u2014Thelma and Louise Book Blog   \u201cSan\u0131r\u0131m yeni favori kad\u0131n karakterimi buldum \u00e7\u00fcnk\u00fc Stella kesinlikle muhte\u015fem. G\u00fc\u00e7l\u00fc, korkusuz, zeki ve harika bir kad\u0131n.\u201d \u2014TJ Loves To Read   \u201cVi Keeland\u2019\u0131n en sevdi\u011fim yazar olmas\u0131n\u0131n bir sebebi var. Kitaplar\u0131 ASLA hayal k\u0131r\u0131kl\u0131\u011f\u0131na u\u011fratm\u0131yor.\u201d \u2014HEA Bookshelf Blog   \u201cHem g\u00fclmekten g\u00f6z\u00fcmden ya\u015f geldi hem kalbim k\u0131r\u0131ld\u0131 ama kendimi sayfalardan bir t\u00fcrl\u00fc ay\u0131ramad\u0131m.\u201d \u2014Keri Loves Books   \u201cBU K\u0130TABI AKLIMDAN \u00c7IKARAMIYORUM. Hatta hemen \u015fimdi yeniden okuyaca\u011f\u0131m.\u201d \u2014Anne\u2019s Corner Book Blog   \u201cResmen yalay\u0131p yuttum, \u015fimdi de bitti\u011fi i\u00e7in \u00fczg\u00fcn\u00fcm.\u201d \u2014The Smuthbrarians   \u201cKesinlikle be\u015f y\u0131ld\u0131z verece\u011fim bir kitap.\u201d \u2014Bookaholic Shay   \u201cTam bir Vi Keeland kitab\u0131.\u201d \u2014Bookgasms Book Blog <\/p>\n","protected":false},"excerpt":{"rendered":"<p>A\u015fk bazen g\u00fcn gibi ortadad\u0131r. Bazen de\u2026 \u015eehrin en b\u00fcy\u00fcl\u00fc mek\u00e2n\u0131nda ger\u00e7ekle\u015fecek d\u00fc\u011f\u00fcne hi\u00e7 beklenmedik bir davetiye alm\u0131\u015ft\u0131m. Fakat ufak bir sorun vard\u0131: Davetiye benim de\u011fil,<span class=\"excerpt-hellip\"> [\u2026]<\/span><\/p>\n","protected":false},"featured_media":0,"template":"","meta":{"_monsterinsights_skip_tracking":false,"_monsterinsights_sitenote_active":false,"_monsterinsights_sitenote_note":"","_monsterinsights_sitenote_category":0},"product_brand":[],"product_cat":[12291,12711],"product_tag":[],"class_list":{"0":"post-751203","1":"product","2":"type-product","3":"status-publish","5":"product_cat-edebiyat","6":"product_cat-roman-oyku","7":"pa_cilt-ciltsiz","8":"pa_tur-kitap","9":"pa_yayinevi-yabanci-yayinevi","10":"pa_yazar-vi-keeland","12":"first","13":"instock","14":"sale","15":"shipping-taxable","16":"purchasable","17":"product-type-simple"},"_links":{"self":[{"href":"https:\/\/roveyayinevi.com.tr\/index.php\/wp-json\/wp\/v2\/product\/751203","targetHints":{"allow":["GET"]}}],"collection":[{"href":"https:\/\/roveyayinevi.com.tr\/index.php\/wp-json\/wp\/v2\/product"}],"about":[{"href":"https:\/\/roveyayinevi.com.tr\/index.php\/wp-json\/wp\/v2\/types\/product"}],"wp:attachment":[{"href":"https:\/\/roveyayinevi.com.tr\/index.php\/wp-json\/wp\/v2\/media?parent=751203"}],"wp:term":[{"taxonomy":"product_brand","embeddable":true,"href":"https:\/\/roveyayinevi.com.tr\/index.php\/wp-json\/wp\/v2\/product_brand?post=751203"},{"taxonomy":"product_cat","embeddable":true,"href":"https:\/\/roveyayinevi.com.tr\/index.php\/wp-json\/wp\/v2\/product_cat?post=751203"},{"taxonomy":"product_tag","embeddable":true,"href":"https:\/\/roveyayinevi.com.tr\/index.php\/wp-json\/wp\/v2\/product_tag?post=751203"}],"curies":[{"name":"wp","href":"https:\/\/api.w.org\/{rel}","templated":true}]}}