{"id":751202,"date":"2025-08-28T04:42:15","date_gmt":"2025-08-28T01:42:15","guid":{"rendered":"https:\/\/roveyayinevi.com.tr\/index.php\/urun\/yildiz-ruh\/"},"modified":"2026-04-16T03:04:41","modified_gmt":"2026-04-16T00:04:41","slug":"yildiz-ruh","status":"publish","type":"product","link":"https:\/\/roveyayinevi.com.tr\/index.php\/urun\/yildiz-ruh\/","title":{"rendered":"Y\u0131ld\u0131z Ruh"},"content":{"rendered":"<p>EVREN\u0130 YUTAN B\u0130R KARANLIK YILDIZLARDA SAKLI B\u0130R SIR   Ana Armorov, imparatori\u00e7e olarak ta\u00e7 giydikten hemen sonra suikasta u\u011fram\u0131\u015ft\u0131 ve galaksinin b\u00fcy\u00fck k\u0131sm\u0131 onun \u00f6ld\u00fc\u011f\u00fcn\u00fc san\u0131yordu. Ancak o eski hayat\u0131na geri d\u00f6nm\u00fc\u015ft\u00fc ve Di\u2019yi kurtar\u0131p hakk\u0131 olan\u0131 yeniden kazanman\u0131n bir yolunu ar\u0131yordu.   KOVAN\u2019\u0131 hackleyip de hayatta kalm\u0131\u015f tek ki\u015fi olan Starbright\u2019\u0131n pe\u015fine d\u00fc\u015fen Ana ve ekibinin, d\u00fc\u015f\u00fcnd\u00fcklerinden \u00e7ok daha b\u00fcy\u00fck bir d\u00fc\u015fmanla kar\u015f\u0131 kar\u015f\u0131ya olduklar\u0131n\u0131 anlamalar\u0131 uzun s\u00fcrmeyecekti. Galaksileri teker teker yutan B\u00fcy\u00fck Karanl\u0131k bu kez onlar\u0131n pe\u015findeydi.   \u00d6l\u00fcm tehlikesi, s\u0131rlar ve bilinmezlerle dolu yolculuklar, her birini hi\u00e7 istemedikleri yerlere savuracakt\u0131. Y\u0131ld\u0131zlarda yazan\u0131 ger\u00e7ek k\u0131l\u0131p bu nihai sava\u015ftan sa\u011f \u00e7\u0131kmalar\u0131 i\u00e7in imk\u00e2ns\u0131za inanmalar\u0131 gerekiyordu.   <\/p>\n","protected":false},"excerpt":{"rendered":"<p>EVREN\u0130 YUTAN B\u0130R KARANLIK YILDIZLARDA SAKLI B\u0130R SIR Ana Armorov, imparatori\u00e7e olarak ta\u00e7 giydikten hemen sonra suikasta u\u011fram\u0131\u015ft\u0131 ve galaksinin b\u00fcy\u00fck k\u0131sm\u0131 onun \u00f6ld\u00fc\u011f\u00fcn\u00fc san\u0131yordu. Ancak<span class=\"excerpt-hellip\"> [\u2026]<\/span><\/p>\n","protected":false},"featured_media":0,"template":"","meta":{"_monsterinsights_skip_tracking":false,"_monsterinsights_sitenote_active":false,"_monsterinsights_sitenote_note":"","_monsterinsights_sitenote_category":0},"product_brand":[],"product_cat":[12540,12291],"product_tag":[],"class_list":{"0":"post-751202","1":"product","2":"type-product","3":"status-publish","5":"product_cat-bilim-kurgu","6":"product_cat-edebiyat","7":"pa_cilt-ciltsiz","8":"pa_tur-kitap","9":"pa_yayinevi-yabanci-yayinevi","10":"pa_yazar-ashley-poston","12":"first","13":"instock","14":"sale","15":"shipping-taxable","16":"purchasable","17":"product-type-simple"},"_links":{"self":[{"href":"https:\/\/roveyayinevi.com.tr\/index.php\/wp-json\/wp\/v2\/product\/751202","targetHints":{"allow":["GET"]}}],"collection":[{"href":"https:\/\/roveyayinevi.com.tr\/index.php\/wp-json\/wp\/v2\/product"}],"about":[{"href":"https:\/\/roveyayinevi.com.tr\/index.php\/wp-json\/wp\/v2\/types\/product"}],"wp:attachment":[{"href":"https:\/\/roveyayinevi.com.tr\/index.php\/wp-json\/wp\/v2\/media?parent=751202"}],"wp:term":[{"taxonomy":"product_brand","embeddable":true,"href":"https:\/\/roveyayinevi.com.tr\/index.php\/wp-json\/wp\/v2\/product_brand?post=751202"},{"taxonomy":"product_cat","embeddable":true,"href":"https:\/\/roveyayinevi.com.tr\/index.php\/wp-json\/wp\/v2\/product_cat?post=751202"},{"taxonomy":"product_tag","embeddable":true,"href":"https:\/\/roveyayinevi.com.tr\/index.php\/wp-json\/wp\/v2\/product_tag?post=751202"}],"curies":[{"name":"wp","href":"https:\/\/api.w.org\/{rel}","templated":true}]}}