{"id":751200,"date":"2025-08-28T04:42:13","date_gmt":"2025-08-28T01:42:13","guid":{"rendered":"https:\/\/roveyayinevi.com.tr\/index.php\/urun\/toksik-dusuncelerden-nasil-kurtuluruz\/"},"modified":"2026-04-16T03:04:41","modified_gmt":"2026-04-16T00:04:41","slug":"toksik-dusuncelerden-nasil-kurtuluruz","status":"publish","type":"product","link":"https:\/\/roveyayinevi.com.tr\/index.php\/urun\/toksik-dusuncelerden-nasil-kurtuluruz\/","title":{"rendered":"Toksik D\u00fc\u015f\u00fcncelerden Nas\u0131l Kurtuluruz?"},"content":{"rendered":"<p>\u201cD\u00fcnyada g\u00f6rmeyi istedi\u011finiz de\u011fi\u015fimin kendisi olun.&#8221; Mahatma Gandhi Bir\u00e7ok insan, simyac\u0131lar\u0131n kur\u015funu alt\u0131na d\u00f6n\u00fc\u015ft\u00fcrmeye \u00e7al\u0131\u015ft\u0131klar\u0131n\u0131 zanneder ancak ger\u00e7ekte onlar, insan\u0131n bilincindeki karanl\u0131k d\u00fc\u015f\u00fcnceleri sevgiyle parlayan d\u00fc\u015f\u00fcncelere d\u00f6n\u00fc\u015ft\u00fcrmeye \u00e7al\u0131\u015f\u0131rlar. \u0130\u00e7inizdeki simyac\u0131yla bulu\u015fmaya haz\u0131r m\u0131s\u0131n\u0131z? Art\u0131k hepimizin bildi\u011fi bir ger\u00e7ek var: D\u00fc\u015f\u00fcncelerimiz, d\u00fcnyam\u0131z\u0131 \u015fekillendiriyor. D\u00fcnyay\u0131 de\u011fi\u015ftirmek istiyorsak, t\u0131pk\u0131 bir simyac\u0131 gibi, i\u00e7imizdeki toksik d\u00fc\u015f\u00fcnceleri d\u00f6n\u00fc\u015ft\u00fcrmek i\u00e7in \u00e7al\u0131\u015fmam\u0131z, bunun i\u00e7in \u00fczerimize d\u00fc\u015feni yapmam\u0131z gerekiyor. Bu kitap, kendimizi ve d\u00fcnyay\u0131 toksik hale getiren d\u00fc\u015f\u00fcnceleri de\u011fi\u015ftirmek ve sevgiyle parlayan bir d\u00fcnya in\u015fa etmek i\u00e7in nelere ihtiya\u00e7 duydu\u011fumuza dair hepimize k\u0131lavuzluk ediyor. Aramiceden gelen simya kelimesi, \u201cyo\u011fun karanl\u0131\u011f\u0131n i\u00e7inde ve onun arac\u0131l\u0131\u011f\u0131yla \u00e7al\u0131\u015fmak\u201d anlam\u0131na gelir. Bu kitapta, d\u00fcnyaya yayd\u0131\u011f\u0131n\u0131z enerjiyi, kendinizi ve ba\u015fkalar\u0131n\u0131 \u015fifaland\u0131rabilecek sevgiye ve \u0131\u015f\u0131\u011fa d\u00f6n\u00fc\u015ft\u00fcrmek ve ruhun karanl\u0131\u011f\u0131n\u0131 ayd\u0131nlatmak i\u00e7in simyan\u0131n kadim ilkelerini kullanaca\u011f\u0131z. <\/p>\n","protected":false},"excerpt":{"rendered":"<p>\u201cD\u00fcnyada g\u00f6rmeyi istedi\u011finiz de\u011fi\u015fimin kendisi olun.&#8221; Mahatma Gandhi Bir\u00e7ok insan, simyac\u0131lar\u0131n kur\u015funu alt\u0131na d\u00f6n\u00fc\u015ft\u00fcrmeye \u00e7al\u0131\u015ft\u0131klar\u0131n\u0131 zanneder ancak ger\u00e7ekte onlar, insan\u0131n bilincindeki karanl\u0131k d\u00fc\u015f\u00fcnceleri sevgiyle parlayan d\u00fc\u015f\u00fcncelere<span class=\"excerpt-hellip\"> [\u2026]<\/span><\/p>\n","protected":false},"featured_media":0,"template":"","meta":{"_monsterinsights_skip_tracking":false,"_monsterinsights_sitenote_active":false,"_monsterinsights_sitenote_note":"","_monsterinsights_sitenote_category":0},"product_brand":[],"product_cat":[12364,12376],"product_tag":[],"class_list":{"0":"post-751200","1":"product","2":"type-product","3":"status-publish","5":"product_cat-genel-konular","6":"product_cat-kisisel-gelisim","7":"pa_cilt-ciltsiz","8":"pa_tur-kitap","9":"pa_yayinevi-omega","10":"pa_yazar-sandra-ingerman","12":"first","13":"instock","14":"sale","15":"shipping-taxable","16":"purchasable","17":"product-type-simple"},"_links":{"self":[{"href":"https:\/\/roveyayinevi.com.tr\/index.php\/wp-json\/wp\/v2\/product\/751200","targetHints":{"allow":["GET"]}}],"collection":[{"href":"https:\/\/roveyayinevi.com.tr\/index.php\/wp-json\/wp\/v2\/product"}],"about":[{"href":"https:\/\/roveyayinevi.com.tr\/index.php\/wp-json\/wp\/v2\/types\/product"}],"wp:attachment":[{"href":"https:\/\/roveyayinevi.com.tr\/index.php\/wp-json\/wp\/v2\/media?parent=751200"}],"wp:term":[{"taxonomy":"product_brand","embeddable":true,"href":"https:\/\/roveyayinevi.com.tr\/index.php\/wp-json\/wp\/v2\/product_brand?post=751200"},{"taxonomy":"product_cat","embeddable":true,"href":"https:\/\/roveyayinevi.com.tr\/index.php\/wp-json\/wp\/v2\/product_cat?post=751200"},{"taxonomy":"product_tag","embeddable":true,"href":"https:\/\/roveyayinevi.com.tr\/index.php\/wp-json\/wp\/v2\/product_tag?post=751200"}],"curies":[{"name":"wp","href":"https:\/\/api.w.org\/{rel}","templated":true}]}}