{"id":751199,"date":"2025-08-28T04:42:12","date_gmt":"2025-08-28T01:42:12","guid":{"rendered":"https:\/\/roveyayinevi.com.tr\/index.php\/urun\/dunya-mitolojisinde-kadinlar\/"},"modified":"2026-04-16T03:04:41","modified_gmt":"2026-04-16T00:04:41","slug":"dunya-mitolojisinde-kadinlar","status":"publish","type":"product","link":"https:\/\/roveyayinevi.com.tr\/index.php\/urun\/dunya-mitolojisinde-kadinlar\/","title":{"rendered":"Du\u0308nya Mitolojisinde Kad\u0131nlar"},"content":{"rendered":"<p>Mitolojide Yunan tanr\u0131\u00e7as\u0131 Athena ve M\u0131s\u0131r tanr\u0131\u00e7as\u0131 \u0130sis hakk\u0131nda \u00e7ok \u015fey yaz\u0131ld\u0131. Peki ya g\u00f6ky\u00fcz\u00fcndeki bir delikten d\u00fcnyam\u0131za d\u00fc\u015fen \u0130rokua mitolojisinin G\u00f6ky\u00fcz\u00fc Kad\u0131n\u0131 veya iki d\u00fcnya aras\u0131nda dola\u015fan Koreli kahraman Prenses Bari gibi d\u00fcnyan\u0131n d\u00f6rt bir yan\u0131ndaki mitolojik karakterler hakk\u0131nda neler biliyoruz? G\u00fc\u00e7l\u00fc tanr\u0131\u00e7alar\u0131n, kudretli krali\u00e7elerin ve efsanevi yarat\u0131klar\u0131n bilinmeyen \u00f6zelliklerini g\u00f6zler \u00f6n\u00fcne seren D\u00fcnya Mitolojisinde Kad\u0131nlar: Tanr\u0131\u00e7alar, Kahramanlar ve Canavarlar mitoloji ve folklorun b\u00fcy\u00fcleyici kad\u0131nlar\u0131n\u0131 ke\u015ffe \u00e7a\u011f\u0131r\u0131yor. \u00c7e\u015fitli mitolojilerden destans\u0131 kad\u0131nlar\u0131n \u00f6yk\u00fcs\u00fcn\u00fc anlatan bu kitapta kahramanlardan tanr\u0131\u00e7alara, toplum liderlerinden tuhaf canavarlara kadar sava\u015f\u00e7\u0131, bilge, \u015fefkatli ve kurnaz kad\u0131nlarla kar\u015f\u0131la\u015facaks\u0131n\u0131z. Her k\u00fclt\u00fcr\u00fcn bu ilgi \u00e7ekici hik\u00e2yelerde kurallar\u0131 alt \u00fcst eden kad\u0131nlardan \u00f6\u011frenece\u011fi \u00e7ok \u015fey var. <\/p>\n","protected":false},"excerpt":{"rendered":"<p>Mitolojide Yunan tanr\u0131\u00e7as\u0131 Athena ve M\u0131s\u0131r tanr\u0131\u00e7as\u0131 \u0130sis hakk\u0131nda \u00e7ok \u015fey yaz\u0131ld\u0131. Peki ya g\u00f6ky\u00fcz\u00fcndeki bir delikten d\u00fcnyam\u0131za d\u00fc\u015fen \u0130rokua mitolojisinin G\u00f6ky\u00fcz\u00fc Kad\u0131n\u0131 veya iki d\u00fcnya<span class=\"excerpt-hellip\"> [\u2026]<\/span><\/p>\n","protected":false},"featured_media":0,"template":"","meta":{"_monsterinsights_skip_tracking":false,"_monsterinsights_sitenote_active":false,"_monsterinsights_sitenote_note":"","_monsterinsights_sitenote_category":0},"product_brand":[],"product_cat":[12304],"product_tag":[],"class_list":{"0":"post-751199","1":"product","2":"type-product","3":"status-publish","5":"product_cat-tarih","6":"pa_cilt-ciltsiz","7":"pa_tur-kitap","8":"pa_yayinevi-say-yayinlari","9":"pa_yazar-jenny-williamson-genn-mcmenemy","11":"first","12":"instock","13":"sale","14":"shipping-taxable","15":"purchasable","16":"product-type-simple"},"_links":{"self":[{"href":"https:\/\/roveyayinevi.com.tr\/index.php\/wp-json\/wp\/v2\/product\/751199","targetHints":{"allow":["GET"]}}],"collection":[{"href":"https:\/\/roveyayinevi.com.tr\/index.php\/wp-json\/wp\/v2\/product"}],"about":[{"href":"https:\/\/roveyayinevi.com.tr\/index.php\/wp-json\/wp\/v2\/types\/product"}],"wp:attachment":[{"href":"https:\/\/roveyayinevi.com.tr\/index.php\/wp-json\/wp\/v2\/media?parent=751199"}],"wp:term":[{"taxonomy":"product_brand","embeddable":true,"href":"https:\/\/roveyayinevi.com.tr\/index.php\/wp-json\/wp\/v2\/product_brand?post=751199"},{"taxonomy":"product_cat","embeddable":true,"href":"https:\/\/roveyayinevi.com.tr\/index.php\/wp-json\/wp\/v2\/product_cat?post=751199"},{"taxonomy":"product_tag","embeddable":true,"href":"https:\/\/roveyayinevi.com.tr\/index.php\/wp-json\/wp\/v2\/product_tag?post=751199"}],"curies":[{"name":"wp","href":"https:\/\/api.w.org\/{rel}","templated":true}]}}