{"id":751197,"date":"2025-08-28T04:42:09","date_gmt":"2025-08-28T01:42:09","guid":{"rendered":"https:\/\/roveyayinevi.com.tr\/index.php\/urun\/orhan-velinin-ankaradaki-izleri\/"},"modified":"2026-04-16T03:04:41","modified_gmt":"2026-04-16T00:04:41","slug":"orhan-velinin-ankaradaki-izleri","status":"publish","type":"product","link":"https:\/\/roveyayinevi.com.tr\/index.php\/urun\/orhan-velinin-ankaradaki-izleri\/","title":{"rendered":"Orhan Veli&#8217;nin Ankara&#8217;daki \u0130zleri"},"content":{"rendered":"<p>Ankara\u2019da ya\u015fad\u0131, Ankara\u2019y\u0131 ya\u015fad\u0131. Ankara\u2019da okudu, Ankara\u2019da \u00e2\u015f\u0131k oldu, Ankara\u2019da \u00e7al\u0131\u015ft\u0131, Ankara\u2019da yazd\u0131 en g\u00fczel \u015fiirlerini, Ankara\u2019da Evkaf\u2019taki memuriyetten istifa etti g\u00fczel havalarda, Ankara\u2019da d\u00fc\u015ft\u00fc \u00e7ukura. Ve bir sabah Konur Sokak ile Me\u015frutiyet Caddesi\u2019nin k\u00f6\u015fesinde son kez el sallad\u0131 Ankara\u2019ya&#8230; Sonra da temelli \u00e7ekti gitti buralardan&#8230; Ard\u0131nda i\u00e7i an\u0131larla dolu bir Ankara b\u0131rakarak&#8230; Orhan Veli Ankara\u2019da do\u011fmad\u0131, Ankara\u2019da \u00f6lmedi ama Ankara\u2019da ya\u015fad\u0131.   Tolga Aydo\u011fan, Orhan Veli\u2019nin hayat\u0131nda \u00f6nemli bir yere sahip olan ancak az bilinen bir d\u00f6nemine \u0131\u015f\u0131k tutuyor. Yazar titizlikle toplad\u0131\u011f\u0131 an\u0131, foto\u011fraf ve belgelerle, yapt\u0131\u011f\u0131 r\u00f6portajlarla sokak sokak, mek\u00e2n mek\u00e2n, an\u0131 an\u0131 s\u00fcr\u00fcyor \u015fairin Ankara\u2019daki izlerini. Kitapta Orhan Veli\u2019nin hayat\u0131na dair bir\u00e7ok detay da ilk kez g\u00fcn \u0131\u015f\u0131\u011f\u0131na \u00e7\u0131k\u0131yor. Aydo\u011fan, edebiyat \u00e7evrelerine \u00f6nemli bir kaynak sunarken okurla birlikte Ankara sokaklar\u0131nda y\u00fcr\u00fcr gibi i\u00e7ten bir \u00fcslupla \u2018Orhan Veli\u2019nin Ankara\u2019daki \u0130zleri\u2019ni anlat\u0131yor. <\/p>\n","protected":false},"excerpt":{"rendered":"<p>Ankara\u2019da ya\u015fad\u0131, Ankara\u2019y\u0131 ya\u015fad\u0131. Ankara\u2019da okudu, Ankara\u2019da \u00e2\u015f\u0131k oldu, Ankara\u2019da \u00e7al\u0131\u015ft\u0131, Ankara\u2019da yazd\u0131 en g\u00fczel \u015fiirlerini, Ankara\u2019da Evkaf\u2019taki memuriyetten istifa etti g\u00fczel havalarda, Ankara\u2019da d\u00fc\u015ft\u00fc \u00e7ukura.<span class=\"excerpt-hellip\"> [\u2026]<\/span><\/p>\n","protected":false},"featured_media":0,"template":"","meta":{"_monsterinsights_skip_tracking":false,"_monsterinsights_sitenote_active":false,"_monsterinsights_sitenote_note":"","_monsterinsights_sitenote_category":0},"product_brand":[],"product_cat":[13072,12291],"product_tag":[],"class_list":{"0":"post-751197","1":"product","2":"type-product","3":"status-publish","5":"product_cat-arastirma-inceleme-referans","6":"product_cat-edebiyat","7":"pa_cilt-ciltsiz","8":"pa_tur-kitap","9":"pa_yayinevi-yapi-kredi-yayinlari","10":"pa_yazar-tolga-aydogan","12":"first","13":"instock","14":"sale","15":"shipping-taxable","16":"purchasable","17":"product-type-simple"},"_links":{"self":[{"href":"https:\/\/roveyayinevi.com.tr\/index.php\/wp-json\/wp\/v2\/product\/751197","targetHints":{"allow":["GET"]}}],"collection":[{"href":"https:\/\/roveyayinevi.com.tr\/index.php\/wp-json\/wp\/v2\/product"}],"about":[{"href":"https:\/\/roveyayinevi.com.tr\/index.php\/wp-json\/wp\/v2\/types\/product"}],"wp:attachment":[{"href":"https:\/\/roveyayinevi.com.tr\/index.php\/wp-json\/wp\/v2\/media?parent=751197"}],"wp:term":[{"taxonomy":"product_brand","embeddable":true,"href":"https:\/\/roveyayinevi.com.tr\/index.php\/wp-json\/wp\/v2\/product_brand?post=751197"},{"taxonomy":"product_cat","embeddable":true,"href":"https:\/\/roveyayinevi.com.tr\/index.php\/wp-json\/wp\/v2\/product_cat?post=751197"},{"taxonomy":"product_tag","embeddable":true,"href":"https:\/\/roveyayinevi.com.tr\/index.php\/wp-json\/wp\/v2\/product_tag?post=751197"}],"curies":[{"name":"wp","href":"https:\/\/api.w.org\/{rel}","templated":true}]}}