{"id":751196,"date":"2025-08-28T04:42:07","date_gmt":"2025-08-28T01:42:07","guid":{"rendered":"https:\/\/roveyayinevi.com.tr\/index.php\/urun\/papirus\/"},"modified":"2026-04-16T03:04:41","modified_gmt":"2026-04-16T00:04:41","slug":"papirus","status":"publish","type":"product","link":"https:\/\/roveyayinevi.com.tr\/index.php\/urun\/papirus\/","title":{"rendered":"Papir\u00fcs"},"content":{"rendered":"<p>Duman, ta\u015f, kil, deri, kuma\u015f, a\u011fa\u00e7 ve \u0131\u015f\u0131k&#8230;   Yaz\u0131l\u0131 anlat\u0131m\u0131n izini s\u00fcren okurlara yaz\u0131lm\u0131\u015f gelmi\u015f ge\u00e7mi\u015f t\u00fcm kitaplar\u0131n mucizevi hik\u00e2yesidir Papir\u00fcs. S\u00f6zc\u00fcklerin uzay-zamanda yolculuk edebilmesi i\u00e7in icat etti\u011fimiz nesnenin ve neredeyse otuz as\u0131rd\u0131r onu koruyanlar\u0131n yolculu\u011funa dair bir anlat\u0131. \u0130skender\u2019in sava\u015flar\u0131ndan Vez\u00fcv\u2019\u00fcn patlamas\u0131na, Kleopatra\u2019n\u0131n saraylar\u0131ndan Hypatia\u2019n\u0131n \u00f6l\u00fcm\u00fcne, i\u00e7 sava\u015fta neredeyse yok olan Saraybosna K\u00fct\u00fcphanesi\u2019nden her g\u00fcn binin \u00fczerinde kitap giri\u015fi yap\u0131lan Oxford K\u00fct\u00fcphanesi\u2019nin dehlizlerine\u2026 Okuru zaman yolculu\u011funa \u00e7\u0131karan bu kitap, d\u00fcnyan\u0131n d\u00f6rt bir yan\u0131nda kitaplar\u0131n do\u011fumuna ve \u00f6l\u00fcm\u00fcne tan\u0131kl\u0131k etmeye \u00e7a\u011f\u0131r\u0131yor. T\u00fcm bu maceran\u0131n ger\u00e7ek kahramanlar\u0131ysa t\u0131pk\u0131 bizim gibi s\u0131radan okurlar.   \u201cVallejo zekice bir karar vererek akademik dil yerine hik\u00e2ye anlat\u0131c\u0131s\u0131n\u0131n sesini se\u00e7mi\u015f. Papir\u00fcs arka arkaya s\u0131ralanm\u0131\u015f bilgiler olarak de\u011fil bir hik\u00e2ye gibi okunuyor. B\u00f6ylece okumay\u0131 tutkuyla seven bir okurun, kitaplara \u00f6vg\u00fcs\u00fc olan bu b\u00fcy\u00fcleyici deneme daha duygusal, daha a\u00e7\u0131k bir hal alm\u0131\u015f.\u201d  (Alberto Manguel)   \u201c\u00c7ok iyi yaz\u0131lm\u0131\u015f bu ba\u015fyap\u0131t\u0131n atmosferi ger\u00e7ekten hayranl\u0131k verici sayfalardan, kitaplara ve okumaya duyulan sevgiden olu\u015fuyor.\u201d (Mario Vargas Llosa)<\/p>\n","protected":false},"excerpt":{"rendered":"<p>Duman, ta\u015f, kil, deri, kuma\u015f, a\u011fa\u00e7 ve \u0131\u015f\u0131k&#8230; Yaz\u0131l\u0131 anlat\u0131m\u0131n izini s\u00fcren okurlara yaz\u0131lm\u0131\u015f gelmi\u015f ge\u00e7mi\u015f t\u00fcm kitaplar\u0131n mucizevi hik\u00e2yesidir Papir\u00fcs. S\u00f6zc\u00fcklerin uzay-zamanda yolculuk edebilmesi i\u00e7in<span class=\"excerpt-hellip\"> [\u2026]<\/span><\/p>\n","protected":false},"featured_media":0,"template":"","meta":{"_monsterinsights_skip_tracking":false,"_monsterinsights_sitenote_active":false,"_monsterinsights_sitenote_note":"","_monsterinsights_sitenote_category":0},"product_brand":[],"product_cat":[18545,12291],"product_tag":[],"class_list":{"0":"post-751196","1":"product","2":"type-product","3":"status-publish","5":"product_cat-anlati","6":"product_cat-edebiyat","7":"pa_cilt-ciltsiz","8":"pa_tur-kitap","9":"pa_yayinevi-bilgi-yayinevi","10":"pa_yazar-irene-vallejo","12":"first","13":"instock","14":"sale","15":"shipping-taxable","16":"purchasable","17":"product-type-simple"},"_links":{"self":[{"href":"https:\/\/roveyayinevi.com.tr\/index.php\/wp-json\/wp\/v2\/product\/751196","targetHints":{"allow":["GET"]}}],"collection":[{"href":"https:\/\/roveyayinevi.com.tr\/index.php\/wp-json\/wp\/v2\/product"}],"about":[{"href":"https:\/\/roveyayinevi.com.tr\/index.php\/wp-json\/wp\/v2\/types\/product"}],"wp:attachment":[{"href":"https:\/\/roveyayinevi.com.tr\/index.php\/wp-json\/wp\/v2\/media?parent=751196"}],"wp:term":[{"taxonomy":"product_brand","embeddable":true,"href":"https:\/\/roveyayinevi.com.tr\/index.php\/wp-json\/wp\/v2\/product_brand?post=751196"},{"taxonomy":"product_cat","embeddable":true,"href":"https:\/\/roveyayinevi.com.tr\/index.php\/wp-json\/wp\/v2\/product_cat?post=751196"},{"taxonomy":"product_tag","embeddable":true,"href":"https:\/\/roveyayinevi.com.tr\/index.php\/wp-json\/wp\/v2\/product_tag?post=751196"}],"curies":[{"name":"wp","href":"https:\/\/api.w.org\/{rel}","templated":true}]}}