{"id":751194,"date":"2025-08-28T04:42:05","date_gmt":"2025-08-28T01:42:05","guid":{"rendered":"https:\/\/roveyayinevi.com.tr\/index.php\/urun\/enerji-karmasiklik-ve-cokus\/"},"modified":"2026-04-16T03:04:40","modified_gmt":"2026-04-16T00:04:40","slug":"enerji-karmasiklik-ve-cokus","status":"publish","type":"product","link":"https:\/\/roveyayinevi.com.tr\/index.php\/urun\/enerji-karmasiklik-ve-cokus\/","title":{"rendered":"Enerji, Karma\u015f\u0131kl\u0131k ve \u00c7\u00f6k\u00fc\u015f"},"content":{"rendered":"<p>Bir toplumun enerji elde etme tarz\u0131 o toplumun k\u00fclt\u00fcrel de\u011ferlerini belirleyebilir mi? Neden toplumlar\u0131n y\u00fckseli\u015fi yava\u015f olurken \u00e7\u00f6k\u00fc\u015f\u00fc h\u0131zl\u0131 olur? \u00c7evreye verdi\u011fimiz zarar\u0131n simgesi olan Antroposen ne zaman ba\u015flad\u0131? Bat\u0131 Roma ve Osmanl\u0131 \u0130mparatorluklar\u0131n\u0131 \u00e7\u00f6k\u00fc\u015fe ta\u015f\u0131yan ortak sorun neydi?  Modern d\u00fcnyay\u0131 bekleyen \u00e7\u00f6k\u00fc\u015f\u00fcn ana sebebi ne olacak? Fosil enerjiye ge\u00e7i\u015f, modern toplumlar\u0131n i\u00e7ine d\u00fc\u015f\u00fcp \u00e7\u0131kamad\u0131klar\u0131 bir tuzak m\u0131d\u0131r? Yol ayr\u0131m\u0131ndaki Homo Sapiens do\u011faya verdi\u011fi zarar\u0131n fark\u0131na var\u0131p yeni bir insanl\u0131k bilincine ula\u015fabilecek mi?   Cengiz Aytun bu \u00e7al\u0131\u015fmada karma\u015f\u0131kla\u015fman\u0131n tarihini, enerji kavram\u0131n\u0131 merkeze alarak sorguluyor. Kitap kozmik ve biyolojik karma\u015f\u0131kla\u015fman\u0131n tarihiyle ba\u015fl\u0131yor. Ard\u0131ndan, yaratt\u0131\u011f\u0131m\u0131z karma\u015f\u0131k toplumlar\u0131n y\u00fckseli\u015f ve \u00e7\u00f6k\u00fc\u015f sebeplerinin izini s\u00fcr\u00fcyor. Astronomi, fizik, biyoloji, tarih, iktisat, antropoloji ve ekoloji gibi pek \u00e7ok bilim alan\u0131n\u0131n s\u0131n\u0131rlar\u0131n\u0131n \u00fczerinden yol alarak, farkl\u0131 disiplinlerden edindi\u011fi bilgileri sentezliyor.  <\/p>\n","protected":false},"excerpt":{"rendered":"<p>Bir toplumun enerji elde etme tarz\u0131 o toplumun k\u00fclt\u00fcrel de\u011ferlerini belirleyebilir mi? Neden toplumlar\u0131n y\u00fckseli\u015fi yava\u015f olurken \u00e7\u00f6k\u00fc\u015f\u00fc h\u0131zl\u0131 olur? \u00c7evreye verdi\u011fimiz zarar\u0131n simgesi olan Antroposen<span class=\"excerpt-hellip\"> [\u2026]<\/span><\/p>\n","protected":false},"featured_media":0,"template":"","meta":{"_monsterinsights_skip_tracking":false,"_monsterinsights_sitenote_active":false,"_monsterinsights_sitenote_note":"","_monsterinsights_sitenote_category":0},"product_brand":[],"product_cat":[12324],"product_tag":[],"class_list":{"0":"post-751194","1":"product","2":"type-product","3":"status-publish","5":"product_cat-sosyoloji","6":"pa_cilt-ciltsiz","7":"pa_tur-kitap","8":"pa_yayinevi-efil-yayinevi","9":"pa_yazar-cengiz-aytun","11":"first","12":"instock","13":"sale","14":"shipping-taxable","15":"purchasable","16":"product-type-simple"},"_links":{"self":[{"href":"https:\/\/roveyayinevi.com.tr\/index.php\/wp-json\/wp\/v2\/product\/751194","targetHints":{"allow":["GET"]}}],"collection":[{"href":"https:\/\/roveyayinevi.com.tr\/index.php\/wp-json\/wp\/v2\/product"}],"about":[{"href":"https:\/\/roveyayinevi.com.tr\/index.php\/wp-json\/wp\/v2\/types\/product"}],"wp:attachment":[{"href":"https:\/\/roveyayinevi.com.tr\/index.php\/wp-json\/wp\/v2\/media?parent=751194"}],"wp:term":[{"taxonomy":"product_brand","embeddable":true,"href":"https:\/\/roveyayinevi.com.tr\/index.php\/wp-json\/wp\/v2\/product_brand?post=751194"},{"taxonomy":"product_cat","embeddable":true,"href":"https:\/\/roveyayinevi.com.tr\/index.php\/wp-json\/wp\/v2\/product_cat?post=751194"},{"taxonomy":"product_tag","embeddable":true,"href":"https:\/\/roveyayinevi.com.tr\/index.php\/wp-json\/wp\/v2\/product_tag?post=751194"}],"curies":[{"name":"wp","href":"https:\/\/api.w.org\/{rel}","templated":true}]}}