{"id":751193,"date":"2025-08-28T04:42:04","date_gmt":"2025-08-28T01:42:04","guid":{"rendered":"https:\/\/roveyayinevi.com.tr\/index.php\/urun\/ultralar-arasinda\/"},"modified":"2026-04-16T03:04:40","modified_gmt":"2026-04-16T00:04:40","slug":"ultralar-arasinda","status":"publish","type":"product","link":"https:\/\/roveyayinevi.com.tr\/index.php\/urun\/ultralar-arasinda\/","title":{"rendered":"Ultralar Aras\u0131nda"},"content":{"rendered":"<p>FUTBOLUN SINIRLARINI A\u015eAN B\u0130R ALTK\u00dcLT\u00dcR: ULTRA   Kale arkas\u0131ndan y\u00fckselen tezah\u00fcratlar, sallanan bayraklar, yak\u0131lan me\u015faleler\u2026 Her ma\u00e7 g\u00f6z \u00f6n\u00fcnde olan bu tutkulu, sad\u0131k ve \u00f6rg\u00fctl\u00fc insanlar\u0131n tek derdi ye\u015fil zeminde ya\u015fananlar de\u011fil. Peki kim bu herkesin bir yerlerden duydu\u011fu ultralar?   Ultralar Aras\u0131nda, sava\u015f sonras\u0131 \u0130talya\u2019s\u0131nda, Balkan \u00fclkelerinde ve Brezilya trib\u00fcnlerinde ortaya \u00e7\u0131kan ultra hareketinin temellerinin nas\u0131l at\u0131ld\u0131\u011f\u0131n\u0131 ve bug\u00fcn Madrid, M\u00fcnih, \u0130stanbul ve Buenos Aires stadyumlar\u0131n\u0131 domine eden k\u00fcresel bir fenomene nas\u0131l d\u00f6n\u00fc\u015ft\u00fc\u011f\u00fcn\u00fc anlat\u0131yor. James Montague T\u00fcrkiye de dahil on be\u015ften fazla futbol \u00fclkesini gezerek ultralar\u0131n aras\u0131na s\u0131z\u0131yor ve bazen rahats\u0131z eden bazense hayran b\u0131rakan bir\u00e7ok \u00f6zel hik\u00e2yeyi okurlarla payla\u015f\u0131yor. <\/p>\n","protected":false},"excerpt":{"rendered":"<p>FUTBOLUN SINIRLARINI A\u015eAN B\u0130R ALTK\u00dcLT\u00dcR: ULTRA Kale arkas\u0131ndan y\u00fckselen tezah\u00fcratlar, sallanan bayraklar, yak\u0131lan me\u015faleler\u2026 Her ma\u00e7 g\u00f6z \u00f6n\u00fcnde olan bu tutkulu, sad\u0131k ve \u00f6rg\u00fctl\u00fc insanlar\u0131n tek<span class=\"excerpt-hellip\"> [\u2026]<\/span><\/p>\n","protected":false},"featured_media":0,"template":"","meta":{"_monsterinsights_skip_tracking":false,"_monsterinsights_sitenote_active":false,"_monsterinsights_sitenote_note":"","_monsterinsights_sitenote_category":0},"product_brand":[],"product_cat":[15563,15564],"product_tag":[],"class_list":{"0":"post-751193","1":"product","2":"type-product","3":"status-publish","5":"product_cat-hobi","6":"product_cat-spor","7":"pa_cilt-ciltsiz","8":"pa_tur-kitap","9":"pa_yayinevi-ithaki-yayinlari","10":"pa_yazar-james-montague","12":"first","13":"instock","14":"sale","15":"shipping-taxable","16":"purchasable","17":"product-type-simple"},"_links":{"self":[{"href":"https:\/\/roveyayinevi.com.tr\/index.php\/wp-json\/wp\/v2\/product\/751193","targetHints":{"allow":["GET"]}}],"collection":[{"href":"https:\/\/roveyayinevi.com.tr\/index.php\/wp-json\/wp\/v2\/product"}],"about":[{"href":"https:\/\/roveyayinevi.com.tr\/index.php\/wp-json\/wp\/v2\/types\/product"}],"wp:attachment":[{"href":"https:\/\/roveyayinevi.com.tr\/index.php\/wp-json\/wp\/v2\/media?parent=751193"}],"wp:term":[{"taxonomy":"product_brand","embeddable":true,"href":"https:\/\/roveyayinevi.com.tr\/index.php\/wp-json\/wp\/v2\/product_brand?post=751193"},{"taxonomy":"product_cat","embeddable":true,"href":"https:\/\/roveyayinevi.com.tr\/index.php\/wp-json\/wp\/v2\/product_cat?post=751193"},{"taxonomy":"product_tag","embeddable":true,"href":"https:\/\/roveyayinevi.com.tr\/index.php\/wp-json\/wp\/v2\/product_tag?post=751193"}],"curies":[{"name":"wp","href":"https:\/\/api.w.org\/{rel}","templated":true}]}}