{"id":751192,"date":"2025-08-28T04:42:02","date_gmt":"2025-08-28T01:42:02","guid":{"rendered":"https:\/\/roveyayinevi.com.tr\/index.php\/urun\/jamaika-hani\/"},"modified":"2026-04-16T03:04:40","modified_gmt":"2026-04-16T00:04:40","slug":"jamaika-hani","status":"publish","type":"product","link":"https:\/\/roveyayinevi.com.tr\/index.php\/urun\/jamaika-hani\/","title":{"rendered":"Jamaika Han\u0131"},"content":{"rendered":"<p>Ba\u015fyap\u0131tlar\u0131 aras\u0131nda Alfred Hitchcock taraf\u0131ndan sinemaya uyarlanan \u00fcnl\u00fc gotik roman\u0131 Rebecca ve yine usta y\u00f6netmenin filmine ilham veren Ku\u015flar gibi eserleri bulunan \u0130ngiliz yazar Daphne du Maurier, tekinsizli\u011fi kurgulamaktaki ba\u015far\u0131s\u0131yla tan\u0131n\u0131yor. 1936\u2019da yay\u0131mlanan ve yine Hitchcock taraf\u0131ndan sinemaya uyarlanan roman\u0131 Jamaika Han\u0131 da t\u00fcr\u00fcn\u00fcn unutulmaz \u00f6rneklerinden biri.   Mary, annesi \u00f6ld\u00fckten sonra eni\u015ftesi ile teyzesinin yan\u0131na yerle\u015fir. Bu \u00e7ifte al\u0131\u015fmak kolay olmayacakt\u0131r \u00e7\u00fcnk\u00fc teyzesi Patience zavall\u0131, peri\u015fan bir h\u00e2ldeyken, eni\u015ftesi Joss ise Mary\u2019ye k\u00f6t\u00fc davran\u0131r ve patronu oldu\u011fu, pek de tekin bir yer olmayan Jamaika Han\u0131\u2019nda gizli kapakl\u0131 i\u015fler d\u00f6nmektedir. Mary hem teyzesini bu h\u00e2le getirenin ne oldu\u011funu anlamak hem de herkesin uzak durdu\u011fu Jamaika Han\u0131\u2019n\u0131n etraf\u0131ndaki sis perdesini aralamak ister. Aralanan perdeden beliren manzara deh\u015fete d\u00fc\u015f\u00fcr\u00fcc\u00fcd\u00fcr.   Jane Eyre ve U\u011fultulu Tepeler gibi eserlerin a\u00e7t\u0131\u011f\u0131 yoldan ilerleyen Jamaika Han\u0131, son b\u00fcy\u00fck gotik romanlardan biri.   \u201cKaranl\u0131k bir hik\u00e2ye. G\u00f6z kama\u015ft\u0131r\u0131c\u0131 bir gerilim.\u201d \u2013Daily Express   \u201cGen\u00e7 bir kad\u0131n\u0131n hayat\u0131ndaki d\u00f6n\u00fcm noktalar\u0131 ile gotik romanslara has unsurlar\u0131n kusursuz birlikteli\u011fi\u2026\u201d \u2013Independent <\/p>\n","protected":false},"excerpt":{"rendered":"<p>Ba\u015fyap\u0131tlar\u0131 aras\u0131nda Alfred Hitchcock taraf\u0131ndan sinemaya uyarlanan \u00fcnl\u00fc gotik roman\u0131 Rebecca ve yine usta y\u00f6netmenin filmine ilham veren Ku\u015flar gibi eserleri bulunan \u0130ngiliz yazar Daphne du<span class=\"excerpt-hellip\"> [\u2026]<\/span><\/p>\n","protected":false},"featured_media":0,"template":"","meta":{"_monsterinsights_skip_tracking":false,"_monsterinsights_sitenote_active":false,"_monsterinsights_sitenote_note":"","_monsterinsights_sitenote_category":0},"product_brand":[],"product_cat":[12291,12711],"product_tag":[],"class_list":{"0":"post-751192","1":"product","2":"type-product","3":"status-publish","5":"product_cat-edebiyat","6":"product_cat-roman-oyku","7":"pa_cilt-ciltsiz","8":"pa_tur-kitap","9":"pa_yayinevi-ithaki-yayinlari","10":"pa_yazar-daphne-du-maurier","12":"first","13":"instock","14":"sale","15":"shipping-taxable","16":"purchasable","17":"product-type-simple"},"_links":{"self":[{"href":"https:\/\/roveyayinevi.com.tr\/index.php\/wp-json\/wp\/v2\/product\/751192","targetHints":{"allow":["GET"]}}],"collection":[{"href":"https:\/\/roveyayinevi.com.tr\/index.php\/wp-json\/wp\/v2\/product"}],"about":[{"href":"https:\/\/roveyayinevi.com.tr\/index.php\/wp-json\/wp\/v2\/types\/product"}],"wp:attachment":[{"href":"https:\/\/roveyayinevi.com.tr\/index.php\/wp-json\/wp\/v2\/media?parent=751192"}],"wp:term":[{"taxonomy":"product_brand","embeddable":true,"href":"https:\/\/roveyayinevi.com.tr\/index.php\/wp-json\/wp\/v2\/product_brand?post=751192"},{"taxonomy":"product_cat","embeddable":true,"href":"https:\/\/roveyayinevi.com.tr\/index.php\/wp-json\/wp\/v2\/product_cat?post=751192"},{"taxonomy":"product_tag","embeddable":true,"href":"https:\/\/roveyayinevi.com.tr\/index.php\/wp-json\/wp\/v2\/product_tag?post=751192"}],"curies":[{"name":"wp","href":"https:\/\/api.w.org\/{rel}","templated":true}]}}