{"id":751191,"date":"2025-08-28T04:42:01","date_gmt":"2025-08-28T01:42:01","guid":{"rendered":"https:\/\/roveyayinevi.com.tr\/index.php\/urun\/wendigo\/"},"modified":"2026-04-16T03:04:40","modified_gmt":"2026-04-16T00:04:40","slug":"wendigo","status":"publish","type":"product","link":"https:\/\/roveyayinevi.com.tr\/index.php\/urun\/wendigo\/","title":{"rendered":"Wendigo"},"content":{"rendered":"<p>\u201cBlackwood\u2019un dehas\u0131n\u0131n niteli\u011fini tart\u0131\u015fmaya mahal yok. Onun s\u0131radan \u015feylerin garipli\u011finin alt\u0131nda yatanlar\u0131 yaz\u0131ya d\u00f6kerken sergiledi\u011fi beceri, ciddiyet ve titiz sadakate kimse yakla\u015famam\u0131\u015ft\u0131r.\u201d \u2013H. P. Lovecraft   Tuhaf kurgu ve hayalet hik\u00e2yesi t\u00fcrlerinde \u00e7\u0131\u011f\u0131r a\u00e7an Algernon Blackwood, insan\u0131n duygular\u0131 ve mant\u0131\u011f\u0131 aras\u0131ndaki gerilimi kurcalayan, do\u011fa\u00fcst\u00fc ile do\u011fal olan aras\u0131ndaki alacakaranl\u0131k co\u011frafyay\u0131 ke\u015ffe \u00e7\u0131kan \u00f6nc\u00fc bir yazar. T\u0131pk\u0131 S\u00f6\u011f\u00fctler gibi ba\u015fyap\u0131tlar\u0131ndan biri olan ve 1910\u2019da yay\u0131mlanan Wendigo ise yabanilik ile medenili\u011fin i\u00e7li d\u0131\u015fl\u0131 oldu\u011fu, adland\u0131r\u0131lamayan deh\u015fetlere gebe bir \u00f6yk\u00fc.   Kanada\u2019n\u0131n yaban\u0131l arazilerinde geyik av\u0131na \u00e7\u0131kan d\u00f6rt ki\u015filik grup ikiye ayr\u0131l\u0131nca ilahiyat \u00f6\u011frencisi Simpson ile ona rehberlik eden Frans\u0131z as\u0131ll\u0131 Kanadal\u0131 Joseph D\u00e9fago \u0131ss\u0131zl\u0131\u011f\u0131n ortas\u0131nda, esrarengiz bir tabiat\u0131n i\u00e7erisinde tekinsiz bir ser\u00fcvene yelken a\u00e7ar. Orman\u0131n kasvetli atmosferinde, \u00f6nce berbat bir koku, sonra da kayna\u011f\u0131 bilinmeyen izler ortaya \u00e7\u0131kar. Korku, ak\u0131l ile mant\u0131\u011f\u0131 sararken tabiat\u0131n y\u00fcre\u011finde gizlenen \u201cbilinmeyen,\u201d varl\u0131\u011f\u0131n\u0131 usul usul sezdirmeye ba\u015flayacakt\u0131r.   Yaban\u0131n \u00e7a\u011fr\u0131s\u0131 cevaps\u0131z kalmaz\u2026 <\/p>\n","protected":false},"excerpt":{"rendered":"<p>\u201cBlackwood\u2019un dehas\u0131n\u0131n niteli\u011fini tart\u0131\u015fmaya mahal yok. Onun s\u0131radan \u015feylerin garipli\u011finin alt\u0131nda yatanlar\u0131 yaz\u0131ya d\u00f6kerken sergiledi\u011fi beceri, ciddiyet ve titiz sadakate kimse yakla\u015famam\u0131\u015ft\u0131r.\u201d \u2013H. P. Lovecraft Tuhaf<span class=\"excerpt-hellip\"> [\u2026]<\/span><\/p>\n","protected":false},"featured_media":0,"template":"","meta":{"_monsterinsights_skip_tracking":false,"_monsterinsights_sitenote_active":false,"_monsterinsights_sitenote_note":"","_monsterinsights_sitenote_category":0},"product_brand":[],"product_cat":[12291,17033],"product_tag":[],"class_list":{"0":"post-751191","1":"product","2":"type-product","3":"status-publish","5":"product_cat-edebiyat","6":"product_cat-korku-gerilim","7":"pa_cilt-ciltsiz","8":"pa_tur-kitap","9":"pa_yayinevi-ithaki-yayinlari","10":"pa_yazar-algernon-blackwood","12":"first","13":"instock","14":"sale","15":"shipping-taxable","16":"purchasable","17":"product-type-simple"},"_links":{"self":[{"href":"https:\/\/roveyayinevi.com.tr\/index.php\/wp-json\/wp\/v2\/product\/751191","targetHints":{"allow":["GET"]}}],"collection":[{"href":"https:\/\/roveyayinevi.com.tr\/index.php\/wp-json\/wp\/v2\/product"}],"about":[{"href":"https:\/\/roveyayinevi.com.tr\/index.php\/wp-json\/wp\/v2\/types\/product"}],"wp:attachment":[{"href":"https:\/\/roveyayinevi.com.tr\/index.php\/wp-json\/wp\/v2\/media?parent=751191"}],"wp:term":[{"taxonomy":"product_brand","embeddable":true,"href":"https:\/\/roveyayinevi.com.tr\/index.php\/wp-json\/wp\/v2\/product_brand?post=751191"},{"taxonomy":"product_cat","embeddable":true,"href":"https:\/\/roveyayinevi.com.tr\/index.php\/wp-json\/wp\/v2\/product_cat?post=751191"},{"taxonomy":"product_tag","embeddable":true,"href":"https:\/\/roveyayinevi.com.tr\/index.php\/wp-json\/wp\/v2\/product_tag?post=751191"}],"curies":[{"name":"wp","href":"https:\/\/api.w.org\/{rel}","templated":true}]}}