{"id":751190,"date":"2025-08-28T04:42:00","date_gmt":"2025-08-28T01:42:00","guid":{"rendered":"https:\/\/roveyayinevi.com.tr\/index.php\/urun\/yolcular\/"},"modified":"2026-04-16T03:04:40","modified_gmt":"2026-04-16T00:04:40","slug":"yolcular","status":"publish","type":"product","link":"https:\/\/roveyayinevi.com.tr\/index.php\/urun\/yolcular\/","title":{"rendered":"Yolcular"},"content":{"rendered":"<p>T\u00fcm ara\u00e7lar\u0131n tamamen otonom s\u00fcr\u00fc\u015fe ge\u00e7ti\u011fi yak\u0131n gelece\u011fin \u0130ngiltere\u2019sindeyiz. Ya\u015fad\u0131\u011f\u0131 travmatik olaylar nedeniyle Yapay Zek\u00e2\u2019ya kar\u015f\u0131 g\u00fcvensizlik besleyen Libby ger\u00e7ekle\u015fen az say\u0131daki trafik kazas\u0131n\u0131n \u00e7\u00f6z\u00fcme ba\u011fland\u0131\u011f\u0131 bir soru\u015fturmada j\u00fcri olarak g\u00f6revlendirilir. Hem anksiyetesi hem de duruma kar\u015f\u0131 \u00f6nyarg\u0131l\u0131 olmas\u0131 sebebiyle bu g\u00f6revlendirmeden pek emin olamayan Libby\u2019nin s\u0131radan g\u00fcn\u00fc, sekiz arac\u0131n hacklendi\u011fi bir ter\u00f6r sald\u0131r\u0131s\u0131 y\u00fcz\u00fcnden cehenneme d\u00f6nmeye ba\u015flar.   Ne ama\u00e7lad\u0131\u011f\u0131n\u0131 s\u0131r gibi saklayan bir hacker sekiz arac\u0131 yolcular\u0131yla beraber, sadece kendisinin bildi\u011fi bir \u00e7arp\u0131\u015fma rotas\u0131na y\u00f6nlendirir ve sosyal medya \u00fczerinden t\u00fcm d\u00fcnyay\u0131 bu kurbanlardan birini kurtarmak ad\u0131na oy vermeye \u00e7a\u011f\u0131r\u0131r. Fakat hi\u00e7bir \u015fey g\u00f6r\u00fcnd\u00fc\u011f\u00fc kadar basit de\u011fildir. D\u0131\u015f g\u00f6r\u00fcn\u00fc\u015f ve kimliklere duyulan \u00f6nyarg\u0131yla ger\u00e7ekle\u015fen oylama, ger\u00e7eklerin birer birer a\u00e7\u0131\u011fa \u00e7\u0131kar\u0131lmas\u0131yla i\u00e7inden \u00e7\u0131k\u0131lmaz bir vicdan muhasebesine d\u00f6n\u00fc\u015fecektir.   \u0130ngiliz yazar John Marrs, Yolcular\u2019da okuru, kontrol\u00fcn Yapay Zek\u00e2\u2019ya ge\u00e7ti\u011fi bir toplumda irade ve vicdan\u0131n i\u015flerli\u011fini sorgulayan bir polisiye maceraya \u00e7\u0131kar\u0131yor.   \u201cEn heyecan verici, en orijinal gerilim yazarlar\u0131ndan biri.\u201d \u2013Simon Kernick   \u201cHik\u00e2yenin her ad\u0131m\u0131 bir g\u00fcn ba\u015f\u0131m\u0131za gelebilecek kadar ger\u00e7ek\u00e7i. Marrs\u2019\u0131n soluksuz ilerleyen kitab\u0131 ayn\u0131 zamanda g\u00fcn\u00fcm\u00fcz i\u00e7in gerekli bir hiciv.\u201d \u2013Washington Post <\/p>\n","protected":false},"excerpt":{"rendered":"<p>T\u00fcm ara\u00e7lar\u0131n tamamen otonom s\u00fcr\u00fc\u015fe ge\u00e7ti\u011fi yak\u0131n gelece\u011fin \u0130ngiltere\u2019sindeyiz. Ya\u015fad\u0131\u011f\u0131 travmatik olaylar nedeniyle Yapay Zek\u00e2\u2019ya kar\u015f\u0131 g\u00fcvensizlik besleyen Libby ger\u00e7ekle\u015fen az say\u0131daki trafik kazas\u0131n\u0131n \u00e7\u00f6z\u00fcme ba\u011fland\u0131\u011f\u0131<span class=\"excerpt-hellip\"> [\u2026]<\/span><\/p>\n","protected":false},"featured_media":0,"template":"","meta":{"_monsterinsights_skip_tracking":false,"_monsterinsights_sitenote_active":false,"_monsterinsights_sitenote_note":"","_monsterinsights_sitenote_category":0},"product_brand":[],"product_cat":[12803,12291],"product_tag":[],"class_list":{"0":"post-751190","1":"product","2":"type-product","3":"status-publish","5":"product_cat-aksiyon-macera","6":"product_cat-edebiyat","7":"pa_cilt-ciltsiz","8":"pa_tur-kitap","9":"pa_yayinevi-ithaki-yayinlari","10":"pa_yazar-john-marrs","12":"first","13":"instock","14":"sale","15":"shipping-taxable","16":"purchasable","17":"product-type-simple"},"_links":{"self":[{"href":"https:\/\/roveyayinevi.com.tr\/index.php\/wp-json\/wp\/v2\/product\/751190","targetHints":{"allow":["GET"]}}],"collection":[{"href":"https:\/\/roveyayinevi.com.tr\/index.php\/wp-json\/wp\/v2\/product"}],"about":[{"href":"https:\/\/roveyayinevi.com.tr\/index.php\/wp-json\/wp\/v2\/types\/product"}],"wp:attachment":[{"href":"https:\/\/roveyayinevi.com.tr\/index.php\/wp-json\/wp\/v2\/media?parent=751190"}],"wp:term":[{"taxonomy":"product_brand","embeddable":true,"href":"https:\/\/roveyayinevi.com.tr\/index.php\/wp-json\/wp\/v2\/product_brand?post=751190"},{"taxonomy":"product_cat","embeddable":true,"href":"https:\/\/roveyayinevi.com.tr\/index.php\/wp-json\/wp\/v2\/product_cat?post=751190"},{"taxonomy":"product_tag","embeddable":true,"href":"https:\/\/roveyayinevi.com.tr\/index.php\/wp-json\/wp\/v2\/product_tag?post=751190"}],"curies":[{"name":"wp","href":"https:\/\/api.w.org\/{rel}","templated":true}]}}