{"id":751189,"date":"2025-08-28T04:41:58","date_gmt":"2025-08-28T01:41:58","guid":{"rendered":"https:\/\/roveyayinevi.com.tr\/index.php\/urun\/mumkunati-yok\/"},"modified":"2026-04-16T03:04:40","modified_gmt":"2026-04-16T00:04:40","slug":"mumkunati-yok","status":"publish","type":"product","link":"https:\/\/roveyayinevi.com.tr\/index.php\/urun\/mumkunati-yok\/","title":{"rendered":"M\u00fcmk\u00fcnat\u0131 Yok"},"content":{"rendered":"<p>1930 Nobel Edebiyat \u00d6d\u00fcl\u00fc Kazanan\u0131   \u201cG\u00fcncel olaylar\u0131n t\u00fcyler \u00fcrpertici netlikte bir \u00f6ng\u00f6r\u00fcs\u00fc.\u201d \u2013Guardian   \u201cSadece Lewis\u2019in en \u00f6nemli kitab\u0131 de\u011fil, \u015fimdiye de\u011fin bu \u00fclkede yaz\u0131lm\u0131\u015f en \u00f6nemli kitaplardan biri.\u201d \u2013The New Yorker   \u201cB\u0130R NES\u0130L BOYUNCA K\u00d6T\u00dc YOLLARA M\u00dcSAMAHA G\u00d6STEREN B\u0130R \u00dcLKE \u00d6YLE ZEH\u0130RLENECEKT\u0130R K\u0130 SONU ASLA \u0130Y\u0130 OLMAYACAKTIR.\u201d   \u0130ki d\u00fcnya sava\u015f\u0131 aras\u0131ndaki d\u00f6nemin ele\u015ftirel yakla\u015f\u0131m\u0131yla \u00fcnl\u00fc yazar\u0131 Sinclair Lewis modern toplumsal gidi\u015fat\u0131 erkenden \u00e7\u00f6z\u00fcmleyip te\u015fhis eden, ak\u0131l ve mizah dolu yarat\u0131c\u0131l\u0131\u011f\u0131yla Nobel \u00d6d\u00fcl\u00fc\u2019ne lay\u0131k g\u00f6r\u00fclm\u00fc\u015f bir yazar. En \u00f6nemli eserlerinden M\u00fcmk\u00fcnat\u0131 Yok ise d\u00f6nemi i\u00e7in bir alternatif gelecek sunan ve sundu\u011fu karamsar gelece\u011fin ger\u00e7ekle\u015fti\u011fi ender alternatif tarih romanlar\u0131ndan biri.   \u00c7ok \u015feye gebe, barut f\u0131\u00e7\u0131s\u0131 1930\u2019lar\u0131n sonu yakla\u015f\u0131rken Avrupa sava\u015fa, ABD ise ba\u015fkanl\u0131k se\u00e7imine gidiyor. Demokrasi ve \u00f6zg\u00fcrl\u00fckler t\u00fcm d\u00fcnyada ayaklar alt\u0131nda ve \u201c\u00d6zg\u00fcrl\u00fc\u011f\u00fcn \u00dclkesi\u201dnin de gelece\u011fi eskisi kadar g\u00fcvende g\u00f6r\u00fcnm\u00fcyor. Herkesin akl\u0131nda ayn\u0131 korku, ayn\u0131 soru: Fa\u015fizm bizim \u00fclkemizde de galip gelebilir mi? S\u0131k\u0131 bir siyasi liberal olan gazeteci Doremus Jessup\u2019\u0131n akl\u0131selime inanc\u0131 tam oldu\u011fundan cevab\u0131 belli: M\u00fcmk\u00fcnat\u0131 yok!   Ama s\u00fcre\u00e7 ba\u015fka t\u00fcrl\u00fc i\u015fliyor, kimbilir ka\u00e7\u0131nc\u0131 defa tekerr\u00fcr eden tarihin sahnesi bir tirana kal\u0131yor. Bir kader se\u00e7iminin e\u015fi\u011findeki \u00fclkesini alternatif fakat \u00e7ok da imk\u00e2ns\u0131z olmayan, karanl\u0131k bir gelecekle y\u00fczle\u015ftiren Sinclair Lewis, M\u00fcmk\u00fcnat\u0131 Yok\u2019ta demokrasiye neden ihtiya\u00e7 duydu\u011fumuzu bir kere daha hat\u0131rlat\u0131yor.   En g\u00fc\u00e7l\u00fc ve g\u00f6z\u00fc pek idealistlerin, insanl\u0131\u011f\u0131n geli\u015fiminin en b\u00fcy\u00fck yarat\u0131c\u0131lar\u0131 olmak yerine onun en k\u00f6t\u00fc d\u00fc\u015fmanlar\u0131 olmalar\u0131 m\u00fcmk\u00fcn m\u00fc?   M\u00fcmk\u00fcnat\u0131 Yok, e\u015fikteki tehlikeye dair k\u00fc\u00e7\u00fck bir uyar\u0131. <\/p>\n","protected":false},"excerpt":{"rendered":"<p>1930 Nobel Edebiyat \u00d6d\u00fcl\u00fc Kazanan\u0131 \u201cG\u00fcncel olaylar\u0131n t\u00fcyler \u00fcrpertici netlikte bir \u00f6ng\u00f6r\u00fcs\u00fc.\u201d \u2013Guardian \u201cSadece Lewis\u2019in en \u00f6nemli kitab\u0131 de\u011fil, \u015fimdiye de\u011fin bu \u00fclkede yaz\u0131lm\u0131\u015f en \u00f6nemli<span class=\"excerpt-hellip\"> [\u2026]<\/span><\/p>\n","protected":false},"featured_media":0,"template":"","meta":{"_monsterinsights_skip_tracking":false,"_monsterinsights_sitenote_active":false,"_monsterinsights_sitenote_note":"","_monsterinsights_sitenote_category":0},"product_brand":[],"product_cat":[12540,12291],"product_tag":[],"class_list":{"0":"post-751189","1":"product","2":"type-product","3":"status-publish","5":"product_cat-bilim-kurgu","6":"product_cat-edebiyat","7":"pa_cilt-ciltsiz","8":"pa_tur-kitap","9":"pa_yayinevi-ithaki-yayinlari","10":"pa_yazar-sinclair-lewis","12":"first","13":"instock","14":"sale","15":"shipping-taxable","16":"purchasable","17":"product-type-simple"},"_links":{"self":[{"href":"https:\/\/roveyayinevi.com.tr\/index.php\/wp-json\/wp\/v2\/product\/751189","targetHints":{"allow":["GET"]}}],"collection":[{"href":"https:\/\/roveyayinevi.com.tr\/index.php\/wp-json\/wp\/v2\/product"}],"about":[{"href":"https:\/\/roveyayinevi.com.tr\/index.php\/wp-json\/wp\/v2\/types\/product"}],"wp:attachment":[{"href":"https:\/\/roveyayinevi.com.tr\/index.php\/wp-json\/wp\/v2\/media?parent=751189"}],"wp:term":[{"taxonomy":"product_brand","embeddable":true,"href":"https:\/\/roveyayinevi.com.tr\/index.php\/wp-json\/wp\/v2\/product_brand?post=751189"},{"taxonomy":"product_cat","embeddable":true,"href":"https:\/\/roveyayinevi.com.tr\/index.php\/wp-json\/wp\/v2\/product_cat?post=751189"},{"taxonomy":"product_tag","embeddable":true,"href":"https:\/\/roveyayinevi.com.tr\/index.php\/wp-json\/wp\/v2\/product_tag?post=751189"}],"curies":[{"name":"wp","href":"https:\/\/api.w.org\/{rel}","templated":true}]}}