{"id":751186,"date":"2025-08-28T04:41:53","date_gmt":"2025-08-28T01:41:53","guid":{"rendered":"https:\/\/roveyayinevi.com.tr\/index.php\/urun\/nazim-hikmetin-yolculugu-ciltli\/"},"modified":"2026-04-16T03:04:40","modified_gmt":"2026-04-16T00:04:40","slug":"nazim-hikmetin-yolculugu-ciltli","status":"publish","type":"product","link":"https:\/\/roveyayinevi.com.tr\/index.php\/urun\/nazim-hikmetin-yolculugu-ciltli\/","title":{"rendered":"Naz\u0131m Hikmet&#8217;in Yolculu\u011fu (Ciltli)"},"content":{"rendered":"<p>N\u00e2z\u0131m Hikmet, hi\u00e7 ku\u015fkusuz, bir k\u00f6yl\u00fc topra\u011f\u0131n\u0131 ve \u00f6k\u00fcz\u00fcn\u00fc, bir marangoz tahtas\u0131n\u0131 ve rendesini nas\u0131l severse \u00f6yle sevdi\u011fi T\u00fcrk\u00e7enin ve \u00e7\u0131narlar\u0131nda kolan vurdu\u011fu, hapishanelerinde yatt\u0131\u011f\u0131 memleketi T\u00fcrkiye\u2019nin s\u0131n\u0131rlar\u0131n\u0131 \u00e7oktan a\u015fm\u0131\u015f bir d\u00fcnya \u015fairi. Ba\u015fta \u201cBenim en b\u00fcy\u00fck \u015fans\u0131m N\u00e2z\u0131m Hikmet gibi bir \u015fairle ayn\u0131 \u00e7a\u011fda ya\u015fam\u0131\u015f olmakt\u0131r\u201d diyen Neruda olmak \u00fczere pek \u00e7ok \u015fair, yazar ve sanat\u00e7\u0131n\u0131n onun onuruna yaratt\u0131\u011f\u0131 eserler bunun kan\u0131t\u0131.  N\u00e2z\u0131m Hikmet hakk\u0131nda pek \u00e7ok dilde pek \u00e7ok da kitap yaz\u0131ld\u0131. N\u00e2z\u0131m Hikmet\u2019in Yolculu\u011fu da onlardan biri, ama hepsinden farkl\u0131. Haluk Oral\u2019\u0131n, koleksiyonunda yer alan belge, yay\u0131n, foto\u011fraf ve resimler \u0131\u015f\u0131\u011f\u0131nda haz\u0131rlad\u0131\u011f\u0131 bu kitap, yazar\u0131n\u0131n s\u00f6zleriyle, elbette bir \u201cN\u00e2z\u0131m Hikmet Ansiklopedisi\u201d ya da \u201cN\u00e2z\u0131m Hikmet Hakk\u0131nda Bilmek \u0130stedi\u011finiz Her \u015eey\u201d kitab\u0131 de\u011fil. Ama, N\u00e2z\u0131m Hikmet\u2019in hayat ve sanat yolculu\u011fu hakk\u0131nda bildiklerimizi \u00e7o\u011faltan, ba\u015fka bir yerde bulamayaca\u011f\u0131m\u0131z pek \u00e7ok \u00f6nemli ayr\u0131nt\u0131y\u0131 getiriyor \u00f6n\u00fcm\u00fcze.  2019\u2019da yay\u0131mland\u0131\u011f\u0131nda b\u00fcy\u00fck ilgi g\u00f6ren, k\u0131sa s\u00fcrede ikinci bask\u0131s\u0131 yap\u0131lan N\u00e2z\u0131m Hikmet\u2019in Yolculu\u011fu, bu yeni bask\u0131s\u0131nda yeni belgeler, yeni bilgiler, yeni b\u00f6l\u00fcmlerle zenginle\u015ftirildi. <\/p>\n","protected":false},"excerpt":{"rendered":"<p>N\u00e2z\u0131m Hikmet, hi\u00e7 ku\u015fkusuz, bir k\u00f6yl\u00fc topra\u011f\u0131n\u0131 ve \u00f6k\u00fcz\u00fcn\u00fc, bir marangoz tahtas\u0131n\u0131 ve rendesini nas\u0131l severse \u00f6yle sevdi\u011fi T\u00fcrk\u00e7enin ve \u00e7\u0131narlar\u0131nda kolan vurdu\u011fu, hapishanelerinde yatt\u0131\u011f\u0131 memleketi<span class=\"excerpt-hellip\"> [\u2026]<\/span><\/p>\n","protected":false},"featured_media":0,"template":"","meta":{"_monsterinsights_skip_tracking":false,"_monsterinsights_sitenote_active":false,"_monsterinsights_sitenote_note":"","_monsterinsights_sitenote_category":0},"product_brand":[],"product_cat":[14009,12291],"product_tag":[],"class_list":{"0":"post-751186","1":"product","2":"type-product","3":"status-publish","5":"product_cat-biyografi-otobiyografi-edebiyat","6":"product_cat-edebiyat","7":"pa_cilt-ciltli","8":"pa_tur-kitap","9":"pa_yayinevi-everest-yayinlari","10":"pa_yazar-haluk-oral","12":"first","13":"instock","14":"sale","15":"shipping-taxable","16":"purchasable","17":"product-type-simple"},"_links":{"self":[{"href":"https:\/\/roveyayinevi.com.tr\/index.php\/wp-json\/wp\/v2\/product\/751186","targetHints":{"allow":["GET"]}}],"collection":[{"href":"https:\/\/roveyayinevi.com.tr\/index.php\/wp-json\/wp\/v2\/product"}],"about":[{"href":"https:\/\/roveyayinevi.com.tr\/index.php\/wp-json\/wp\/v2\/types\/product"}],"wp:attachment":[{"href":"https:\/\/roveyayinevi.com.tr\/index.php\/wp-json\/wp\/v2\/media?parent=751186"}],"wp:term":[{"taxonomy":"product_brand","embeddable":true,"href":"https:\/\/roveyayinevi.com.tr\/index.php\/wp-json\/wp\/v2\/product_brand?post=751186"},{"taxonomy":"product_cat","embeddable":true,"href":"https:\/\/roveyayinevi.com.tr\/index.php\/wp-json\/wp\/v2\/product_cat?post=751186"},{"taxonomy":"product_tag","embeddable":true,"href":"https:\/\/roveyayinevi.com.tr\/index.php\/wp-json\/wp\/v2\/product_tag?post=751186"}],"curies":[{"name":"wp","href":"https:\/\/api.w.org\/{rel}","templated":true}]}}