{"id":751184,"date":"2025-08-28T04:41:51","date_gmt":"2025-08-28T01:41:51","guid":{"rendered":"https:\/\/roveyayinevi.com.tr\/index.php\/urun\/azize-euphemia-ve-istanbuldaki-kilisesi\/"},"modified":"2026-04-16T03:04:40","modified_gmt":"2026-04-16T00:04:40","slug":"azize-euphemia-ve-istanbuldaki-kilisesi","status":"publish","type":"product","link":"https:\/\/roveyayinevi.com.tr\/index.php\/urun\/azize-euphemia-ve-istanbuldaki-kilisesi\/","title":{"rendered":"Azize Euphemia ve \u0130stanbul&#8217;daki Kilisesi"},"content":{"rendered":"<p>Azize Euphemia Kilisesi, Bizans d\u00f6neminde kentin \u00f6nemli hac merkezleri aras\u0131ndad\u0131r.   Bu kitapta Euphemia\u2019n\u0131n ya\u015fam \u00f6yk\u00fcs\u00fc, Sultanahmet\u2019teki kilisenin tarihi, mimarisi, duvar resimler, yak\u0131n d\u00f6nem restorasyon ve konservasyon \u00e7al\u0131\u015fmalar\u0131 ile k\u00fc\u00e7\u00fck buluntular\u0131 ele al\u0131nmaktad\u0131r.<\/p>\n","protected":false},"excerpt":{"rendered":"<p>Azize Euphemia Kilisesi, Bizans d\u00f6neminde kentin \u00f6nemli hac merkezleri aras\u0131ndad\u0131r. Bu kitapta Euphemia\u2019n\u0131n ya\u015fam \u00f6yk\u00fcs\u00fc, Sultanahmet\u2019teki kilisenin tarihi, mimarisi, duvar resimler, yak\u0131n d\u00f6nem restorasyon ve konservasyon<span class=\"excerpt-hellip\"> [\u2026]<\/span><\/p>\n","protected":false},"featured_media":0,"template":"","meta":{"_monsterinsights_skip_tracking":false,"_monsterinsights_sitenote_active":false,"_monsterinsights_sitenote_note":"","_monsterinsights_sitenote_category":0},"product_brand":[],"product_cat":[12370,12304],"product_tag":[],"class_list":{"0":"post-751184","1":"product","2":"type-product","3":"status-publish","5":"product_cat-arastirma-inceleme","6":"product_cat-tarih","7":"pa_cilt-ciltsiz","8":"pa_tur-kitap","9":"pa_yayinevi-koc-universitesi-yayinlari","10":"pa_yazar-kolektif","12":"first","13":"instock","14":"sale","15":"shipping-taxable","16":"purchasable","17":"product-type-simple"},"_links":{"self":[{"href":"https:\/\/roveyayinevi.com.tr\/index.php\/wp-json\/wp\/v2\/product\/751184","targetHints":{"allow":["GET"]}}],"collection":[{"href":"https:\/\/roveyayinevi.com.tr\/index.php\/wp-json\/wp\/v2\/product"}],"about":[{"href":"https:\/\/roveyayinevi.com.tr\/index.php\/wp-json\/wp\/v2\/types\/product"}],"wp:attachment":[{"href":"https:\/\/roveyayinevi.com.tr\/index.php\/wp-json\/wp\/v2\/media?parent=751184"}],"wp:term":[{"taxonomy":"product_brand","embeddable":true,"href":"https:\/\/roveyayinevi.com.tr\/index.php\/wp-json\/wp\/v2\/product_brand?post=751184"},{"taxonomy":"product_cat","embeddable":true,"href":"https:\/\/roveyayinevi.com.tr\/index.php\/wp-json\/wp\/v2\/product_cat?post=751184"},{"taxonomy":"product_tag","embeddable":true,"href":"https:\/\/roveyayinevi.com.tr\/index.php\/wp-json\/wp\/v2\/product_tag?post=751184"}],"curies":[{"name":"wp","href":"https:\/\/api.w.org\/{rel}","templated":true}]}}