{"id":751182,"date":"2025-08-28T04:41:48","date_gmt":"2025-08-28T01:41:48","guid":{"rendered":"https:\/\/roveyayinevi.com.tr\/index.php\/urun\/siirlerim-2\/"},"modified":"2026-04-16T03:04:40","modified_gmt":"2026-04-16T00:04:40","slug":"siirlerim-2","status":"publish","type":"product","link":"https:\/\/roveyayinevi.com.tr\/index.php\/urun\/siirlerim-2\/","title":{"rendered":"\u015eiirlerim"},"content":{"rendered":"<p>A\u015eK SER\u00dcVEN\u0130M   Hasretin kor gibi Yak\u0131yor i\u00e7imi cay\u0131r cay\u0131r, \u0130\u00e7imde ne f\u0131rt\u0131nalar kopuyor, Bir bilsen\u2026 Senin i\u00e7in deli divane oldum, Akan g\u00f6zya\u015flar\u0131m\u0131, Bir silsen\u2026 Ben d\u00fc\u015ft\u00fcm a\u015fka, Bu \u00e7ileli a\u015fk\u0131n bamba\u015fka\u2026   Bu i\u015fkence, bu ne zul\u00fcm, G\u00f6zlerinden ak\u0131tt\u0131\u011f\u0131m ya\u015flar\u0131n \u00d6c\u00fcn\u00fc m\u00fc al\u0131yorsun? Yoksa can\u0131ma kast\u0131n m\u0131 var? A\u015fk; sevgi, sayg\u0131, ihtiras, \u015fefkat ve tutkudur. Ben d\u00fc\u015ft\u00fcm a\u015fka, Bu \u00e7ileli a\u015fk\u0131n bamba\u015fka\u2026 <\/p>\n","protected":false},"excerpt":{"rendered":"<p>A\u015eK SER\u00dcVEN\u0130M Hasretin kor gibi Yak\u0131yor i\u00e7imi cay\u0131r cay\u0131r, \u0130\u00e7imde ne f\u0131rt\u0131nalar kopuyor, Bir bilsen\u2026 Senin i\u00e7in deli divane oldum, Akan g\u00f6zya\u015flar\u0131m\u0131, Bir silsen\u2026 Ben d\u00fc\u015ft\u00fcm<span class=\"excerpt-hellip\"> [\u2026]<\/span><\/p>\n","protected":false},"featured_media":0,"template":"","meta":{"_monsterinsights_skip_tracking":false,"_monsterinsights_sitenote_active":false,"_monsterinsights_sitenote_note":"","_monsterinsights_sitenote_category":0},"product_brand":[],"product_cat":[12291,12509],"product_tag":[],"class_list":{"0":"post-751182","1":"product","2":"type-product","3":"status-publish","5":"product_cat-edebiyat","6":"product_cat-siir","7":"pa_cilt-ciltsiz","8":"pa_tur-kitap","9":"pa_yayinevi-gulnar-yayinlari","10":"pa_yazar-semsettin-kuzeci","12":"first","13":"instock","14":"sale","15":"shipping-taxable","16":"purchasable","17":"product-type-simple"},"_links":{"self":[{"href":"https:\/\/roveyayinevi.com.tr\/index.php\/wp-json\/wp\/v2\/product\/751182","targetHints":{"allow":["GET"]}}],"collection":[{"href":"https:\/\/roveyayinevi.com.tr\/index.php\/wp-json\/wp\/v2\/product"}],"about":[{"href":"https:\/\/roveyayinevi.com.tr\/index.php\/wp-json\/wp\/v2\/types\/product"}],"wp:attachment":[{"href":"https:\/\/roveyayinevi.com.tr\/index.php\/wp-json\/wp\/v2\/media?parent=751182"}],"wp:term":[{"taxonomy":"product_brand","embeddable":true,"href":"https:\/\/roveyayinevi.com.tr\/index.php\/wp-json\/wp\/v2\/product_brand?post=751182"},{"taxonomy":"product_cat","embeddable":true,"href":"https:\/\/roveyayinevi.com.tr\/index.php\/wp-json\/wp\/v2\/product_cat?post=751182"},{"taxonomy":"product_tag","embeddable":true,"href":"https:\/\/roveyayinevi.com.tr\/index.php\/wp-json\/wp\/v2\/product_tag?post=751182"}],"curies":[{"name":"wp","href":"https:\/\/api.w.org\/{rel}","templated":true}]}}