{"id":751181,"date":"2025-08-28T04:41:46","date_gmt":"2025-08-28T01:41:46","guid":{"rendered":"https:\/\/roveyayinevi.com.tr\/index.php\/urun\/kalbimin-sesinden-siirler\/"},"modified":"2026-04-16T03:04:40","modified_gmt":"2026-04-16T00:04:40","slug":"kalbimin-sesinden-siirler","status":"publish","type":"product","link":"https:\/\/roveyayinevi.com.tr\/index.php\/urun\/kalbimin-sesinden-siirler\/","title":{"rendered":"Kalbimin Sesinden \u015eiirler"},"content":{"rendered":"<p>\u00c7arpan kalbime bak sevgilim, Akan kanl\u0131 g\u00f6zya\u015flar\u0131ma bak, Bana neden reva g\u00f6rd\u00fcn bu ac\u0131y\u0131, A\u015fk\u0131n\u0131n verdi\u011fi \u0131zd\u0131raba bak.   Kalbim k\u0131r\u0131k, g\u00f6nl\u00fcm buruk sana, Ne s\u00f6ylesem, nas\u0131l kendimi anlatsam sana, Musalla ta\u015f\u0131nda m\u0131 sar\u0131lacaks\u0131n bana, Kabirde mi sonlanacak a\u015fk\u0131m sana.   Bu s\u00f6zlerim yetmez mi g\u00fcl\u00fcm sana, Her \u015feyimi kalbimle anlatt\u0131m sana, Musalla ta\u015f\u0131nda m\u0131 sar\u0131lacaks\u0131n bana, Kabirde mi sonlanacak a\u015fk\u0131m sana <\/p>\n","protected":false},"excerpt":{"rendered":"<p>\u00c7arpan kalbime bak sevgilim, Akan kanl\u0131 g\u00f6zya\u015flar\u0131ma bak, Bana neden reva g\u00f6rd\u00fcn bu ac\u0131y\u0131, A\u015fk\u0131n\u0131n verdi\u011fi \u0131zd\u0131raba bak. Kalbim k\u0131r\u0131k, g\u00f6nl\u00fcm buruk sana, Ne s\u00f6ylesem, nas\u0131l<span class=\"excerpt-hellip\"> [\u2026]<\/span><\/p>\n","protected":false},"featured_media":0,"template":"","meta":{"_monsterinsights_skip_tracking":false,"_monsterinsights_sitenote_active":false,"_monsterinsights_sitenote_note":"","_monsterinsights_sitenote_category":0},"product_brand":[],"product_cat":[12291,12509],"product_tag":[],"class_list":{"0":"post-751181","1":"product","2":"type-product","3":"status-publish","5":"product_cat-edebiyat","6":"product_cat-siir","7":"pa_cilt-ciltsiz","8":"pa_tur-kitap","9":"pa_yayinevi-gulnar-yayinlari","10":"pa_yazar-mahmut-sentut","12":"first","13":"instock","14":"sale","15":"shipping-taxable","16":"purchasable","17":"product-type-simple"},"_links":{"self":[{"href":"https:\/\/roveyayinevi.com.tr\/index.php\/wp-json\/wp\/v2\/product\/751181","targetHints":{"allow":["GET"]}}],"collection":[{"href":"https:\/\/roveyayinevi.com.tr\/index.php\/wp-json\/wp\/v2\/product"}],"about":[{"href":"https:\/\/roveyayinevi.com.tr\/index.php\/wp-json\/wp\/v2\/types\/product"}],"wp:attachment":[{"href":"https:\/\/roveyayinevi.com.tr\/index.php\/wp-json\/wp\/v2\/media?parent=751181"}],"wp:term":[{"taxonomy":"product_brand","embeddable":true,"href":"https:\/\/roveyayinevi.com.tr\/index.php\/wp-json\/wp\/v2\/product_brand?post=751181"},{"taxonomy":"product_cat","embeddable":true,"href":"https:\/\/roveyayinevi.com.tr\/index.php\/wp-json\/wp\/v2\/product_cat?post=751181"},{"taxonomy":"product_tag","embeddable":true,"href":"https:\/\/roveyayinevi.com.tr\/index.php\/wp-json\/wp\/v2\/product_tag?post=751181"}],"curies":[{"name":"wp","href":"https:\/\/api.w.org\/{rel}","templated":true}]}}